{"id":192,"date":"2013-03-27T14:39:42","date_gmt":"2013-03-27T17:39:25","guid":{"rendered":"https:\/\/wp.ufpel.edu.br\/weit\/?page_id=192"},"modified":"2013-09-24T10:48:33","modified_gmt":"2013-09-24T13:48:33","slug":"artigos-aceitos","status":"publish","type":"page","link":"https:\/\/wp.ufpel.edu.br\/weit\/weit2013\/programacao\/artigos-aceitos\/","title":{"rendered":"Artigos Aceitos"},"content":{"rendered":"<p>1) <strong>A Complexidade Computacional das Vari\u00e1veis Aleat\u00f3rias com Distribui\u00e7\u00f5es Uniforme, Exponencial e Pareto nas Formas Real e Intervalar<\/strong> \u2013 Alice F. Finger, Aline B. Loreto, Vin\u00edcius S. Furlan<\/p>\n<p>2) <strong>Applying a Method to Extend Lattice-valued QL-implications<\/strong> \u2013 Eduardo Palmeira, Benjamin Bedregal<\/p>\n<p>3) <strong>Automatic Translation from UML to Simulink CAAM<\/strong> \u2013 Andrei Costa, Vin\u00edcius Pazzini, Luciana Foss, Simone A. C. Cavalheiro, Lisane B. de Brisolara, Fl\u00e1vio R. Wagner<\/p>\n<p>4) <strong>Especifica\u00e7\u00e3o de modelos baseados em contextos atrav\u00e9s de Gram\u00e1tica de Grafos<\/strong> \u2013 Marcos A. Oliveira Jr., Leila Ribeiro, Lucio Mauro Duarte, Erika Cota<\/p>\n<p>5) <strong>Fuzzy f-Xor Class and dual Constructions<\/strong> \u2013 Rosana M. Zanotelli, Renata H. Reiser, Simone Cavalheiro, Luciana Foss<\/p>\n<p>6) <strong>Fuzzy implications obtained by n-ary aggregation operators<\/strong> \u2013 \u00cdbero Ben\u00edtez, Renata Reiser, Adenauer Yamin, Benjamin Bedregal<\/p>\n<p>7) <strong>Fuzzy \u03b1-Ideals of Product on Bounded Fuzzy Lattices<\/strong> \u2013 Ivan Mezzomo, Benjam\u00edn Bedregal, Regivan H. N. Santiago, Renata H.S. Reiser<\/p>\n<p>8) <strong>Modelagem em Programa\u00e7\u00e3o Linear para Resolu\u00e7\u00e3o de Jogos Fuzzy<\/strong> \u2013 Stephanie Loi Bri\u00e3o, Gra\u00e7aliz Pereira Dimuro, Catia Maria dos Santos Machado<\/p>\n<p>9) <strong>N-GRAPHML: Gram\u00e1tica e Linguagem para Representa\u00e7\u00e3o de Grafos-de-Prova<\/strong> \u2013 Daniel Vaz dos Santos, Gleifer Vaz Alves<\/p>\n<p>10) <strong>Notes On Fuzzy S-X(N)Or Connectives<\/strong> \u2013 Diego P. Jaccottet, Renata H. Reiser, Adenauer Yamin, Benjam\u00edn Bedregal<\/p>\n<p>11) <strong>Obtendo a qualidade de uma parti\u00e7\u00e3o com o Adjusted Rand Index<\/strong> \u2013 Rog\u00e9rio R. de Vargas, Benjam\u00edn R. C. Bedregal<\/p>\n<p>12) <strong>Otimiza\u00e7\u00f5es na Biblioteca Int-Haar Para Aumento de Exatid\u00e3o de C\u00e1lculo<\/strong> \u2013 Vin\u00edcius R. dos Santos, Maur\u00edcio Pilla, Renata Reiser, Alice Kozakevicius<\/p>\n<p>13) <strong>Parallel Algorithm for the HP Protein Folding Problem<\/strong> \u2013 Matheus M. dos Santos, Maur\u00edcio G. Goulart, Giovana J. Gelatti, Karina S. Machado, Adriano V. Werhli, Odorico M. Mendizabal<\/p>\n<p>14) <strong>Proposta de Aloca\u00e7\u00e3o de Redes Virtuais Baseada em DCOP<\/strong> \u2013 Alexander R. Gularte, Odorico Machado Mendizabal, Raquel de Miranda Barbosa, Diana Francisca Adamatti<\/p>\n<p>15) <strong>Quantum Monad using Java Closures<\/strong> \u2013 Bruno Crestani Calegaro, Juliana Kaiser Vizzotto<\/p>\n<p>16) <strong>Simulating the Quantum Fourier Transform<\/strong> \u2013 Francisco Revson F. Pereira, Ello\u00e1 B. Guedes, Francisco M. de Assis<\/p>\n<p>17) <strong>Toward a Formal Reconstruction of Kelsen\u2019s Theory of Legal Systems<\/strong> \u2013 Ant\u00f4nio Carlos da Rocha Costa<\/p>\n<p>18) <strong>Towards aggregating fuzzy s-Xor connectives<\/strong> \u2013 Alexandre Lemke, Renata Reiser, Andr\u00e9 Du Bois, Maur\u00edcio Pilla<\/p>\n<p>19) <strong>Towards the use of Proof Tactics for Theorem Proving Graph Grammars through Rodin<\/strong> \u2013 Luiz Carlos Lemos Junior, Simone Andre\u0301 da Costa Cavalheiro, Luciana Foss<\/p>\n<p>20) <strong>Uma discuss\u00e3o introdut\u00f3ria sobre os desafios e as necessidades \u00e0 implementa\u00e7\u00e3o do Pensamento Computacional no ensino fundamental e m\u00e9dio no Brasil<\/strong> \u2013 Tain\u00e3 Carvalho, Daiane Andrade, Jayne Silveira, Simone Cavalheiro, Marilton Aguiar, Luciana Foss, Ana Marilza Fleischmann, Renata Reiser<\/p>\n<p>21) <strong>Uma Linguagem de Dom\u00ednio Espec\u00edfico Baseada em M\u00f4nadas para Transa\u00e7\u00f5es Distribu\u00eddas em Java<\/strong> \u2013 Jer\u00f4nimo da Cunha Ramos, Andr\u00e9 Rauber Du Bois, Maur\u00edcio Lima Pilla<\/p>\n<p>22) <strong>Uma nova forma de obter os centroides iniciais dos grupos no algoritmo Fuzzy C-Means<\/strong> \u2013 Helo\u00edna Alves Arnaldo, Benjam\u00edn R. C. Bedregal<\/p>\n<p>23) <strong>Using Graph Grammars to specify populational level of Multi-Agent System Organizations<\/strong> \u2013 Andr\u00e9 Moura de Mello, Luciana Foss, Simone A. da Costa Cavalheiro<\/p>\n<p>24) <strong>Validando a Biblioteca qGMc-Analyzer para Simula\u00e7\u00e3o em Arquiteturas Multicore<\/strong> \u2013 Murilo F. Schmalfuss, Renata H. S. Reiser, Maur\u00edcio L. Pilla<\/p>\n<p>25) <strong>Verifica\u00e7\u00e3o Epist\u00eamico-Temporal via Tradu\u00e7\u00e3o<\/strong> \u2013 Thiago Coelho Vieira, Cla\u0301udia Nalon<\/p>\n","protected":false},"excerpt":{"rendered":"<p>1) A Complexidade Computacional das Vari\u00e1veis Aleat\u00f3rias com Distribui\u00e7\u00f5es Uniforme, Exponencial e Pareto nas Formas Real e Intervalar \u2013 Alice F. Finger, Aline B. Loreto, Vin\u00edcius S. Furlan 2) Applying a Method to Extend Lattice-valued QL-implications \u2013 Eduardo Palmeira, Benjamin Bedregal 3) Automatic Translation from UML to Simulink CAAM \u2013 Andrei Costa, Vin\u00edcius Pazzini, Luciana [&hellip;]<\/p>\n","protected":false},"author":234,"featured_media":0,"parent":86,"menu_order":5,"comment_status":"closed","ping_status":"closed","template":"","meta":{"footnotes":""},"class_list":["post-192","page","type-page","status-publish","hentry"],"_links":{"self":[{"href":"https:\/\/wp.ufpel.edu.br\/weit\/wp-json\/wp\/v2\/pages\/192","targetHints":{"allow":["GET"]}}],"collection":[{"href":"https:\/\/wp.ufpel.edu.br\/weit\/wp-json\/wp\/v2\/pages"}],"about":[{"href":"https:\/\/wp.ufpel.edu.br\/weit\/wp-json\/wp\/v2\/types\/page"}],"author":[{"embeddable":true,"href":"https:\/\/wp.ufpel.edu.br\/weit\/wp-json\/wp\/v2\/users\/234"}],"replies":[{"embeddable":true,"href":"https:\/\/wp.ufpel.edu.br\/weit\/wp-json\/wp\/v2\/comments?post=192"}],"version-history":[{"count":6,"href":"https:\/\/wp.ufpel.edu.br\/weit\/wp-json\/wp\/v2\/pages\/192\/revisions"}],"predecessor-version":[{"id":465,"href":"https:\/\/wp.ufpel.edu.br\/weit\/wp-json\/wp\/v2\/pages\/192\/revisions\/465"}],"up":[{"embeddable":true,"href":"https:\/\/wp.ufpel.edu.br\/weit\/wp-json\/wp\/v2\/pages\/86"}],"wp:attachment":[{"href":"https:\/\/wp.ufpel.edu.br\/weit\/wp-json\/wp\/v2\/media?parent=192"}],"curies":[{"name":"wp","href":"https:\/\/api.w.org\/{rel}","templated":true}]}}