{"id":12,"date":"2013-01-12T09:37:39","date_gmt":"2013-01-12T11:37:39","guid":{"rendered":"https:\/\/wp.ufpel.edu.br\/weit\/?page_id=12"},"modified":"2019-06-06T19:22:53","modified_gmt":"2019-06-06T22:22:53","slug":"weit2013","status":"publish","type":"page","link":"https:\/\/wp.ufpel.edu.br\/weit\/","title":{"rendered":"WEIT 2013"},"content":{"rendered":"<h3><strong><a href=\"https:\/\/wp.ufpel.edu.br\/weit\/files\/2019\/06\/banner-site.png\"><img loading=\"lazy\" decoding=\"async\" class=\"size-large wp-image-589 aligncenter\" src=\"https:\/\/wp.ufpel.edu.br\/weit\/files\/2019\/06\/banner-site-984x220.png\" alt=\"\" width=\"660\" height=\"148\" \/><\/a><\/strong><\/h3>\n<h3><strong>Rio Grande &#8211; Rio Grande do Sul &#8211; Brasil<br \/>\n15-17 Outubro de 2013<\/strong><\/h3>\n<p>O\u00a0<strong>Workshop-Escola de Inform\u00e1tica Te\u00f3rica \u2013 WEIT \u00a02013<\/strong>\u00a0\u00e9 uma promo\u00e7\u00e3o conjunta da Universidade Federal do Rio Grande (FURG),\u00a0 Universidade Federal de Pelotas (UFPEL) e da Universidade Federal do Rio Grande do Sul (UFRGS), atrav\u00e9s dos seus programas de P\u00f3s-Gradua\u00e7\u00e3o\u00a0em Computa\u00e7\u00e3o (<a href=\"http:\/\/ppgcomp.c3.furg.br\/\" target=\"_blank\" rel=\"noopener noreferrer\">PPGComp-FURG<\/a>, <a href=\"http:\/\/ppgc.ufpel.edu.br\/\" target=\"_blank\" rel=\"noopener noreferrer\">PPGC-UFPEL<\/a> e <a href=\"http:\/\/ppgc.inf.ufrgs.br\/\" target=\"_blank\" rel=\"noopener noreferrer\">PPGC-UFRGS<\/a>, respectivamente), que tem por objetivo divulgar e promover aspectos te\u00f3ricos da computa\u00e7\u00e3o, procurando congregar estudantes e pesquisadores, aproximando-os atrav\u00e9s de dois tipos de atividades:<\/p>\n<ul>\n<li>a parte Escola. que visa oferecer cursos e tutoriais para estudantes de gradua\u00e7\u00e3o e p\u00f3s-gradua\u00e7\u00e3o;<\/li>\n<li>a parte Workshop, que oferecer\u00e1 tanto palestras convidadas de pesquisadores qualificados na \u00e1rea, assim como abrir\u00e1 espa\u00e7o para submiss\u00e3o de trabalhos t\u00e9cnicos de pesquisa de estudantes e pesquisadores.<\/li>\n<\/ul>\n<h3><strong>P\u00fablico Alvo:<\/strong><\/h3>\n<p>Acad\u00eamicos de gradua\u00e7\u00e3o e p\u00f3s-gradua\u00e7\u00e3o, professores e profissionais da \u00e1rea de Ci\u00eancia da Computa\u00e7\u00e3o e \u00e1reas afins.<\/p>\n<h3><strong>Local do Evento:<\/strong><\/h3>\n<p>Centro de Conven\u00e7\u00f5es do CIDEC-SUL\/FURG (Centro Integrado de Desenvolvimento do Ecossistema Costeiro do Extremo Sul), localizado em:<\/p>\n<p>CIDEC-SUL, Universidade Federal do Rio Grande-FURG<br \/>\nAv. It\u00e1lia km 8, Campus Carreiros<br \/>\n96201-900 &#8211; Rio Grande, RS, Brasil<\/p>\n","protected":false},"excerpt":{"rendered":"<p>Rio Grande &#8211; Rio Grande do Sul &#8211; Brasil 15-17 Outubro de 2013 O\u00a0Workshop-Escola de Inform\u00e1tica Te\u00f3rica \u2013 WEIT \u00a02013\u00a0\u00e9 uma promo\u00e7\u00e3o conjunta da Universidade Federal do Rio Grande (FURG),\u00a0 Universidade Federal de Pelotas (UFPEL) e da Universidade Federal do Rio Grande do Sul (UFRGS), atrav\u00e9s dos seus programas de P\u00f3s-Gradua\u00e7\u00e3o\u00a0em Computa\u00e7\u00e3o (PPGComp-FURG, PPGC-UFPEL e [&hellip;]<\/p>\n","protected":false},"author":234,"featured_media":0,"parent":0,"menu_order":0,"comment_status":"closed","ping_status":"closed","template":"","meta":{"footnotes":""},"class_list":["post-12","page","type-page","status-publish","hentry"],"_links":{"self":[{"href":"https:\/\/wp.ufpel.edu.br\/weit\/wp-json\/wp\/v2\/pages\/12","targetHints":{"allow":["GET"]}}],"collection":[{"href":"https:\/\/wp.ufpel.edu.br\/weit\/wp-json\/wp\/v2\/pages"}],"about":[{"href":"https:\/\/wp.ufpel.edu.br\/weit\/wp-json\/wp\/v2\/types\/page"}],"author":[{"embeddable":true,"href":"https:\/\/wp.ufpel.edu.br\/weit\/wp-json\/wp\/v2\/users\/234"}],"replies":[{"embeddable":true,"href":"https:\/\/wp.ufpel.edu.br\/weit\/wp-json\/wp\/v2\/comments?post=12"}],"version-history":[{"count":36,"href":"https:\/\/wp.ufpel.edu.br\/weit\/wp-json\/wp\/v2\/pages\/12\/revisions"}],"predecessor-version":[{"id":710,"href":"https:\/\/wp.ufpel.edu.br\/weit\/wp-json\/wp\/v2\/pages\/12\/revisions\/710"}],"wp:attachment":[{"href":"https:\/\/wp.ufpel.edu.br\/weit\/wp-json\/wp\/v2\/media?parent=12"}],"curies":[{"name":"wp","href":"https:\/\/api.w.org\/{rel}","templated":true}]}}