{"id":75,"date":"2016-09-08T15:55:44","date_gmt":"2016-09-08T18:55:44","guid":{"rendered":"https:\/\/wp.ufpel.edu.br\/wcem\/?page_id=75"},"modified":"2018-10-08T08:55:09","modified_gmt":"2018-10-08T11:55:09","slug":"instrucoes-para-preparacao-de-posters","status":"publish","type":"page","link":"https:\/\/wp.ufpel.edu.br\/wcem\/instrucoes-para-preparacao-de-posters\/","title":{"rendered":"Instru\u00e7\u00f5es para os autores"},"content":{"rendered":"<p style=\"text-align: justify\">Os autores poder\u00e3o optar por enviar seu trabalhos na forma de <strong>Resumo Expandido<\/strong> ou na forma de <strong>artigo cient\u00edfico para publica\u00e7\u00e3o na Revista Brasileira de Engenharia e Sustentabilidade <\/strong>(escolher um ou o outro)<strong>.<\/strong><\/p>\n<p><strong>Os resumos expandidos dever\u00e3o ser enviados para o e-mail:\u00a0wcemufpel@gmail.com<\/strong><\/p>\n<p style=\"text-align: justify\">Para publica\u00e7\u00e3o de <strong>Resumo Expandido<\/strong> utilizar modelo abaixo:<\/p>\n<p style=\"text-align: justify\"><a href=\"https:\/\/wp.ufpel.edu.br\/wcem\/files\/2018\/09\/Modelo-Resumo-Expandido.docx\">Modelo-Resumo-Expandido<\/a><\/p>\n<p>&nbsp;<\/p>\n<p style=\"text-align: justify\">Para publica\u00e7\u00e3o na <strong>RBES<\/strong> os artigos dever\u00e3o seguir os padr\u00f5es da revista e a submiss\u00e3o dever\u00e1 ser realizada diretamente no site da revista.\u00a0Para se informar consulte a p\u00e1gina na web da revista em:\u00a0<a href=\"https:\/\/periodicos.ufpel.edu.br\/ojs2\/index.php\/RBES\">https:\/\/periodicos.ufpel.edu.br\/ojs2\/index.php\/RBES<\/a><\/p>\n<p>&nbsp;<\/p>\n<p style=\"text-align: justify\"><strong>Template sugerido para o P\u00f4ster<\/strong><\/p>\n<p style=\"text-align: justify\"><span style=\"font-size: 12pt\">Segue abaixo o template\u00a0sugerido (n\u00e3o obrigat\u00f3rio) para apresenta\u00e7\u00e3o do p\u00f4ster &#8211; Medidas 80cm x 100cm.<\/span><\/p>\n<p style=\"text-align: justify\"><a href=\"https:\/\/wp.ufpel.edu.br\/wcem\/files\/2018\/10\/Modelo_poster.pptx\">Modelo_poster<\/a><\/p>\n<p style=\"text-align: justify\"><span style=\"font-size: 12pt\">Todo material necess\u00e1rio para a fixa\u00e7\u00e3o dos p\u00f4steres ser\u00e1 de responsabilidade do autor apresentador (sugerimos trazer o material necess\u00e1rio, como fita adesiva, tesoura, etc).<\/span><\/p>\n<p>&nbsp;<\/p>\n","protected":false},"excerpt":{"rendered":"<p>Os autores poder\u00e3o optar por enviar seu trabalhos na forma de Resumo Expandido ou na forma de artigo cient\u00edfico para publica\u00e7\u00e3o na Revista Brasileira de Engenharia e Sustentabilidade (escolher um ou o outro). Os resumos expandidos dever\u00e3o ser enviados para o e-mail:\u00a0wcemufpel@gmail.com Para publica\u00e7\u00e3o de Resumo Expandido utilizar modelo abaixo: Modelo-Resumo-Expandido &nbsp; Para publica\u00e7\u00e3o na [&hellip;]<\/p>\n","protected":false},"author":694,"featured_media":0,"parent":0,"menu_order":2,"comment_status":"closed","ping_status":"closed","template":"","meta":{"footnotes":""},"class_list":["post-75","page","type-page","status-publish","hentry"],"_links":{"self":[{"href":"https:\/\/wp.ufpel.edu.br\/wcem\/wp-json\/wp\/v2\/pages\/75","targetHints":{"allow":["GET"]}}],"collection":[{"href":"https:\/\/wp.ufpel.edu.br\/wcem\/wp-json\/wp\/v2\/pages"}],"about":[{"href":"https:\/\/wp.ufpel.edu.br\/wcem\/wp-json\/wp\/v2\/types\/page"}],"author":[{"embeddable":true,"href":"https:\/\/wp.ufpel.edu.br\/wcem\/wp-json\/wp\/v2\/users\/694"}],"replies":[{"embeddable":true,"href":"https:\/\/wp.ufpel.edu.br\/wcem\/wp-json\/wp\/v2\/comments?post=75"}],"version-history":[{"count":15,"href":"https:\/\/wp.ufpel.edu.br\/wcem\/wp-json\/wp\/v2\/pages\/75\/revisions"}],"predecessor-version":[{"id":471,"href":"https:\/\/wp.ufpel.edu.br\/wcem\/wp-json\/wp\/v2\/pages\/75\/revisions\/471"}],"wp:attachment":[{"href":"https:\/\/wp.ufpel.edu.br\/wcem\/wp-json\/wp\/v2\/media?parent=75"}],"curies":[{"name":"wp","href":"https:\/\/api.w.org\/{rel}","templated":true}]}}