{"id":69,"date":"2016-09-08T15:45:22","date_gmt":"2016-09-08T18:45:22","guid":{"rendered":"https:\/\/wp.ufpel.edu.br\/wcem\/?page_id=69"},"modified":"2018-07-09T19:51:14","modified_gmt":"2018-07-09T22:51:14","slug":"publico-alvo","status":"publish","type":"page","link":"https:\/\/wp.ufpel.edu.br\/wcem\/home\/publico-alvo\/","title":{"rendered":"P\u00fablico Alvo"},"content":{"rendered":"<p style=\"text-align: justify\">Estudantes dos cursos de gradua\u00e7\u00e3o em Engenharia de Materiais e \u00e1reas afins, e estudantes de p\u00f3s-gradua\u00e7\u00e3o dos cursos de Mestrado e Doutorado do PPGCEM, bem como estudantes de gradua\u00e7\u00e3o e p\u00f3s-gradua\u00e7\u00e3o de outros cursos da UFPel, da Universidade Federal do Rio Grande (FURG), Universidade Federal do Pampa (Unipampa), Institutos Federais de Pelotas, Rio Grande, entre outras institui\u00e7\u00f5es. Ainda, a participa\u00e7\u00e3o de representantes de empresas regionais ser\u00e1 imprescind\u00edvel.<\/p>\n","protected":false},"excerpt":{"rendered":"<p>Estudantes dos cursos de gradua\u00e7\u00e3o em Engenharia de Materiais e \u00e1reas afins, e estudantes de p\u00f3s-gradua\u00e7\u00e3o dos cursos de Mestrado e Doutorado do PPGCEM, bem como estudantes de gradua\u00e7\u00e3o e p\u00f3s-gradua\u00e7\u00e3o de outros cursos da UFPel, da Universidade Federal do Rio Grande (FURG), Universidade Federal do Pampa (Unipampa), Institutos Federais de Pelotas, Rio Grande, entre [&hellip;]<\/p>\n","protected":false},"author":694,"featured_media":0,"parent":15,"menu_order":2,"comment_status":"closed","ping_status":"closed","template":"","meta":{"footnotes":""},"class_list":["post-69","page","type-page","status-publish","hentry"],"_links":{"self":[{"href":"https:\/\/wp.ufpel.edu.br\/wcem\/wp-json\/wp\/v2\/pages\/69","targetHints":{"allow":["GET"]}}],"collection":[{"href":"https:\/\/wp.ufpel.edu.br\/wcem\/wp-json\/wp\/v2\/pages"}],"about":[{"href":"https:\/\/wp.ufpel.edu.br\/wcem\/wp-json\/wp\/v2\/types\/page"}],"author":[{"embeddable":true,"href":"https:\/\/wp.ufpel.edu.br\/wcem\/wp-json\/wp\/v2\/users\/694"}],"replies":[{"embeddable":true,"href":"https:\/\/wp.ufpel.edu.br\/wcem\/wp-json\/wp\/v2\/comments?post=69"}],"version-history":[{"count":2,"href":"https:\/\/wp.ufpel.edu.br\/wcem\/wp-json\/wp\/v2\/pages\/69\/revisions"}],"predecessor-version":[{"id":315,"href":"https:\/\/wp.ufpel.edu.br\/wcem\/wp-json\/wp\/v2\/pages\/69\/revisions\/315"}],"up":[{"embeddable":true,"href":"https:\/\/wp.ufpel.edu.br\/wcem\/wp-json\/wp\/v2\/pages\/15"}],"wp:attachment":[{"href":"https:\/\/wp.ufpel.edu.br\/wcem\/wp-json\/wp\/v2\/media?parent=69"}],"curies":[{"name":"wp","href":"https:\/\/api.w.org\/{rel}","templated":true}]}}