{"id":66,"date":"2016-09-08T15:44:40","date_gmt":"2016-09-08T18:44:40","guid":{"rendered":"https:\/\/wp.ufpel.edu.br\/wcem\/?page_id=66"},"modified":"2018-07-09T19:48:51","modified_gmt":"2018-07-09T22:48:51","slug":"objetivos","status":"publish","type":"page","link":"https:\/\/wp.ufpel.edu.br\/wcem\/home\/objetivos\/","title":{"rendered":"Objetivos"},"content":{"rendered":"<p style=\"text-align: justify\">O evento tem como objetivo principal propiciar aos estudantes dos cursos de gradua\u00e7\u00e3o em Engenharia de Materiais e estudantes de p\u00f3s-gradua\u00e7\u00e3o dos cursos de Mestrado e Doutorado do PPGCEM, bem como a toda comunidade de ci\u00eancia e tecnologia de materiais da regi\u00e3o,\u00a0a interdisciplinaridade,\u00a0abordando temas que satisfazem o p\u00fablico das mais diversas \u00e1reas de\u00a0conhecimento e promovendo uma expans\u00e3o e troca de conhecimento aos envolvidos.<\/p>\n<p style=\"text-align: justify\">A realiza\u00e7\u00e3o deste evento integrado busca, tamb\u00e9m, apresentar aos profissionais e estudantes os diferentes campos de atua\u00e7\u00e3o da Ci\u00eancia e Engenharia de Materiais bem como as tend\u00eancias e inova\u00e7\u00f5es nesta \u00e1rea, e, por fim, pretende aproximar o setor industrial da regi\u00e3o com o meio acad\u00eamico.<\/p>\n","protected":false},"excerpt":{"rendered":"<p>O evento tem como objetivo principal propiciar aos estudantes dos cursos de gradua\u00e7\u00e3o em Engenharia de Materiais e estudantes de p\u00f3s-gradua\u00e7\u00e3o dos cursos de Mestrado e Doutorado do PPGCEM, bem como a toda comunidade de ci\u00eancia e tecnologia de materiais da regi\u00e3o,\u00a0a interdisciplinaridade,\u00a0abordando temas que satisfazem o p\u00fablico das mais diversas \u00e1reas de\u00a0conhecimento e promovendo [&hellip;]<\/p>\n","protected":false},"author":694,"featured_media":0,"parent":15,"menu_order":0,"comment_status":"closed","ping_status":"closed","template":"","meta":{"footnotes":""},"class_list":["post-66","page","type-page","status-publish","hentry"],"_links":{"self":[{"href":"https:\/\/wp.ufpel.edu.br\/wcem\/wp-json\/wp\/v2\/pages\/66","targetHints":{"allow":["GET"]}}],"collection":[{"href":"https:\/\/wp.ufpel.edu.br\/wcem\/wp-json\/wp\/v2\/pages"}],"about":[{"href":"https:\/\/wp.ufpel.edu.br\/wcem\/wp-json\/wp\/v2\/types\/page"}],"author":[{"embeddable":true,"href":"https:\/\/wp.ufpel.edu.br\/wcem\/wp-json\/wp\/v2\/users\/694"}],"replies":[{"embeddable":true,"href":"https:\/\/wp.ufpel.edu.br\/wcem\/wp-json\/wp\/v2\/comments?post=66"}],"version-history":[{"count":4,"href":"https:\/\/wp.ufpel.edu.br\/wcem\/wp-json\/wp\/v2\/pages\/66\/revisions"}],"predecessor-version":[{"id":313,"href":"https:\/\/wp.ufpel.edu.br\/wcem\/wp-json\/wp\/v2\/pages\/66\/revisions\/313"}],"up":[{"embeddable":true,"href":"https:\/\/wp.ufpel.edu.br\/wcem\/wp-json\/wp\/v2\/pages\/15"}],"wp:attachment":[{"href":"https:\/\/wp.ufpel.edu.br\/wcem\/wp-json\/wp\/v2\/media?parent=66"}],"curies":[{"name":"wp","href":"https:\/\/api.w.org\/{rel}","templated":true}]}}