{"id":55,"date":"2016-09-08T15:36:43","date_gmt":"2016-09-08T18:36:43","guid":{"rendered":"https:\/\/wp.ufpel.edu.br\/wcem\/?page_id=55"},"modified":"2018-08-30T19:56:14","modified_gmt":"2018-08-30T22:56:14","slug":"local","status":"publish","type":"page","link":"https:\/\/wp.ufpel.edu.br\/wcem\/local\/","title":{"rendered":"Local"},"content":{"rendered":"<p>O evento ocorrer\u00e1 no Audit\u00f3rio do Campus CEHUS.<\/p>\n<p>Endere\u00e7o: Coronel Alberto Rosa 154, Pelotas &#8211; RS. (em frente ao ICH)<\/p>\n<p>&nbsp;<\/p>\n","protected":false},"excerpt":{"rendered":"<p>O evento ocorrer\u00e1 no Audit\u00f3rio do Campus CEHUS. Endere\u00e7o: Coronel Alberto Rosa 154, Pelotas &#8211; RS. (em frente ao ICH) &nbsp;<\/p>\n","protected":false},"author":694,"featured_media":0,"parent":0,"menu_order":5,"comment_status":"closed","ping_status":"closed","template":"","meta":{"footnotes":""},"class_list":["post-55","page","type-page","status-publish","hentry"],"_links":{"self":[{"href":"https:\/\/wp.ufpel.edu.br\/wcem\/wp-json\/wp\/v2\/pages\/55","targetHints":{"allow":["GET"]}}],"collection":[{"href":"https:\/\/wp.ufpel.edu.br\/wcem\/wp-json\/wp\/v2\/pages"}],"about":[{"href":"https:\/\/wp.ufpel.edu.br\/wcem\/wp-json\/wp\/v2\/types\/page"}],"author":[{"embeddable":true,"href":"https:\/\/wp.ufpel.edu.br\/wcem\/wp-json\/wp\/v2\/users\/694"}],"replies":[{"embeddable":true,"href":"https:\/\/wp.ufpel.edu.br\/wcem\/wp-json\/wp\/v2\/comments?post=55"}],"version-history":[{"count":5,"href":"https:\/\/wp.ufpel.edu.br\/wcem\/wp-json\/wp\/v2\/pages\/55\/revisions"}],"predecessor-version":[{"id":433,"href":"https:\/\/wp.ufpel.edu.br\/wcem\/wp-json\/wp\/v2\/pages\/55\/revisions\/433"}],"wp:attachment":[{"href":"https:\/\/wp.ufpel.edu.br\/wcem\/wp-json\/wp\/v2\/media?parent=55"}],"curies":[{"name":"wp","href":"https:\/\/api.w.org\/{rel}","templated":true}]}}