{"id":367,"date":"2018-07-14T22:05:13","date_gmt":"2018-07-15T01:05:13","guid":{"rendered":"https:\/\/wp.ufpel.edu.br\/wcem\/?page_id=367"},"modified":"2018-10-13T11:53:20","modified_gmt":"2018-10-13T14:53:20","slug":"palestrantes","status":"publish","type":"page","link":"https:\/\/wp.ufpel.edu.br\/wcem\/palestrantes\/","title":{"rendered":"Palestrantes"},"content":{"rendered":"<p><img class=\"wp-image-369 \" src=\"https:\/\/wp.ufpel.edu.br\/wcem\/files\/2018\/07\/canevas.png\" alt=\"\" width=\"117\" height=\"161\" \/><\/p>\n<p><strong>Prof. Dr. Sebasti\u00e3o Vicente Canevarolo Junior<\/strong><\/p>\n<p class=\"nome\" style=\"text-align: justify\">Graduado em Engenharia de Materiais pela Universidade Federal de S\u00e3o Carlos (1979), com mestrado em Ci\u00eancia e Engenharia dos Materiais pela Universidade Federal de S\u00e3o Carlos (1982) e doutorado em Polymer Technology pela Loughborough University of Technology, Inglaterra (1986). \u00c9 Professor Titular no Departamento de Engenharia de Materiais DEMa da Universidade Federal de S\u00e3o Carlos UFSCar. Tem experi\u00eancia na \u00e1rea de Engenharia de Materiais com \u00eanfase em Pol\u00edmeros, Aplica\u00e7\u00f5es, atuando principalmente nos seguintes temas: processamento de pol\u00edmeros, extrus\u00e3o com dupla rosca, degrada\u00e7\u00e3o termo-mec\u00e2nica, monitoramento em tempo real (in-line) do processo de extrus\u00e3o, comportamento reo-\u00f3ptico, nanocomp\u00f3sitos e blendas polim\u00e9ricas. \u00c9 membro fundador da ABPol tendo atuado como Diretor de 1988 at\u00e9 2011. \u00c9 editor Chefe do peri\u00f3dico Pol\u00edmeros:C&amp;T. Publicou o livro &#8220;Ci\u00eancia dos Pol\u00edmeros: Um texto para engenheiros e tecn\u00f3logos&#8221; e o de &#8220;T\u00e9cnicas de Caracteriza\u00e7\u00e3o de Pol\u00edmeros&#8221; ambos pela ABPol\/ARTLIBER. Participou como Coordenador Geral na organiza\u00e7\u00e3o de dois congressos nacionais (4CBPol e 11CBPol) e da Comiss\u00e3o Organizadora de mais outros 6 congressos nacionais\/internacionais (1CBPol, 12CBECIMat, PPS-18, PPS-2004, MACRO2006, PPS-23). Foi Coordenador do Programa de P\u00f3s-Gradua\u00e7\u00e3o em Ci\u00eancia e Engenharia de Materiais PPG-CEM da UFSCar (Nota 7 da CAPES).<\/p>\n<p>&nbsp;<\/p>\n<p><img class=\"alignnone wp-image-373\" src=\"https:\/\/wp.ufpel.edu.br\/wcem\/files\/2018\/07\/odir.png\" alt=\"\" width=\"122\" height=\"131\" \/><\/p>\n<p><strong>Prof. Dr. Odir Antonio Dellagostin<\/strong><\/p>\n<div class=\"title-wrapper\">\n<p class=\"resumo\">Formado em Medicina Veterin\u00e1ria pela UFPel (1989), tem doutorado em Biologia Molecular pela University of Surrey &#8211; Inglaterra (1995) e p\u00f3s-doutorado pela mesma Universidade (1997). \u00c9 professor da UFPel desde 1997 e pesquisador n\u00edvel 1A do CNPq desde 2007. Tem experi\u00eancia na \u00e1rea de Biologia Molecular, atuando principalmente no desenvolvimento de vacinas recombinantes, especialmente contra leptospirose. J\u00e1 publicou mais de 200 artigos cient\u00edficos e realizou o dep\u00f3sito de 28 patentes. Orientou mais de 45 teses e disserta\u00e7\u00f5es pelos programas de p\u00f3s-gradua\u00e7\u00e3o em Biotecnologia e em Veterin\u00e1ria. Foi coordenador do Centro de Biotecnologia, Pr\u00f3-Reitor de Pesquisa e P\u00f3s-Gradua\u00e7\u00e3o da UFPel e Diretor do Centro de Desenvolvimento Tecnol\u00f3gico tamb\u00e9m da UFPel. Foi membro da Comiss\u00e3o T\u00e9cnica Nacional de Biosseguran\u00e7a do MCTIC, coordenador do Comit\u00ea Assessor de Ci\u00eancias Biol\u00f3gicas da FAPERGS e membro do Comit\u00ea Assessor de Veterin\u00e1ria do CNPq. Foi Coordenador da \u00e1rea de Biotecnologia da CAPES de 2014 a mar\u00e7o de 2018. Atualmente \u00e9 Diretor Presidente da FAPERGS.<span class=\"texto\"><br \/>\n<\/span><\/p>\n<p>&nbsp;<\/p>\n<p><img class=\"alignnone wp-image-371\" src=\"https:\/\/wp.ufpel.edu.br\/wcem\/files\/2018\/07\/juliano.png\" alt=\"\" width=\"115\" height=\"118\" \/><\/p>\n<p><strong>Prof. Dr. Juliano Marini<\/strong><\/p>\n<p>Atualmente Professor Adjunto A N\u00edvel II no Departamento de Engenharia de Materiais (DEMa), Universidade Federal de S\u00e3o Carlos (UFSCar). Possui gradua\u00e7\u00e3o em Engenharia de Materiais pela UFSCar (2004), mestrado em Ci\u00eancia e Engenharia dos Materiais pela UFSCar (2008, Conceito CAPES 7), doutorado em Ci\u00ebncia e Engenharia de Materiais pela UFSCar (2012, Conceito CAPES 7) e p\u00f3s-doutoramento pela Universit\u00e9 de Strasbourg, Fran\u00e7a (2013). Tem experi\u00eancia na \u00e1rea de Engenharia de Materiais e Metal\u00fargica, com \u00eanfase em Pol\u00edmeros e Aplica\u00e7\u00f5es, atuando principalmente nos seguintes temas: nanocomp\u00f3sitos, reologia, processamento, orienta\u00e7\u00e3o molecular.<\/p>\n<p>&nbsp;<\/p>\n<p><img class=\"alignnone wp-image-375\" src=\"https:\/\/wp.ufpel.edu.br\/wcem\/files\/2018\/07\/ravi.png\" alt=\"\" width=\"127\" height=\"130\" \/><\/p>\n<p><strong>Prof. Dr. S. Ravi P. Silva<\/strong><\/p>\n<p>Director of the Advanced Technology Institute (ATI) and Head of the Nano-Electronics Centre (NEC), which is an interdisciplinary research activity. The ATI has over 150 active researchers working on multidiscipline programmes with the NEC being a major research group within the institute. He joined Surrey in 1995. Ravi&#8217;s secondary education was in Sri Lanka, after which he joined the Engineering Department at Cambridge University\u00a0for his undergraduate and postgraduate work. He was a recipient of Cambridge Commonwealth Trust Fellowship while at Cambridge and member of Clare College. His research has resulted in over 600 presentations at international conferences, and over 550 journal papers, Over 17,000 citations (Google Scholar), and a Google H-factor of 66.<\/p>\n<p>&nbsp;<\/p>\n<\/div>\n<p><img class=\"alignnone wp-image-377\" src=\"https:\/\/wp.ufpel.edu.br\/wcem\/files\/2018\/07\/fabio.png\" alt=\"\" width=\"114\" height=\"153\" \/><\/p>\n<p><strong>Dr.<\/strong> <strong>Fabio Coral Fonseca<\/strong><\/p>\n<p>Bacharel em F\u00edsica pela Universidade de S\u00e3o Paulo (USP) em 1993, obteve mestrado em Tecnologia Nuclear-Materiais pela USP (1996) e doutorado pela mesma institui\u00e7\u00e3o em 2001, com est\u00e1gio sandu\u00edche em 2000 na Universit\u00e9 Lille 1 (Fran\u00e7a) . Foi bolsista FAPESP em dois p\u00f3s-doutorados: no Instituto de F\u00edsica da USP (2001 a 2003) e no Forschungszentrum J\u00fclich, Alemanha (2008). Desde 2005 \u00e9 bolsista de produtividade do CNPq. \u00c9 tecnologista s\u00eanior do Instituto de Pesquisas Energ\u00e9ticas e Nucleares (IPEN). Tem experi\u00eancia na \u00e1rea de Ci\u00eancia de Materiais com \u00eanfase em eletrocer\u00e2micas, atuando principalmente na pesquisa e desenvolvimento de materiais para c\u00e9lulas a combust\u00edvel.<\/p>\n<p>&nbsp;<\/p>\n<p><img class=\"alignnone wp-image-378\" src=\"https:\/\/wp.ufpel.edu.br\/wcem\/files\/2018\/07\/leonardo.jpg\" alt=\"\" width=\"132\" height=\"132\" srcset=\"https:\/\/wp.ufpel.edu.br\/wcem\/files\/2018\/07\/leonardo.jpg 332w, https:\/\/wp.ufpel.edu.br\/wcem\/files\/2018\/07\/leonardo-200x200.jpg 200w\" sizes=\"(max-width: 132px) 100vw, 132px\" \/><\/p>\n<p><strong>Eng.<\/strong> <strong>Leonardo Maciel da Rosa<\/strong><\/p>\n<p>Possui gradua\u00e7\u00e3o em Engenharia de Materiais pela Universidade Federal de Pelotas. Atualmente atua como Engenheiro na Frost Frio &#8211; Grupo Guntner, localizada em\u00a0Caxias do Sul \u2013 RS.<\/p>\n<p>&nbsp;<\/p>\n<p><img class=\"alignnone wp-image-400\" src=\"https:\/\/wp.ufpel.edu.br\/wcem\/files\/2018\/08\/mauricio.png\" alt=\"\" width=\"130\" height=\"197\" \/><\/p>\n<p><strong>Prof. Dr. Mauricio Roberto Bomio Delmonte<\/strong><\/p>\n<p>Forma\u00e7\u00e3o acad\u00eamica em bacharelado em qu\u00edmica pela Universidade Federal de S\u00e3o Carlos (2003), mestrado em Materials for Energy Storage and Conversion-EUROPEAN MASTER pela Network of Excellence &#8220;ALISTORE&#8221; no campo de convers\u00e3o e estocagem de energia (2006). Doutorado pelo Instituto de Qu\u00edmica de Araraquara (UNESP) no desenvolvimento de materiais fotoluminescentes a partir do m\u00e9todo de s\u00edntese hidrot\u00e9rmica (2011). Tem experi\u00eancia na \u00e1rea de Engenharia de Materiais, com \u00eanfase em materiais cer\u00e2micos e eletroqu\u00edmica, atuando principalmente nos seguintes temas: S\u00edntese e caracteriza\u00e7\u00e3o de nanomateriais, materiais an\u00f3dicos para aplica\u00e7\u00e3o em baterias de \u00edons l\u00edtio e s\u00edntese de molibdatos pelo processamento hidrot\u00e9rmico. Atualmente \u00e9 professor adjunto III do Departamento de Engenharia de Materiais do Centro de Tecnologia e Coordenador do Programa de P\u00f3s-Gradua\u00e7\u00e3o em Ci\u00eancia e Engenharia de Materiais da Universidade Federal do Rio Grande do Norte (UFRN).<\/p>\n<p>&nbsp;<\/p>\n<p><img class=\"alignnone wp-image-428\" src=\"https:\/\/wp.ufpel.edu.br\/wcem\/files\/2018\/08\/servletrecuperafoto.jpg\" alt=\"\" width=\"135\" height=\"143\" \/><\/p>\n<p><strong>Jonata de Lima Brignol<\/strong><\/p>\n<p>Possui gradua\u00e7\u00e3o em Ci\u00eancias Cont\u00e1beis pela Universidade Cat\u00f3lica de Pelotas (2009). Atualmente \u00e9 professor convidado do Centro Universit\u00e1rio Ritter dos Reis e professor convidado da Universidade Cat\u00f3lica de Pelotas. Tem experi\u00eancia na \u00e1rea de Economia, com \u00eanfase em Institui\u00e7\u00f5es Monet\u00e1rias e Financeiras do Brasil, atuando principalmente nos seguintes temas: Administra\u00e7\u00e3o Financeira, Investimentos, Mercado de Capitais, Mercado Financeiro e Finan\u00e7as Corporativas.<\/p>\n<p>&nbsp;<\/p>\n<p><img class=\"alignnone wp-image-431\" src=\"https:\/\/wp.ufpel.edu.br\/wcem\/files\/2018\/08\/unnamed.png\" alt=\"\" width=\"164\" height=\"164\" \/><\/p>\n<p><strong>Prof.\u00aa Dr.\u00aa M\u00e1rcia Foster Mesko<\/strong><\/p>\n<p>Possui gradua\u00e7\u00e3o em Bacharelado e Licenciatura em Qu\u00edmica pela Universidade Federal de Pelotas (2002), mestrado (2004) e doutorado (2008) em Qu\u00edmica (Qu\u00edmica Anal\u00edtica) pela Universidade Federal de Santa Maria. \u00c9 professora Associada I da Universidade Federal de Pelotas (desde 2009), e atua nos Cursos de Bacharelado em Farm\u00e1cia e Qu\u00edmica Forense, al\u00e9m de pesquisadora nos Programas de P\u00f3s-Gradua\u00e7\u00e3o em Qu\u00edmica (desde 2010) e Bioqu\u00edmica e Bioprospec\u00e7\u00e3o (desde 2012) da UFPel.<\/p>\n<p>&nbsp;<\/p>\n<p style=\"text-align: justify\"><img class=\" wp-image-468\" src=\"https:\/\/wp.ufpel.edu.br\/wcem\/files\/2018\/10\/servletrecuperafoto-320x400.jpg\" alt=\"\" width=\"142\" height=\"178\" srcset=\"https:\/\/wp.ufpel.edu.br\/wcem\/files\/2018\/10\/servletrecuperafoto-320x400.jpg 320w, https:\/\/wp.ufpel.edu.br\/wcem\/files\/2018\/10\/servletrecuperafoto.jpg 489w\" sizes=\"(max-width: 142px) 100vw, 142px\" \/><\/p>\n<p style=\"text-align: justify\"><strong>Prof. Dr.\u00a0Eduardo Ceretta Moreira<\/strong><\/p>\n<p>Possui gradua\u00e7\u00e3o em Licenciatura em F\u00edsica pela Universidade Federal de Santa Maria (1993), mestrado em F\u00edsica pela Universidade Federal do Rio Grande do Sul (1996), doutorado em F\u00edsica pela Universidade Federal do Rio Grande do Sul (2000) e P\u00f3s-doutorado na Universit\u00e1 di Catania e Inst. Nazionale di Metodologie, Tecnologie per la Microelettronica &#8211; It\u00e1lia (2000\/2002). Atualmente \u00e9 Professor Associado 2, orientador de mestrado do Programa de P\u00f3s-gradua\u00e7\u00e3o em Engenharia El\u00e9trica. Atua na \u00e1rea de materiais semicondutores, particularmente com sistemas org\u00e2nicos luminescentes, com \u00eanfase em propriedades \u00f3pticas e estruturais de nanomateriais, dispositivos optoeletr\u00f4nicos e aplica\u00e7\u00f5es multidisciplinares da espectroscopia Raman. Possui experi\u00eancia em t\u00e9cnicas espectrosc\u00f3picas, implanta\u00e7\u00e3o i\u00f4nica, t\u00e9cnicas de deposi\u00e7\u00e3o, fotoluminesc\u00eancia e eletroluminesc\u00eancia.<\/p>\n<p>&nbsp;<\/p>\n<p><img class=\"alignnone size-full wp-image-498\" src=\"https:\/\/wp.ufpel.edu.br\/wcem\/files\/2018\/10\/Daniel.png\" alt=\"\" width=\"118\" height=\"138\" \/><\/p>\n<p><strong>Prof. Dr. Daniel Eduardo Weibel<\/strong><\/p>\n<p>Daniel E. Weibel \u00e9 Professor Associado II da UFGRS atuando nos programas de p\u00f3s-gradua\u00e7\u00e3o em Qu\u00edmica (PPGQ) e Ci\u00eancia dos Materiais (PGCIMAT) como professor permanente. \u00c9 membro titular da Comiss\u00e3o de P\u00f3s-gradua\u00e7\u00e3o do PGCIMAT e da Diretoria Cientifica da SBPMat . Passou v\u00e1rios per\u00edodos p\u00f3s-doutorais nos Departamentos de F\u00edsica da Universidade de Gakushuin, T\u00f3kio, Jap\u00e3o e Universidade de Muenster, Alemanha (bolsa DAAD). Desempenho-se tamb\u00e9m como Pesquisador Associado do Departamento de Qu\u00edmica da Universidade de Manchester, Inglaterra. Foi tamb\u00e9m Professor da Faculdade de Qu\u00edmica, Universidad Nacional de C\u00f3rdoba, Argentina. Atualmente seu grupo de pesquisa desenvolve atividades em s\u00edntese de novos nanomateriais, caracteriza\u00e7\u00e3o e funcionaliza\u00e7\u00e3o superficial de nanomateriais, superhidrofobicidade e superoleofobicidade (superf\u00edcies autolimpantes), biomateriais, biodegrada\u00e7\u00e3o de pol\u00edmeros e Litografia na regi\u00e3o de Ultravioleta Extremo (EUVL) utilizando radia\u00e7\u00e3o s\u00edncrotron. Outra \u00e1rea de ativa atua\u00e7\u00e3o \u00e9 a pesquisa em energias limpas e renov\u00e1veis (gera\u00e7\u00e3o de hidrog\u00eanio por foto-dissocia\u00e7\u00e3o da \u00e1gua) e degrada\u00e7\u00e3o fotocatal\u00edtica de poluentes. Mantem colabora\u00e7\u00f5es com grupos de pesquisa da Inglaterra, Fran\u00e7a, \u00cdndia, Estados Unidos, Jap\u00e3o e Argentina e \u00e9 revisor de diversos peri\u00f3dicos internacionais e agencias de fomento.<\/p>\n<p><strong>\u00a0<\/strong><\/p>\n<p><img class=\"alignnone wp-image-500\" src=\"https:\/\/wp.ufpel.edu.br\/wcem\/files\/2018\/10\/arthur-187x400.png\" alt=\"\" width=\"110\" height=\"235\" srcset=\"https:\/\/wp.ufpel.edu.br\/wcem\/files\/2018\/10\/arthur-187x400.png 187w, https:\/\/wp.ufpel.edu.br\/wcem\/files\/2018\/10\/arthur.png 445w\" sizes=\"(max-width: 110px) 100vw, 110px\" \/><\/p>\n<p><strong>Engenheiro Arthur Vieira Dalmagro<\/strong><\/p>\n<p>Engenheiro de Materiais pela Universidade Federal de Pelotas, com parte de sua forma\u00e7\u00e3o na University of Birmingham. Atualmente atua como engenheiro de produto na Petroqu\u00edmica Braskem, trabalha na \u00e1rea de desenvolvimento e melhoria de resinas de PVC.<\/p>\n<p>&nbsp;<\/p>\n<p><img class=\"alignnone size-full wp-image-513\" src=\"https:\/\/wp.ufpel.edu.br\/wcem\/files\/2018\/10\/Sem-t\u00edtulo.png\" alt=\"\" width=\"138\" height=\"158\" \/><\/p>\n<p><strong>Pesquisador Dr. Humberto Zechlinski Xavier de Freitas<\/strong><\/p>\n<p>Doutor em Direitos Humanos e Pol\u00edtica Social (UCPEL), Doutorando em Direito Civil (UBA). Mestre em Metrologia e Qualidade &#8211; com \u00eanfase em Prote\u00e7\u00e3o do Consumidor e Avalia\u00e7\u00e3o da Conformidade (UFRJ-INMETRO). Especialista em n\u00edvel de p\u00f3s-gradua\u00e7\u00e3o em Direito Notarial e Registral (UniRitter). Especialista em n\u00edvel de p\u00f3s-gradua\u00e7\u00e3o em Direito do Trabalho (UCB). Advogado. Coordenador do Instituto Nacional de Metrologia, Qualidade e Tecnologia &#8211; INMETRO, na Regional Pelotas (Grupo de Gest\u00e3o Pelotas-GERPE) e Pesquisador do INMETRO.<\/p>\n<p>&nbsp;<\/p>\n<p><strong>Otimiza &#8211; Grupo de Arquitetura<\/strong><\/p>\n<p style=\"font-weight: 400\">COME\u00c7ANDO DO COME\u00c7O!\u00a0ENGENHARIA, MEDOS E OUSADIA!<\/p>\n<p style=\"font-weight: 400\">&#8220;Algu\u00e9m j\u00e1 te preparou pra empreender? Ser\u00e1 que durante os estudos, algum professor abriu teus olhos pro mercado de trabalho e as infinitas op\u00e7\u00f5es que ele te oferece? N\u00e3o? \u00c9 s\u00e9rio? Nem esquenta, pra n\u00f3s tamb\u00e9m n\u00e3o e aprendemos tomando porrada!<\/p>\n<p style=\"font-weight: 400\">Diante da movimenta\u00e7\u00e3o do mercado que encarou uma s\u00e9rie de demiss\u00f5es em massa, quem estava acostumado a seguir a mar\u00e9, precisou despertar para novas possibilidades. Em meio a tudo isso, v\u00e1rios profissionais decidiram pelo caminho do empreendedorismo na engenharia. Fazendo surgiu um nicho de mercado, no qual voc\u00ea pode atuar e ter sucesso.<\/p>\n<p style=\"font-weight: 400\">Mas o que aconteceu foi todo mundo colocando seus \u00faltimos investimentos e falindo. Deu medo? D\u00e1 n\u00e9, mas o que te tranquiliza \u00e9 que a quebradeira n\u00e3o se deu por incompet\u00eancia t\u00e9cnica &#8211; longe disso inclusive &#8211; mas sim por n\u00e3o conhecer t\u00e9cnicas de gest\u00e3o de pessoas, projetos, burocracia e investimentos.<\/p>\n<p style=\"font-weight: 400\">Essa cacetada de gest\u00f5es ser\u00e3o abordadas por n\u00f3s, da Otimiza! E por que acreditar em dois idiotas de 30 anos pra falar de um assunto t\u00e3o importante? Porque esses dois rapazes tem 5 anos de estrada, gerenciam uma empresa disruptiva e inovadora que tem m\u00e9dia de crescimento anual de 18% entre 2013 e 2018 (crise), faturamento l\u00edquido superior a 6 d\u00edgitos desde o primeiro ano de funcionamento e acreditam cegamente que a colabora\u00e7\u00e3o entre o mercado seja a solu\u00e7\u00e3o da nossa valoriza\u00e7\u00e3o e crescimento!&#8221;<\/p>\n","protected":false},"excerpt":{"rendered":"<p>Prof. Dr. Sebasti\u00e3o Vicente Canevarolo Junior Graduado em Engenharia de Materiais pela Universidade Federal de S\u00e3o Carlos (1979), com mestrado em Ci\u00eancia e Engenharia dos Materiais pela Universidade Federal de S\u00e3o Carlos (1982) e doutorado em Polymer Technology pela Loughborough University of Technology, Inglaterra (1986). \u00c9 Professor Titular no Departamento de Engenharia de Materiais DEMa [&hellip;]<\/p>\n","protected":false},"author":755,"featured_media":0,"parent":0,"menu_order":0,"comment_status":"closed","ping_status":"closed","template":"","meta":{"footnotes":""},"class_list":["post-367","page","type-page","status-publish","hentry"],"_links":{"self":[{"href":"https:\/\/wp.ufpel.edu.br\/wcem\/wp-json\/wp\/v2\/pages\/367","targetHints":{"allow":["GET"]}}],"collection":[{"href":"https:\/\/wp.ufpel.edu.br\/wcem\/wp-json\/wp\/v2\/pages"}],"about":[{"href":"https:\/\/wp.ufpel.edu.br\/wcem\/wp-json\/wp\/v2\/types\/page"}],"author":[{"embeddable":true,"href":"https:\/\/wp.ufpel.edu.br\/wcem\/wp-json\/wp\/v2\/users\/755"}],"replies":[{"embeddable":true,"href":"https:\/\/wp.ufpel.edu.br\/wcem\/wp-json\/wp\/v2\/comments?post=367"}],"version-history":[{"count":15,"href":"https:\/\/wp.ufpel.edu.br\/wcem\/wp-json\/wp\/v2\/pages\/367\/revisions"}],"predecessor-version":[{"id":518,"href":"https:\/\/wp.ufpel.edu.br\/wcem\/wp-json\/wp\/v2\/pages\/367\/revisions\/518"}],"wp:attachment":[{"href":"https:\/\/wp.ufpel.edu.br\/wcem\/wp-json\/wp\/v2\/media?parent=367"}],"curies":[{"name":"wp","href":"https:\/\/api.w.org\/{rel}","templated":true}]}}