{"id":31,"date":"2016-09-08T15:09:40","date_gmt":"2016-09-08T18:09:40","guid":{"rendered":"https:\/\/wp.ufpel.edu.br\/wcem\/?page_id=31"},"modified":"2018-08-22T09:26:24","modified_gmt":"2018-08-22T12:26:24","slug":"datas-importantes","status":"publish","type":"page","link":"https:\/\/wp.ufpel.edu.br\/wcem\/datas-importantes\/","title":{"rendered":"Datas Importantes"},"content":{"rendered":"<p>Submiss\u00e3o de artigos para publica\u00e7\u00e3o na revista RBES e submiss\u00e3o de resumo expandido:\u00a006 de Agosto a 14 de Setembro<\/p>\n<p>Resposta de avalia\u00e7\u00e3o dos resumos: 08 de Outubro<\/p>\n<p>Inscri\u00e7\u00f5es: 22 de Agosto a 15 de Outubro<\/p>\n<p>Evento: de 15\/10\/2018 a 19\/10\/2018<\/p>\n","protected":false},"excerpt":{"rendered":"<p>Submiss\u00e3o de artigos para publica\u00e7\u00e3o na revista RBES e submiss\u00e3o de resumo expandido:\u00a006 de Agosto a 14 de Setembro Resposta de avalia\u00e7\u00e3o dos resumos: 08 de Outubro Inscri\u00e7\u00f5es: 22 de Agosto a 15 de Outubro Evento: de 15\/10\/2018 a 19\/10\/2018<\/p>\n","protected":false},"author":694,"featured_media":0,"parent":0,"menu_order":4,"comment_status":"closed","ping_status":"closed","template":"","meta":{"footnotes":""},"class_list":["post-31","page","type-page","status-publish","hentry"],"_links":{"self":[{"href":"https:\/\/wp.ufpel.edu.br\/wcem\/wp-json\/wp\/v2\/pages\/31","targetHints":{"allow":["GET"]}}],"collection":[{"href":"https:\/\/wp.ufpel.edu.br\/wcem\/wp-json\/wp\/v2\/pages"}],"about":[{"href":"https:\/\/wp.ufpel.edu.br\/wcem\/wp-json\/wp\/v2\/types\/page"}],"author":[{"embeddable":true,"href":"https:\/\/wp.ufpel.edu.br\/wcem\/wp-json\/wp\/v2\/users\/694"}],"replies":[{"embeddable":true,"href":"https:\/\/wp.ufpel.edu.br\/wcem\/wp-json\/wp\/v2\/comments?post=31"}],"version-history":[{"count":14,"href":"https:\/\/wp.ufpel.edu.br\/wcem\/wp-json\/wp\/v2\/pages\/31\/revisions"}],"predecessor-version":[{"id":418,"href":"https:\/\/wp.ufpel.edu.br\/wcem\/wp-json\/wp\/v2\/pages\/31\/revisions\/418"}],"wp:attachment":[{"href":"https:\/\/wp.ufpel.edu.br\/wcem\/wp-json\/wp\/v2\/media?parent=31"}],"curies":[{"name":"wp","href":"https:\/\/api.w.org\/{rel}","templated":true}]}}