{"id":299,"date":"2018-07-05T15:55:50","date_gmt":"2018-07-05T18:55:50","guid":{"rendered":"https:\/\/wp.ufpel.edu.br\/wcem\/?page_id=299"},"modified":"2018-10-14T08:29:08","modified_gmt":"2018-10-14T11:29:08","slug":"cronograma-preliminar","status":"publish","type":"page","link":"https:\/\/wp.ufpel.edu.br\/wcem\/cronograma-preliminar\/","title":{"rendered":"Cronograma"},"content":{"rendered":"<p><strong>\u00a0<\/strong><\/p>\n<table style=\"height: 632px\" width=\"604\">\n<tbody>\n<tr style=\"height: 24px\">\n<td style=\"height: 37px;width: 142px\">Hor\u00e1rio<\/td>\n<td style=\"height: 37px;width: 446px\"><strong>SEGUNDA &#8211; 15<\/strong><\/td>\n<\/tr>\n<tr style=\"height: 24px\">\n<td style=\"height: 43px;width: 142px\">8 &#8211; 9:30<\/td>\n<td style=\"height: 43px;width: 446px\">Credenciamento<\/td>\n<\/tr>\n<tr style=\"height: 24px\">\n<td style=\"height: 46px;width: 142px\">9:30 &#8211; 9:45<\/td>\n<td style=\"height: 46px;width: 446px\">Cerim\u00f4nia de Abertura<\/td>\n<\/tr>\n<tr style=\"height: 48px\">\n<td style=\"height: 48px;width: 142px\">9:45 &#8211; 10:30<\/td>\n<td style=\"height: 48px;width: 446px\">\n<p>Prof. Dr. Odir Antonio Dellagostin (Diretor Presidente &#8211; FAPERGS)<\/p>\n<p>&#8220;O Financiamento, a Pesquisa e a Produ\u00e7\u00e3o Cient\u00edfica no RS e no Brasil&#8221;<\/td>\n<\/tr>\n<tr style=\"height: 24px\">\n<td style=\"height: 39px;width: 142px\">10:30 &#8211; 10:50<\/td>\n<td style=\"height: 39px;width: 446px\">Coffee Break<\/td>\n<\/tr>\n<tr style=\"height: 24px\">\n<td style=\"height: 24px;width: 142px\">10:50 &#8211; 11:50<\/td>\n<td style=\"height: 24px;width: 446px\">\n<p>Prof. Dr. Sebasti\u00e3o Vicente Canevarolo (UFSCar)<\/p>\n<p>&#8220;Desenvolvimento de t\u00e9cnicas reo-\u00f3pticas para a caracteriza\u00e7\u00e3o do fluxo fundido&#8221;<\/td>\n<\/tr>\n<tr style=\"height: 24px\">\n<td style=\"height: 39px;width: 142px\">12 &#8211; 14<\/td>\n<td style=\"height: 39px;width: 446px\">Hor\u00e1rio livre<\/td>\n<\/tr>\n<tr style=\"height: 24px\">\n<td style=\"height: 24px;width: 142px\">14 &#8211; 15<\/td>\n<td style=\"height: 24px;width: 446px\">\n<p>Prof. Dr. Mauricio Roberto Bomio Delmonte (UFRN)<\/p>\n<p>&#8220;S\u00edntese de nanomateriais e suas aplica\u00e7\u00f5es&#8221;<\/td>\n<\/tr>\n<tr style=\"height: 24px\">\n<td style=\"height: 24px;width: 142px\">15 &#8211; 16<\/td>\n<td style=\"height: 24px;width: 446px\">\n<p>Prof. Dr. Juliano Marini (UFSCar)<\/p>\n<p>&#8220;Nanotecnologia aplicada ao setor de embalagens&#8221;<\/td>\n<\/tr>\n<tr style=\"height: 24px\">\n<td style=\"height: 24px;width: 142px\">16 &#8211; 17<\/td>\n<td style=\"height: 24px;width: 446px\">\n<p>Apresenta\u00e7\u00e3o Cultural &#8211; Invernada Infantil do Clube Brilhante da Princesinha Clara Goebel<\/p>\n<p>Coquetel<\/td>\n<\/tr>\n<tr style=\"height: 24px\">\n<td style=\"height: 39px;width: 142px\">17 &#8211; 22<\/td>\n<td style=\"height: 39px;width: 446px\">Churrasco de Confraterniza\u00e7\u00e3o<\/td>\n<\/tr>\n<\/tbody>\n<\/table>\n<p>&nbsp;<\/p>\n<p>&nbsp;<\/p>\n<table style=\"height: 264px\" width=\"605\">\n<tbody>\n<tr style=\"height: 24px\">\n<td style=\"height: 38px;width: 152px\" width=\"151\">Hor\u00e1rio<\/td>\n<td style=\"height: 38px;width: 445px\" width=\"454\"><strong>TER\u00c7A &#8211; 16<\/strong><\/td>\n<\/tr>\n<tr style=\"height: 24px\">\n<td style=\"height: 24px;width: 152px\" width=\"151\">9 &#8211; 09:50<\/td>\n<td style=\"height: 24px;width: 445px\" width=\"454\">\n<p>Prof. Dr. S. Ravi P. Silva (University of Surrey, Inglaterra)<\/p>\n<p>&#8220;Carbon Nanotechnology for Applications&#8221;<\/td>\n<\/tr>\n<tr style=\"height: 40px\">\n<td style=\"height: 37px;width: 152px\" width=\"151\">09:50 &#8211; 10:05<\/td>\n<td style=\"height: 37px;width: 445px\" width=\"454\">Coffee Break<\/td>\n<\/tr>\n<tr style=\"height: 32px\">\n<td style=\"height: 51px;width: 152px\" width=\"151\">10:05 &#8211; 10:20<\/td>\n<td style=\"height: 51px;width: 445px\" width=\"454\">\n<p>M.e Raising Natalia Lenz (UTEC &#8211; Universidad Tecnol\u00f3gica del Uruguay)<\/p>\n<p>&#8220;Mobilidade de Alunos e Conv\u00eanios com a Universidade Tecnol\u00f3gica da UTEC&#8221;<\/td>\n<\/tr>\n<tr style=\"height: 24px\">\n<td style=\"height: 24px;width: 152px\" width=\"151\">10:20 &#8211; 11<\/td>\n<td style=\"width: 445px;height: 24px\" width=\"454\">\n<p>Pesquisador Dr. Humberto Zechlinski Xavier de Freitas<\/p>\n<p>&#8220;O Inmetro, a Metrologia e os Materiais no dia a dia da sociedade&#8221;<\/td>\n<\/tr>\n<tr style=\"height: 24px\">\n<td style=\"height: 41px;width: 152px\" width=\"151\">11 &#8211; 12<\/td>\n<td style=\"width: 445px;height: 41px\" width=\"454\">\n<p>Prof. Dr.\u00a0Daniel Eduardo Weibel (UFRGS)<\/p>\n<p>&#8220;Litografia no ultravioleta extremo: alternativa na\u00a0 gera\u00e7\u00e3o de circuitos integrados\u00a0 nanoestruturados&#8221;<\/td>\n<\/tr>\n<tr style=\"height: 24px\">\n<td style=\"height: 24px;width: 152px\" width=\"151\">12 &#8211; 14<\/td>\n<td style=\"width: 445px;height: 24px\" width=\"454\">Hor\u00e1rio Livre<\/td>\n<\/tr>\n<tr style=\"height: 24px\">\n<td style=\"height: 24px;width: 152px\" width=\"151\">14 &#8211; 15<\/td>\n<td style=\"height: 24px;width: 445px\" width=\"454\">\n<p>Prof. Dr. Eduardo Ceretta Moreira (UniPampa)<\/p>\n<p>&#8220;Caracteriza\u00e7\u00e3o \u00f3ptica e estrutural de materiais org\u00e2nicos&#8221;<\/td>\n<\/tr>\n<tr style=\"height: 24px\">\n<td style=\"height: 40px;width: 152px\" width=\"151\">15 &#8211; 15:50<\/td>\n<td style=\"height: 40px;width: 445px\" width=\"454\">\n<p>Dr. Fabio Coral Fonseca (Ipen)<\/p>\n<p>&#8220;Nanomateriais para gera\u00e7\u00e3o de energia limpa em c\u00e9lulas a combust\u00edvel&#8221;<\/td>\n<\/tr>\n<tr style=\"height: 24px\">\n<td style=\"height: 24px;width: 152px\" width=\"151\">15:50 &#8211; 16:10<\/td>\n<td style=\"width: 445px;height: 24px\" width=\"454\">Coffee Break<\/td>\n<\/tr>\n<\/tbody>\n<\/table>\n<table style=\"width: 599px\">\n<tbody>\n<tr>\n<td style=\"width: 153px\" width=\"151\">16:10 &#8211; 17:00<\/td>\n<td style=\"width: 453px\" width=\"454\">\n<p>Engenheiro Arthur Vieira Dalmagro (Braskem)<\/p>\n<p>&#8220;Braskem: Engenharia de Materiais na Inova\u00e7\u00e3o e Tecnol\u00f3gica&#8221;<\/td>\n<\/tr>\n<\/tbody>\n<\/table>\n<table style=\"width: 601px\">\n<tbody>\n<tr>\n<td style=\"width: 152px\" width=\"151\">17 &#8211; 18<\/td>\n<td style=\"width: 456px\" width=\"454\">Sess\u00e3o P\u00f4ster<\/td>\n<\/tr>\n<\/tbody>\n<\/table>\n<table style=\"width: 604px;height: 24px\">\n<tbody>\n<tr style=\"height: 24px\">\n<td style=\"width: 151px;height: 24px\"><\/td>\n<td style=\"width: 458px;height: 24px\"><\/td>\n<\/tr>\n<\/tbody>\n<\/table>\n<p>&nbsp;<\/p>\n<table style=\"width: 598px\">\n<tbody>\n<tr style=\"height: 24px\">\n<td style=\"width: 152px;height: 37px\" width=\"151\">Hor\u00e1rio<\/td>\n<td style=\"width: 446px;height: 37px\" width=\"454\"><strong>QUARTA &#8211; 17<\/strong><\/td>\n<\/tr>\n<tr style=\"height: 24px\">\n<td style=\"width: 152px;height: 44px\" width=\"151\">8 &#8211; 12<\/td>\n<td style=\"width: 446px;height: 44px\" width=\"454\">Minicurso de Programa\u00e7\u00e3o CLP<\/td>\n<\/tr>\n<tr style=\"height: 24px\">\n<td style=\"width: 152px;height: 36px\" width=\"151\">8 &#8211; 12<\/td>\n<td style=\"width: 446px;height: 36px\" width=\"454\">Minicurso de Excel<\/td>\n<\/tr>\n<tr style=\"height: 24px\">\n<td style=\"width: 152px;height: 40px\" width=\"151\">10 &#8211; 10:20<\/td>\n<td style=\"width: 446px;height: 40px\" width=\"454\">Intervalo<\/td>\n<\/tr>\n<tr style=\"height: 24px\">\n<td style=\"width: 152px;height: 36px\" width=\"151\">12 &#8211; 14<\/td>\n<td style=\"width: 446px;height: 36px\" width=\"454\">Hor\u00e1rio Livre<\/td>\n<\/tr>\n<tr style=\"height: 24px\">\n<td style=\"width: 152px;height: 24px\" width=\"151\">14 &#8211; 15<\/td>\n<td style=\"width: 446px;height: 24px\" width=\"454\">\n<p>Jonata Brignol<\/p>\n<p>&#8220;Gest\u00e3o Para Mudan\u00e7as &#8220;<\/td>\n<\/tr>\n<tr style=\"height: 24px\">\n<td style=\"width: 152px;height: 42px\" width=\"151\">15 &#8211; 15:50<\/td>\n<td style=\"width: 446px;height: 42px\" width=\"454\">\n<p>Prof.\u00aa Dr.\u00aa M\u00e1rcia Foster Mesko (UFPel)<\/p>\n<p>&#8220;Desafios na determina\u00e7\u00e3o de impurezas elementares em materiais&#8221;<\/td>\n<\/tr>\n<tr style=\"height: 24px\">\n<td style=\"width: 152px;height: 36px\" width=\"151\">15:50 &#8211; 16:10<\/td>\n<td style=\"width: 446px;height: 36px\" width=\"454\">Coffee Break<\/td>\n<\/tr>\n<tr style=\"height: 24px\">\n<td style=\"width: 152px;height: 40px\" width=\"151\">16:10 &#8211; 17<\/td>\n<td style=\"width: 446px;height: 40px\" width=\"454\">Mesa\u00a0redonda \u2013 Sa\u00fade mental dentro da Universidade<\/td>\n<\/tr>\n<tr style=\"height: 24px\">\n<td style=\"width: 152px;height: 24px\" width=\"151\"><\/td>\n<td style=\"width: 446px;height: 24px\" width=\"454\"><\/td>\n<\/tr>\n<\/tbody>\n<\/table>\n<p>&nbsp;<\/p>\n<table style=\"width: 597px;height: 238px\">\n<tbody>\n<tr style=\"height: 24px\">\n<td style=\"width: 155px;height: 46px\" width=\"151\">Hor\u00e1rio<\/td>\n<td style=\"width: 442px;height: 46px\" width=\"454\"><strong>QUINTA &#8211; 18<\/strong><\/td>\n<\/tr>\n<tr style=\"height: 25px\">\n<td style=\"width: 155px;height: 43px\" width=\"151\">8 &#8211; 12<\/td>\n<td style=\"width: 442px;height: 43px\" width=\"454\">Minicurso de AutoCAD<\/td>\n<\/tr>\n<tr style=\"height: 24px\">\n<td style=\"width: 155px;height: 40px\" width=\"151\">8 &#8211; 12<\/td>\n<td style=\"width: 442px;height: 40px\" width=\"454\">Minicurso de C\u00e9lulas Solares<\/td>\n<\/tr>\n<tr style=\"height: 21px\">\n<td style=\"width: 155px;height: 38px\" width=\"151\">10 &#8211; 10:20<\/td>\n<td style=\"width: 442px;height: 38px\" width=\"454\">Intervalo<\/td>\n<\/tr>\n<tr style=\"height: 24px\">\n<td style=\"width: 155px;height: 46px\" width=\"151\">12 &#8211; 14<\/td>\n<td style=\"width: 442px;height: 46px\" width=\"454\">Hor\u00e1rio Livre<\/td>\n<\/tr>\n<tr style=\"height: 24px\">\n<td style=\"width: 155px;height: 52px\" width=\"151\">14 &#8211; 16<\/td>\n<td style=\"width: 442px;height: 52px\" width=\"454\">Visita T\u00e9cnica \u2013 Freedom<\/td>\n<\/tr>\n<tr style=\"height: 24px\">\n<td style=\"width: 155px;height: 50px\" width=\"151\">14 &#8211; 16<\/td>\n<td style=\"width: 442px;height: 50px\" width=\"454\">Visita T\u00e9cnica \u2013 Lifemed<\/td>\n<\/tr>\n<tr style=\"height: 24px\">\n<td style=\"width: 155px;height: 20px\" width=\"151\"><\/td>\n<td style=\"width: 442px;height: 20px\" width=\"454\"><\/td>\n<\/tr>\n<tr style=\"height: 24px\">\n<td style=\"width: 155px;height: 24px\" width=\"151\"><\/td>\n<td style=\"width: 442px;height: 24px\" width=\"454\"><\/td>\n<\/tr>\n<tr style=\"height: 24px\">\n<td style=\"width: 155px;height: 24px\" width=\"151\"><\/td>\n<td style=\"width: 442px;height: 24px\" width=\"454\"><\/td>\n<\/tr>\n<\/tbody>\n<\/table>\n<p>&nbsp;<\/p>\n<table style=\"width: 595px\">\n<tbody>\n<tr style=\"height: 24px\">\n<td style=\"width: 155px;height: 39px\" width=\"151\">Hor\u00e1rio<\/td>\n<td style=\"width: 440px;height: 39px\" width=\"454\"><b>SEXTA &#8211; 19<\/b><\/td>\n<\/tr>\n<tr style=\"height: 26px\">\n<td style=\"width: 155px;height: 46px\" width=\"151\">9 &#8211; 9:30<\/td>\n<td style=\"width: 440px;height: 46px\" width=\"454\">Prof. Dr. Tiago Veiras Collares (Diretor do CDTec\/UFPel)<\/td>\n<\/tr>\n<tr style=\"height: 63px\">\n<td style=\"width: 155px;height: 63px\" width=\"151\">9:30 &#8211; 10:20<\/td>\n<td style=\"width: 440px;height: 63px\" width=\"454\">Engenheiro Leonardo Maciel da Rosa (Frost Frio &#8211; Grupo Guntner )<\/td>\n<\/tr>\n<tr style=\"height: 38px\">\n<td style=\"width: 155px;height: 38px\" width=\"151\">10:20 &#8211; 10:40<\/td>\n<td style=\"width: 440px;height: 38px\" width=\"454\">Coffee Break<\/td>\n<\/tr>\n<tr style=\"height: 96px\">\n<td style=\"width: 155px;height: 96px\" width=\"151\">10:40 &#8211; 11:40<\/td>\n<td style=\"width: 440px;height: 96px\" width=\"454\">\n<p>Otimiza &#8211; Grupo de Arquitetura<\/p>\n<p>&#8220;Come\u00e7ando do Come\u00e7o! Engenharia, medos e ousadia&#8221;<\/td>\n<\/tr>\n<tr style=\"height: 41px\">\n<td style=\"width: 155px;height: 41px\" width=\"151\">11:40 &#8211; 11:50<\/td>\n<td style=\"width: 440px;height: 41px\" width=\"454\">Premia\u00e7\u00e3o de P\u00f4sters<\/td>\n<\/tr>\n<tr style=\"height: 42px\">\n<td style=\"width: 155px;height: 42px\" width=\"151\">11:50 &#8211; 12<\/td>\n<td style=\"width: 440px;height: 42px\" width=\"454\">Cerim\u00f4nia de Encerramento<\/td>\n<\/tr>\n<tr style=\"height: 34px\">\n<td style=\"width: 155px;height: 34px\" width=\"151\"><\/td>\n<td style=\"width: 440px;height: 34px\" width=\"454\"><\/td>\n<\/tr>\n<tr style=\"height: 33px\">\n<td style=\"width: 155px;height: 33px\" width=\"151\"><\/td>\n<td style=\"width: 440px;height: 33px\" width=\"454\"><\/td>\n<\/tr>\n<\/tbody>\n<\/table>\n<table style=\"height: 27px\" width=\"595\">\n<tbody>\n<tr>\n<td style=\"width: 148px\"><\/td>\n<td style=\"width: 430px\"><\/td>\n<\/tr>\n<\/tbody>\n<\/table>\n<p>&nbsp;<\/p>\n","protected":false},"excerpt":{"rendered":"<p>\u00a0 Hor\u00e1rio SEGUNDA &#8211; 15 8 &#8211; 9:30 Credenciamento 9:30 &#8211; 9:45 Cerim\u00f4nia de Abertura 9:45 &#8211; 10:30 Prof. Dr. Odir Antonio Dellagostin (Diretor Presidente &#8211; FAPERGS) &#8220;O Financiamento, a Pesquisa e a Produ\u00e7\u00e3o Cient\u00edfica no RS e no Brasil&#8221; 10:30 &#8211; 10:50 Coffee Break 10:50 &#8211; 11:50 Prof. Dr. Sebasti\u00e3o Vicente Canevarolo (UFSCar) &#8220;Desenvolvimento [&hellip;]<\/p>\n","protected":false},"author":755,"featured_media":0,"parent":0,"menu_order":2,"comment_status":"closed","ping_status":"closed","template":"","meta":{"footnotes":""},"class_list":["post-299","page","type-page","status-publish","hentry"],"_links":{"self":[{"href":"https:\/\/wp.ufpel.edu.br\/wcem\/wp-json\/wp\/v2\/pages\/299","targetHints":{"allow":["GET"]}}],"collection":[{"href":"https:\/\/wp.ufpel.edu.br\/wcem\/wp-json\/wp\/v2\/pages"}],"about":[{"href":"https:\/\/wp.ufpel.edu.br\/wcem\/wp-json\/wp\/v2\/types\/page"}],"author":[{"embeddable":true,"href":"https:\/\/wp.ufpel.edu.br\/wcem\/wp-json\/wp\/v2\/users\/755"}],"replies":[{"embeddable":true,"href":"https:\/\/wp.ufpel.edu.br\/wcem\/wp-json\/wp\/v2\/comments?post=299"}],"version-history":[{"count":44,"href":"https:\/\/wp.ufpel.edu.br\/wcem\/wp-json\/wp\/v2\/pages\/299\/revisions"}],"predecessor-version":[{"id":510,"href":"https:\/\/wp.ufpel.edu.br\/wcem\/wp-json\/wp\/v2\/pages\/299\/revisions\/510"}],"wp:attachment":[{"href":"https:\/\/wp.ufpel.edu.br\/wcem\/wp-json\/wp\/v2\/media?parent=299"}],"curies":[{"name":"wp","href":"https:\/\/api.w.org\/{rel}","templated":true}]}}