{"id":28,"date":"2016-09-08T15:09:15","date_gmt":"2016-09-08T18:09:15","guid":{"rendered":"https:\/\/wp.ufpel.edu.br\/wcem\/?page_id=28"},"modified":"2018-10-12T07:20:14","modified_gmt":"2018-10-12T10:20:14","slug":"comissao-organizadora","status":"publish","type":"page","link":"https:\/\/wp.ufpel.edu.br\/wcem\/organizacao\/comissao-organizadora\/","title":{"rendered":"Comiss\u00e3o Organizadora"},"content":{"rendered":"<p><strong>Diret\u00f3rio Acad\u00eamico da Engenharia de Materiais &#8211; DAEM &#8211; UFPel<\/strong><\/p>\n<p><strong>Programa de P\u00f3s-Gradua\u00e7\u00e3o em Ci\u00eancia e Engenharia de Materiais (PPGCEM-UFPel)<\/strong><\/p>\n<p><strong>Profa. Dra. Amanda Dantas de Oliveira (Coordenadora do evento)<\/strong><\/p>\n<p><b>Prof. Dr. Neftal\u00ed Lenin Villarreal Carre\u00f1o<\/b><\/p>\n<p><strong>Profa. Dra. Margarete R. Freitas Gon\u00e7alves<\/strong><\/p>\n<p><strong>Profa. Dra. Alice Gon\u00e7alves Osorio<\/strong><\/p>\n<p><strong>Profa. Dra. Cristiane Wienke Raubach Ratmann<\/strong><\/p>\n<p><strong>Dr. Jos\u00e9 Henrique Alano<\/strong><\/p>\n<p><strong>Profa. Dra. Fabiula Danielli Bastos de Sousa<\/strong><\/p>\n<p><strong>Prof. Dr. Rubens Camaratta<\/strong><\/p>\n<p>&nbsp;<\/p>\n<p><strong>\u00a0<\/strong><\/p>\n","protected":false},"excerpt":{"rendered":"<p>Diret\u00f3rio Acad\u00eamico da Engenharia de Materiais &#8211; DAEM &#8211; UFPel Programa de P\u00f3s-Gradua\u00e7\u00e3o em Ci\u00eancia e Engenharia de Materiais (PPGCEM-UFPel) Profa. Dra. Amanda Dantas de Oliveira (Coordenadora do evento) Prof. Dr. Neftal\u00ed Lenin Villarreal Carre\u00f1o Profa. Dra. Margarete R. Freitas Gon\u00e7alves Profa. Dra. Alice Gon\u00e7alves Osorio Profa. Dra. Cristiane Wienke Raubach Ratmann Dr. Jos\u00e9 Henrique [&hellip;]<\/p>\n","protected":false},"author":694,"featured_media":0,"parent":25,"menu_order":0,"comment_status":"closed","ping_status":"closed","template":"","meta":{"footnotes":""},"class_list":["post-28","page","type-page","status-publish","hentry"],"_links":{"self":[{"href":"https:\/\/wp.ufpel.edu.br\/wcem\/wp-json\/wp\/v2\/pages\/28","targetHints":{"allow":["GET"]}}],"collection":[{"href":"https:\/\/wp.ufpel.edu.br\/wcem\/wp-json\/wp\/v2\/pages"}],"about":[{"href":"https:\/\/wp.ufpel.edu.br\/wcem\/wp-json\/wp\/v2\/types\/page"}],"author":[{"embeddable":true,"href":"https:\/\/wp.ufpel.edu.br\/wcem\/wp-json\/wp\/v2\/users\/694"}],"replies":[{"embeddable":true,"href":"https:\/\/wp.ufpel.edu.br\/wcem\/wp-json\/wp\/v2\/comments?post=28"}],"version-history":[{"count":11,"href":"https:\/\/wp.ufpel.edu.br\/wcem\/wp-json\/wp\/v2\/pages\/28\/revisions"}],"predecessor-version":[{"id":497,"href":"https:\/\/wp.ufpel.edu.br\/wcem\/wp-json\/wp\/v2\/pages\/28\/revisions\/497"}],"up":[{"embeddable":true,"href":"https:\/\/wp.ufpel.edu.br\/wcem\/wp-json\/wp\/v2\/pages\/25"}],"wp:attachment":[{"href":"https:\/\/wp.ufpel.edu.br\/wcem\/wp-json\/wp\/v2\/media?parent=28"}],"curies":[{"name":"wp","href":"https:\/\/api.w.org\/{rel}","templated":true}]}}