{"id":22,"date":"2016-09-08T15:03:42","date_gmt":"2016-09-08T18:03:42","guid":{"rendered":"https:\/\/wp.ufpel.edu.br\/wcem\/?page_id=22"},"modified":"2018-08-24T20:35:39","modified_gmt":"2018-08-24T23:35:39","slug":"submissao","status":"publish","type":"page","link":"https:\/\/wp.ufpel.edu.br\/wcem\/submissao\/","title":{"rendered":"Valores"},"content":{"rendered":"<p>Valor da inscri\u00e7\u00e3o:<\/p>\n<p>1\u00ba Lote: 22\/08 a 20\/09 &#8211; R$30,00 (gradua\u00e7\u00e3o), R$40,00 (p\u00f3s-gradua\u00e7\u00e3o), R$50,00 (profissional)<\/p>\n<p>2\u00ba Lote: 20\/09 a 15\/10 &#8211; R$35,00 (gradua\u00e7\u00e3o), R$45,00 (p\u00f3s-gradua\u00e7\u00e3o), R$55,00 (profissional)<\/p>\n<p>Obs.: sem minicursos.<\/p>\n<p>&nbsp;<\/p>\n<p>PAGAMENTO:<\/p>\n<p>O pagamento para a GRADUA\u00c7\u00c3O dever\u00e1 ser feito diretamente na sala do DAEM nos seguintes dias e hor\u00e1rios:<br \/>\nSEGUNDA das 8:30h \u00e0s 9:30h;<br \/>\nTER\u00c7A das 13:00h \u00e0s 15:00h;<br \/>\nQUARTA das 8:30h \u00e0s 10:00h;<br \/>\nQUINTA das 10:00h \u00e0s 12:00h e das 13:00h \u00e0s 15:00h;<br \/>\nSEXTA das 8:00h \u00e0s 10:00h e das 13:30 \u00e0s 15:30h.<\/p>\n<p>O pagamento para a P\u00d3S-GRADUA\u00c7\u00c3O E PROFISSIONAL dever\u00e1 ser realizado por dep\u00f3sito banc\u00e1rio identificado para a conta do Banco do Brasil. Ag\u00eancia: 4468-7. Conta corrente: 16330-9. Nome: Funda\u00e7\u00e3o Delfim Mendes Silveira.\u00a0 CNPJ 03.703.102\/0001-61.<br \/>\nOs comprovantes de dep\u00f3sito devem ser enviados para o e-mail:\u00a0wcemufpel@gmail.com. O participante que n\u00e3o enviar o comprovante n\u00e3o estar\u00e1 inscrito no evento.<\/p>\n","protected":false},"excerpt":{"rendered":"<p>Valor da inscri\u00e7\u00e3o: 1\u00ba Lote: 22\/08 a 20\/09 &#8211; R$30,00 (gradua\u00e7\u00e3o), R$40,00 (p\u00f3s-gradua\u00e7\u00e3o), R$50,00 (profissional) 2\u00ba Lote: 20\/09 a 15\/10 &#8211; R$35,00 (gradua\u00e7\u00e3o), R$45,00 (p\u00f3s-gradua\u00e7\u00e3o), R$55,00 (profissional) Obs.: sem minicursos. &nbsp; PAGAMENTO: O pagamento para a GRADUA\u00c7\u00c3O dever\u00e1 ser feito diretamente na sala do DAEM nos seguintes dias e hor\u00e1rios: SEGUNDA das 8:30h \u00e0s 9:30h; [&hellip;]<\/p>\n","protected":false},"author":694,"featured_media":0,"parent":0,"menu_order":0,"comment_status":"closed","ping_status":"closed","template":"","meta":{"footnotes":""},"class_list":["post-22","page","type-page","status-publish","hentry"],"_links":{"self":[{"href":"https:\/\/wp.ufpel.edu.br\/wcem\/wp-json\/wp\/v2\/pages\/22","targetHints":{"allow":["GET"]}}],"collection":[{"href":"https:\/\/wp.ufpel.edu.br\/wcem\/wp-json\/wp\/v2\/pages"}],"about":[{"href":"https:\/\/wp.ufpel.edu.br\/wcem\/wp-json\/wp\/v2\/types\/page"}],"author":[{"embeddable":true,"href":"https:\/\/wp.ufpel.edu.br\/wcem\/wp-json\/wp\/v2\/users\/694"}],"replies":[{"embeddable":true,"href":"https:\/\/wp.ufpel.edu.br\/wcem\/wp-json\/wp\/v2\/comments?post=22"}],"version-history":[{"count":14,"href":"https:\/\/wp.ufpel.edu.br\/wcem\/wp-json\/wp\/v2\/pages\/22\/revisions"}],"predecessor-version":[{"id":425,"href":"https:\/\/wp.ufpel.edu.br\/wcem\/wp-json\/wp\/v2\/pages\/22\/revisions\/425"}],"wp:attachment":[{"href":"https:\/\/wp.ufpel.edu.br\/wcem\/wp-json\/wp\/v2\/media?parent=22"}],"curies":[{"name":"wp","href":"https:\/\/api.w.org\/{rel}","templated":true}]}}