{"id":196,"date":"2016-10-17T16:53:42","date_gmt":"2016-10-17T18:53:42","guid":{"rendered":"https:\/\/wp.ufpel.edu.br\/wcem\/?page_id=196"},"modified":"2018-07-09T20:02:06","modified_gmt":"2018-07-09T23:02:06","slug":"certificados","status":"publish","type":"page","link":"https:\/\/wp.ufpel.edu.br\/wcem\/inscricao\/certificados\/","title":{"rendered":"Certificados"},"content":{"rendered":"<p>Para receber o certificado de participa\u00e7\u00e3o o participante dever\u00e1 ter 75% ou mais de frequ\u00eancia nas palestras.<\/p>\n<p>&nbsp;<\/p>\n<p>&nbsp;<\/p>\n","protected":false},"excerpt":{"rendered":"<p>Para receber o certificado de participa\u00e7\u00e3o o participante dever\u00e1 ter 75% ou mais de frequ\u00eancia nas palestras. &nbsp; &nbsp;<\/p>\n","protected":false},"author":694,"featured_media":0,"parent":109,"menu_order":1,"comment_status":"closed","ping_status":"closed","template":"","meta":{"footnotes":""},"class_list":["post-196","page","type-page","status-publish","hentry"],"_links":{"self":[{"href":"https:\/\/wp.ufpel.edu.br\/wcem\/wp-json\/wp\/v2\/pages\/196","targetHints":{"allow":["GET"]}}],"collection":[{"href":"https:\/\/wp.ufpel.edu.br\/wcem\/wp-json\/wp\/v2\/pages"}],"about":[{"href":"https:\/\/wp.ufpel.edu.br\/wcem\/wp-json\/wp\/v2\/types\/page"}],"author":[{"embeddable":true,"href":"https:\/\/wp.ufpel.edu.br\/wcem\/wp-json\/wp\/v2\/users\/694"}],"replies":[{"embeddable":true,"href":"https:\/\/wp.ufpel.edu.br\/wcem\/wp-json\/wp\/v2\/comments?post=196"}],"version-history":[{"count":5,"href":"https:\/\/wp.ufpel.edu.br\/wcem\/wp-json\/wp\/v2\/pages\/196\/revisions"}],"predecessor-version":[{"id":322,"href":"https:\/\/wp.ufpel.edu.br\/wcem\/wp-json\/wp\/v2\/pages\/196\/revisions\/322"}],"up":[{"embeddable":true,"href":"https:\/\/wp.ufpel.edu.br\/wcem\/wp-json\/wp\/v2\/pages\/109"}],"wp:attachment":[{"href":"https:\/\/wp.ufpel.edu.br\/wcem\/wp-json\/wp\/v2\/media?parent=196"}],"curies":[{"name":"wp","href":"https:\/\/api.w.org\/{rel}","templated":true}]}}