{"id":15,"date":"2016-09-08T15:01:59","date_gmt":"2016-09-08T18:01:59","guid":{"rendered":"https:\/\/wp.ufpel.edu.br\/wcem\/?page_id=15"},"modified":"2018-09-21T12:30:07","modified_gmt":"2018-09-21T15:30:07","slug":"home","status":"publish","type":"page","link":"https:\/\/wp.ufpel.edu.br\/wcem\/home\/","title":{"rendered":"Home"},"content":{"rendered":"<p style=\"text-align: justify\">O Diret\u00f3rio Acad\u00eamico da Engenharia de Materiais &#8211; DAEM &#8211; UFPel, juntamente com a coordena\u00e7\u00e3o da Gradua\u00e7\u00e3o em Engenharia de Materiais &#8211; UFPel e o Programa de P\u00f3s Gradua\u00e7\u00e3o em Ci\u00eancia e Engenharia de Materiais &#8211; UFPel\u00a0 tem o prazer de convidar \u00e0 toda a comunidade acad\u00eamica, alunos, professores e demais interessados para o evento integrado III WORKSHOP EM CI\u00caNCIA E ENGENHARIA DE MATERIAIS \/ IV SEMANA ACAD\u00caMICA EM ENGENHARIA DE MATERIAIS.<\/p>\n<p style=\"text-align: justify\"><span>A ser realizado de 15 a 19 de Outubro de 2018, no Audit\u00f3rio do CEHUS, localizado na Rua Coronel Alberto Rosa, n\u00ba 154 (em frente ao ICH) (Pelotas\/RS).<\/span> E contar\u00e1 com palestras nacionais e internacionais tanto da \u00e1rea acad\u00eamica como da industrial al\u00e9m de minicursos, visitas t\u00e9cnicas, mesa redonda e apresenta\u00e7\u00e3o de posters.<\/p>\n<p>Os participantes do evento poder\u00e3o submeter seus trabalhos na forma de artigo cient\u00edfico para publica\u00e7\u00e3o na Revista Brasileira de Engenharia e Sustentabilidade (RBES). A RBES ir\u00e1 publicar um n\u00famero especial com trabalhos oriundos do\u00a0III WORKSHOP EM CI\u00caNCIA E ENGENHARIA DE MATERIAIS \/ IV SEMANA ACAD\u00caMICA EM ENGENHARIA DE MATERIAIS.<\/p>\n<p style=\"text-align: justify\">\n","protected":false},"excerpt":{"rendered":"<p>O Diret\u00f3rio Acad\u00eamico da Engenharia de Materiais &#8211; DAEM &#8211; UFPel, juntamente com a coordena\u00e7\u00e3o da Gradua\u00e7\u00e3o em Engenharia de Materiais &#8211; UFPel e o Programa de P\u00f3s Gradua\u00e7\u00e3o em Ci\u00eancia e Engenharia de Materiais &#8211; UFPel\u00a0 tem o prazer de convidar \u00e0 toda a comunidade acad\u00eamica, alunos, professores e demais interessados para o evento [&hellip;]<\/p>\n","protected":false},"author":694,"featured_media":0,"parent":0,"menu_order":0,"comment_status":"closed","ping_status":"closed","template":"","meta":{"footnotes":""},"class_list":["post-15","page","type-page","status-publish","hentry"],"_links":{"self":[{"href":"https:\/\/wp.ufpel.edu.br\/wcem\/wp-json\/wp\/v2\/pages\/15","targetHints":{"allow":["GET"]}}],"collection":[{"href":"https:\/\/wp.ufpel.edu.br\/wcem\/wp-json\/wp\/v2\/pages"}],"about":[{"href":"https:\/\/wp.ufpel.edu.br\/wcem\/wp-json\/wp\/v2\/types\/page"}],"author":[{"embeddable":true,"href":"https:\/\/wp.ufpel.edu.br\/wcem\/wp-json\/wp\/v2\/users\/694"}],"replies":[{"embeddable":true,"href":"https:\/\/wp.ufpel.edu.br\/wcem\/wp-json\/wp\/v2\/comments?post=15"}],"version-history":[{"count":7,"href":"https:\/\/wp.ufpel.edu.br\/wcem\/wp-json\/wp\/v2\/pages\/15\/revisions"}],"predecessor-version":[{"id":308,"href":"https:\/\/wp.ufpel.edu.br\/wcem\/wp-json\/wp\/v2\/pages\/15\/revisions\/308"}],"wp:attachment":[{"href":"https:\/\/wp.ufpel.edu.br\/wcem\/wp-json\/wp\/v2\/media?parent=15"}],"curies":[{"name":"wp","href":"https:\/\/api.w.org\/{rel}","templated":true}]}}