{"id":109,"date":"2016-09-18T12:46:51","date_gmt":"2016-09-18T15:46:51","guid":{"rendered":"https:\/\/wp.ufpel.edu.br\/wcem\/?page_id=109"},"modified":"2018-08-22T09:22:54","modified_gmt":"2018-08-22T12:22:54","slug":"inscricao","status":"publish","type":"page","link":"https:\/\/wp.ufpel.edu.br\/wcem\/inscricao\/","title":{"rendered":"Inscri\u00e7\u00e3o"},"content":{"rendered":"<p>INSCRI\u00c7\u00c3O:<\/p>\n<p>Para realizar a inscri\u00e7\u00e3o o participante dever\u00e1 preencher o seguinte formul\u00e1rio:<\/p>\n<p>https:\/\/docs.google.com\/forms\/d\/e\/1FAIpQLSdvyWn0nlt-lxjICxXKUY19hv8Z3ElOHWUuqGwijDom0tea1g\/viewform<\/p>\n<p>&nbsp;<\/p>\n<p>PAGAMENTO:<\/p>\n<p>O pagamento para a GRADUA\u00c7\u00c3O dever\u00e1 ser feito diretamente na sala do DAEM nos seguintes dias e hor\u00e1rios:<br \/>\nSEGUNDA das 8:30h \u00e0s 9:30h;<br \/>\nTER\u00c7A das 13:00h \u00e0s 15:00h;<br \/>\nQUARTA das 8:30h \u00e0s 10:00h;<br \/>\nQUINTA das 10:00h \u00e0s 12:00h e das 13:00h \u00e0s 15:00h;<br \/>\nSEXTA das 8:00h \u00e0s 10:00h e das 13:30 \u00e0s 15:30h.<\/p>\n<p>O pagamento para a P\u00d3S-GRADUA\u00c7\u00c3O E PROFISSIONAL dever\u00e1 ser realizado por dep\u00f3sito banc\u00e1rio identificado para a conta do Banco do Brasil. Ag\u00eancia: 4468-7. Conta corrente: 16330-9. Nome: Funda\u00e7\u00e3o Delfim Mendes Silveira.\u00a0 CNPJ 03.703.102\/0001-61.<br \/>\nOs comprovantes de dep\u00f3sito devem ser enviados para o e-mail:\u00a0wcemufpel@gmail.com. O participante que n\u00e3o enviar o comprovante n\u00e3o estar\u00e1 inscrito no evento.<\/p>\n<p>&nbsp;<\/p>\n","protected":false},"excerpt":{"rendered":"<p>INSCRI\u00c7\u00c3O: Para realizar a inscri\u00e7\u00e3o o participante dever\u00e1 preencher o seguinte formul\u00e1rio: https:\/\/docs.google.com\/forms\/d\/e\/1FAIpQLSdvyWn0nlt-lxjICxXKUY19hv8Z3ElOHWUuqGwijDom0tea1g\/viewform &nbsp; PAGAMENTO: O pagamento para a GRADUA\u00c7\u00c3O dever\u00e1 ser feito diretamente na sala do DAEM nos seguintes dias e hor\u00e1rios: SEGUNDA das 8:30h \u00e0s 9:30h; TER\u00c7A das 13:00h \u00e0s 15:00h; QUARTA das 8:30h \u00e0s 10:00h; QUINTA das 10:00h \u00e0s 12:00h e das [&hellip;]<\/p>\n","protected":false},"author":694,"featured_media":0,"parent":0,"menu_order":3,"comment_status":"closed","ping_status":"closed","template":"","meta":{"footnotes":""},"class_list":["post-109","page","type-page","status-publish","hentry"],"_links":{"self":[{"href":"https:\/\/wp.ufpel.edu.br\/wcem\/wp-json\/wp\/v2\/pages\/109","targetHints":{"allow":["GET"]}}],"collection":[{"href":"https:\/\/wp.ufpel.edu.br\/wcem\/wp-json\/wp\/v2\/pages"}],"about":[{"href":"https:\/\/wp.ufpel.edu.br\/wcem\/wp-json\/wp\/v2\/types\/page"}],"author":[{"embeddable":true,"href":"https:\/\/wp.ufpel.edu.br\/wcem\/wp-json\/wp\/v2\/users\/694"}],"replies":[{"embeddable":true,"href":"https:\/\/wp.ufpel.edu.br\/wcem\/wp-json\/wp\/v2\/comments?post=109"}],"version-history":[{"count":11,"href":"https:\/\/wp.ufpel.edu.br\/wcem\/wp-json\/wp\/v2\/pages\/109\/revisions"}],"predecessor-version":[{"id":417,"href":"https:\/\/wp.ufpel.edu.br\/wcem\/wp-json\/wp\/v2\/pages\/109\/revisions\/417"}],"wp:attachment":[{"href":"https:\/\/wp.ufpel.edu.br\/wcem\/wp-json\/wp\/v2\/media?parent=109"}],"curies":[{"name":"wp","href":"https:\/\/api.w.org\/{rel}","templated":true}]}}