{"id":32,"date":"2018-08-22T19:02:02","date_gmt":"2018-08-22T22:02:02","guid":{"rendered":"https:\/\/wp.ufpel.edu.br\/water\/?page_id=32"},"modified":"2025-08-18T18:15:55","modified_gmt":"2025-08-18T21:15:55","slug":"the-venue","status":"publish","type":"page","link":"https:\/\/wp.ufpel.edu.br\/water\/the-venue\/","title":{"rendered":"The Venue"},"content":{"rendered":"<article class=\"text-token-text-primary w-full focus:outline-none scroll-mt-[calc(var(--header-height)+min(200px,max(70px,20svh)))]\" dir=\"auto\" tabindex=\"-1\" data-turn-id=\"request-WEB:82ec6f8f-0028-47c6-9d72-b5d08c4fc038-3\" data-testid=\"conversation-turn-8\" data-scroll-anchor=\"true\" data-turn=\"assistant\">\n<div class=\"text-base my-auto mx-auto pb-10 [--thread-content-margin:--spacing(4)] @[37rem]:[--thread-content-margin:--spacing(6)] @[72rem]:[--thread-content-margin:--spacing(16)] px-(--thread-content-margin)\">\n<div class=\"[--thread-content-max-width:32rem] @[34rem]:[--thread-content-max-width:40rem] @[64rem]:[--thread-content-max-width:48rem] mx-auto max-w-(--thread-content-max-width) flex-1 group\/turn-messages focus-visible:outline-hidden relative flex w-full min-w-0 flex-col agent-turn\" tabindex=\"-1\">\n<div class=\"flex max-w-full flex-col grow\">\n<div class=\"min-h-8 text-message relative flex w-full flex-col items-end gap-2 text-start break-words whitespace-normal [.text-message+&amp;]:mt-5\" dir=\"auto\" data-message-author-role=\"assistant\" data-message-id=\"ed84784e-9bd1-49d6-b8bf-7bfb2b1b32e3\" data-message-model-slug=\"gpt-5-thinking\">\n<div class=\"flex w-full flex-col gap-1 empty:hidden first:pt-[3px]\">\n<div class=\"markdown prose dark:prose-invert w-full break-words light markdown-new-styling\">\n<p data-start=\"68\" data-end=\"218\"><strong data-start=\"68\" data-end=\"81\">Location:<\/strong> Pelotas, Rio Grande do Sul, Brazil<br data-start=\"116\" data-end=\"119\" \/><strong data-start=\"119\" data-end=\"129\">Venue:<\/strong> UFPel Conservatory of Music Auditorium <em data-start=\"169\" data-end=\"218\" data-is-only-node=\"\">(Audit\u00f3rio do Conservat\u00f3rio de M\u00fasica da UFPel)<\/em><\/p>\n<div style=\"width: 350px\" class=\"wp-caption alignleft\"><img loading=\"lazy\" decoding=\"async\" class=\"\" src=\"https:\/\/ccs2.ufpel.edu.br\/wp\/wp-content\/uploads\/2021\/09\/Conservatorio-de-Musica-scaled.jpg\" alt=\"\" width=\"340\" height=\"226\" \/><p class=\"wp-caption-text\">Conservat\u00f3rio de M\u00fasica da UFPel<\/p><\/div>\n<p data-start=\"220\" data-end=\"701\"><strong data-start=\"220\" data-end=\"240\">About the Venue:<\/strong><br data-start=\"240\" data-end=\"243\" \/>The Federal University of Pelotas (UFPel) is a public research university with campuses distributed across Pelotas and the nearby municipality of Cap\u00e3o do Le\u00e3o. The Conservatory of Music\u2014part of UFPel\u2019s Center for the Arts\u2014is housed in a historic building in the city center and regularly hosts concerts, lectures, and academic events. Its auditorium offers excellent acoustics and modern audiovisual facilities, ideal for plenary sessions and keynote talks.<\/p>\n<div style=\"width: 452px\" class=\"wp-caption alignright\"><img loading=\"lazy\" decoding=\"async\" src=\"https:\/\/destinosdosul.com\/wp-content\/uploads\/2022\/07\/20220630_160712.jpg\" alt=\"\" width=\"442\" height=\"199\" \/><p class=\"wp-caption-text\">Museu do Doce\/UFPel (Casar\u00e3o n\u00ba 8)<\/p><\/div>\n<p data-start=\"703\" data-end=\"988\" data-is-last-node=\"\" data-is-only-node=\"\"><strong data-start=\"703\" data-end=\"721\">About Pelotas:<\/strong><br data-start=\"721\" data-end=\"724\" \/>Pelotas is a historic city in southern Brazil, known for its cultural heritage, eclectic architecture, and proximity to the Lagoa dos Patos lagoon. The venue is within a lively downtown area with convenient access to hotels, restaurants, and public transportation.<\/p>\n<\/div>\n<\/div>\n<\/div>\n<\/div>\n<div class=\"flex min-h-[46px] justify-start\"><\/div>\n<div class=\"mt-3 w-full empty:hidden\">\n<div class=\"text-center\">\n<article class=\"text-token-text-primary w-full focus:outline-none scroll-mt-[calc(var(--header-height)+min(200px,max(70px,20svh)))]\" dir=\"auto\" tabindex=\"-1\" data-turn-id=\"request-WEB:82ec6f8f-0028-47c6-9d72-b5d08c4fc038-4\" data-testid=\"conversation-turn-10\" data-scroll-anchor=\"true\" data-turn=\"assistant\">\n<div class=\"text-base my-auto mx-auto pb-10 [--thread-content-margin:--spacing(4)] @[37rem]:[--thread-content-margin:--spacing(6)] @[72rem]:[--thread-content-margin:--spacing(16)] px-(--thread-content-margin)\">\n<div class=\"[--thread-content-max-width:32rem] @[34rem]:[--thread-content-max-width:40rem] @[64rem]:[--thread-content-max-width:48rem] mx-auto max-w-(--thread-content-max-width) flex-1 group\/turn-messages focus-visible:outline-hidden relative flex w-full min-w-0 flex-col agent-turn\" tabindex=\"-1\">\n<div class=\"flex max-w-full flex-col grow\">\n<div class=\"min-h-8 text-message relative flex w-full flex-col items-end gap-2 text-start break-words whitespace-normal [.text-message+&amp;]:mt-5\" dir=\"auto\" data-message-author-role=\"assistant\" data-message-id=\"5c2e7a09-b6bd-4e82-8db0-67bea5c260f5\" data-message-model-slug=\"gpt-5-thinking\">\n<div class=\"flex w-full flex-col gap-1 empty:hidden first:pt-[3px]\">\n<div class=\"markdown prose dark:prose-invert w-full break-words light markdown-new-styling\">\n<p data-start=\"0\" data-end=\"578\" data-is-last-node=\"\" data-is-only-node=\"\">Pelotas is renowned for its traditional confectionery\u2014recognized as Brazilian intangible cultural heritage\u2014kept alive by century-old patisseries that craft <em data-start=\"185\" data-end=\"198\">doces finos<\/em> of Luso-Brazilian inspiration. Throughout the year, visitors can sample classics such as <em data-start=\"288\" data-end=\"295\">ninho<\/em>, <em data-start=\"297\" data-end=\"306\">camafeu<\/em>, <em data-start=\"308\" data-end=\"317\">quindim<\/em> and <em data-start=\"322\" data-end=\"345\">pastel de Santa Clara<\/em>. Cozy caf\u00e9s and historic sweet shops lie within walking distance of the Conservatory, making it easy to pair science with a taste of Pelotas.<\/p>\n<\/div>\n<\/div>\n<\/div>\n<\/div>\n<div class=\"flex min-h-[46px] justify-start\"><\/div>\n<div class=\"mt-3 w-full empty:hidden\">\n<div style=\"width: 375px\" class=\"wp-caption alignleft\"><img loading=\"lazy\" decoding=\"async\" src=\"https:\/\/publicador-api.pelotas.com.br\/storage\/13c84261f745d55f8d7d77cdacf93dd44cb19bae.jpeg\" alt=\"\" width=\"365\" height=\"243\" \/><p class=\"wp-caption-text\">Est\u00e1tua de Jo\u00e3o Sim\u00f5es Lopes Neto, com o Mercado P\u00fablico ao fundo<\/p><\/div>\n<\/div>\n<\/div>\n<\/div>\n<\/article>\n<\/div>\n<\/div>\n<\/div>\n<\/div>\n<\/article>\n<div style=\"width: 445px\" class=\"wp-caption alignright\"><img loading=\"lazy\" decoding=\"async\" src=\"https:\/\/www.pelotasturismo.com.br\/img\/full\/3IdvRTiIxzBjlINBci706Oz69MAHawde5zdWH4l4.png\" alt=\"\" width=\"435\" height=\"261\" \/><p class=\"wp-caption-text\">Interior da Bibliotheca P\u00fablica Pelotense<\/p><\/div>\n","protected":false},"excerpt":{"rendered":"<p>Location: Pelotas, Rio Grande do Sul, BrazilVenue: UFPel Conservatory of Music Auditorium (Audit\u00f3rio do Conservat\u00f3rio de M\u00fasica da UFPel) About the Venue:The Federal University of Pelotas (UFPel) is a public research university with campuses distributed across Pelotas and the nearby municipality of Cap\u00e3o do Le\u00e3o. The Conservatory of Music\u2014part of UFPel\u2019s Center for the Arts\u2014is [&hellip;]<\/p>\n","protected":false},"author":871,"featured_media":0,"parent":0,"menu_order":0,"comment_status":"closed","ping_status":"closed","template":"","meta":{"footnotes":""},"class_list":["post-32","page","type-page","status-publish","hentry","post"],"_links":{"self":[{"href":"https:\/\/wp.ufpel.edu.br\/water\/wp-json\/wp\/v2\/pages\/32","targetHints":{"allow":["GET"]}}],"collection":[{"href":"https:\/\/wp.ufpel.edu.br\/water\/wp-json\/wp\/v2\/pages"}],"about":[{"href":"https:\/\/wp.ufpel.edu.br\/water\/wp-json\/wp\/v2\/types\/page"}],"author":[{"embeddable":true,"href":"https:\/\/wp.ufpel.edu.br\/water\/wp-json\/wp\/v2\/users\/871"}],"replies":[{"embeddable":true,"href":"https:\/\/wp.ufpel.edu.br\/water\/wp-json\/wp\/v2\/comments?post=32"}],"version-history":[{"count":4,"href":"https:\/\/wp.ufpel.edu.br\/water\/wp-json\/wp\/v2\/pages\/32\/revisions"}],"predecessor-version":[{"id":378,"href":"https:\/\/wp.ufpel.edu.br\/water\/wp-json\/wp\/v2\/pages\/32\/revisions\/378"}],"wp:attachment":[{"href":"https:\/\/wp.ufpel.edu.br\/water\/wp-json\/wp\/v2\/media?parent=32"}],"curies":[{"name":"wp","href":"https:\/\/api.w.org\/{rel}","templated":true}]}}