{"id":470,"date":"2025-09-14T23:39:47","date_gmt":"2025-09-15T02:39:47","guid":{"rendered":"https:\/\/wp.ufpel.edu.br\/walter\/?page_id=470"},"modified":"2025-09-18T11:26:57","modified_gmt":"2025-09-18T14:26:57","slug":"coordenacao-de-projetos","status":"publish","type":"page","link":"https:\/\/wp.ufpel.edu.br\/walter\/documentacao\/coordenacao-de-projetos\/","title":{"rendered":"Coordena\u00e7\u00e3o e Participa\u00e7\u00e3o em Projetos"},"content":{"rendered":"","protected":true},"excerpt":{"rendered":"","protected":true},"author":614,"featured_media":0,"parent":564,"menu_order":0,"comment_status":"closed","ping_status":"closed","template":"","meta":{"footnotes":""},"class_list":["post-470","page","type-page","status-publish","post-password-required","hentry"],"jetpack_sharing_enabled":true,"_links":{"self":[{"href":"https:\/\/wp.ufpel.edu.br\/walter\/wp-json\/wp\/v2\/pages\/470","targetHints":{"allow":["GET"]}}],"collection":[{"href":"https:\/\/wp.ufpel.edu.br\/walter\/wp-json\/wp\/v2\/pages"}],"about":[{"href":"https:\/\/wp.ufpel.edu.br\/walter\/wp-json\/wp\/v2\/types\/page"}],"author":[{"embeddable":true,"href":"https:\/\/wp.ufpel.edu.br\/walter\/wp-json\/wp\/v2\/users\/614"}],"replies":[{"embeddable":true,"href":"https:\/\/wp.ufpel.edu.br\/walter\/wp-json\/wp\/v2\/comments?post=470"}],"version-history":[{"count":3,"href":"https:\/\/wp.ufpel.edu.br\/walter\/wp-json\/wp\/v2\/pages\/470\/revisions"}],"predecessor-version":[{"id":489,"href":"https:\/\/wp.ufpel.edu.br\/walter\/wp-json\/wp\/v2\/pages\/470\/revisions\/489"}],"up":[{"embeddable":true,"href":"https:\/\/wp.ufpel.edu.br\/walter\/wp-json\/wp\/v2\/pages\/564"}],"wp:attachment":[{"href":"https:\/\/wp.ufpel.edu.br\/walter\/wp-json\/wp\/v2\/media?parent=470"}],"curies":[{"name":"wp","href":"https:\/\/api.w.org\/{rel}","templated":true}]}}