{"id":453,"date":"2025-09-14T22:58:19","date_gmt":"2025-09-15T01:58:19","guid":{"rendered":"https:\/\/wp.ufpel.edu.br\/walter\/?page_id=453"},"modified":"2025-09-18T11:26:38","modified_gmt":"2025-09-18T14:26:38","slug":"bancas-pos-graduacao","status":"publish","type":"page","link":"https:\/\/wp.ufpel.edu.br\/walter\/documentacao\/bancas-pos-graduacao\/","title":{"rendered":"Bancas P\u00f3s-Gradua\u00e7\u00e3o"},"content":{"rendered":"","protected":true},"excerpt":{"rendered":"","protected":true},"author":614,"featured_media":0,"parent":564,"menu_order":0,"comment_status":"closed","ping_status":"closed","template":"","meta":{"footnotes":""},"class_list":["post-453","page","type-page","status-publish","post-password-required","hentry"],"jetpack_sharing_enabled":true,"_links":{"self":[{"href":"https:\/\/wp.ufpel.edu.br\/walter\/wp-json\/wp\/v2\/pages\/453","targetHints":{"allow":["GET"]}}],"collection":[{"href":"https:\/\/wp.ufpel.edu.br\/walter\/wp-json\/wp\/v2\/pages"}],"about":[{"href":"https:\/\/wp.ufpel.edu.br\/walter\/wp-json\/wp\/v2\/types\/page"}],"author":[{"embeddable":true,"href":"https:\/\/wp.ufpel.edu.br\/walter\/wp-json\/wp\/v2\/users\/614"}],"replies":[{"embeddable":true,"href":"https:\/\/wp.ufpel.edu.br\/walter\/wp-json\/wp\/v2\/comments?post=453"}],"version-history":[{"count":3,"href":"https:\/\/wp.ufpel.edu.br\/walter\/wp-json\/wp\/v2\/pages\/453\/revisions"}],"predecessor-version":[{"id":492,"href":"https:\/\/wp.ufpel.edu.br\/walter\/wp-json\/wp\/v2\/pages\/453\/revisions\/492"}],"up":[{"embeddable":true,"href":"https:\/\/wp.ufpel.edu.br\/walter\/wp-json\/wp\/v2\/pages\/564"}],"wp:attachment":[{"href":"https:\/\/wp.ufpel.edu.br\/walter\/wp-json\/wp\/v2\/media?parent=453"}],"curies":[{"name":"wp","href":"https:\/\/api.w.org\/{rel}","templated":true}]}}