{"id":291,"date":"2025-09-10T15:39:36","date_gmt":"2025-09-10T18:39:36","guid":{"rendered":"https:\/\/wp.ufpel.edu.br\/walter\/?page_id=291"},"modified":"2025-09-18T11:25:32","modified_gmt":"2025-09-18T14:25:32","slug":"atividades-de-ensino-na-pos-graduacao-no-exterior","status":"publish","type":"page","link":"https:\/\/wp.ufpel.edu.br\/walter\/documentacao\/atividades-de-ensino-na-pos-graduacao-no-exterior\/","title":{"rendered":"Atividades de ensino na p\u00f3s-gradua\u00e7\u00e3o no exterior"},"content":{"rendered":"","protected":true},"excerpt":{"rendered":"","protected":true},"author":614,"featured_media":0,"parent":564,"menu_order":0,"comment_status":"closed","ping_status":"closed","template":"","meta":{"footnotes":""},"class_list":["post-291","page","type-page","status-publish","post-password-required","hentry"],"jetpack_sharing_enabled":true,"_links":{"self":[{"href":"https:\/\/wp.ufpel.edu.br\/walter\/wp-json\/wp\/v2\/pages\/291","targetHints":{"allow":["GET"]}}],"collection":[{"href":"https:\/\/wp.ufpel.edu.br\/walter\/wp-json\/wp\/v2\/pages"}],"about":[{"href":"https:\/\/wp.ufpel.edu.br\/walter\/wp-json\/wp\/v2\/types\/page"}],"author":[{"embeddable":true,"href":"https:\/\/wp.ufpel.edu.br\/walter\/wp-json\/wp\/v2\/users\/614"}],"replies":[{"embeddable":true,"href":"https:\/\/wp.ufpel.edu.br\/walter\/wp-json\/wp\/v2\/comments?post=291"}],"version-history":[{"count":3,"href":"https:\/\/wp.ufpel.edu.br\/walter\/wp-json\/wp\/v2\/pages\/291\/revisions"}],"predecessor-version":[{"id":299,"href":"https:\/\/wp.ufpel.edu.br\/walter\/wp-json\/wp\/v2\/pages\/291\/revisions\/299"}],"up":[{"embeddable":true,"href":"https:\/\/wp.ufpel.edu.br\/walter\/wp-json\/wp\/v2\/pages\/564"}],"wp:attachment":[{"href":"https:\/\/wp.ufpel.edu.br\/walter\/wp-json\/wp\/v2\/media?parent=291"}],"curies":[{"name":"wp","href":"https:\/\/api.w.org\/{rel}","templated":true}]}}