{"id":64,"date":"2021-06-21T18:37:35","date_gmt":"2021-06-21T21:37:35","guid":{"rendered":"https:\/\/wp.ufpel.edu.br\/votacao\/?page_id=64"},"modified":"2021-06-21T19:12:02","modified_gmt":"2021-06-21T22:12:02","slug":"esqueci-o-endereco-e-a-senha-do-meu-e-mail-institucional","status":"publish","type":"page","link":"https:\/\/wp.ufpel.edu.br\/votacao\/perguntas-frequentes\/esqueci-o-endereco-e-a-senha-do-meu-e-mail-institucional\/","title":{"rendered":"Esqueci o endere\u00e7o e a senha do meu e-mail institucional?"},"content":{"rendered":"<p style=\"text-align: justify\">Nesse caso voc\u00ea pode consultar seu e-mail e redefinir sua senha atrav\u00e9s<br \/>\ndo sistema Cobalto, acessando o menu \u201c<strong>UFPEL<\/strong>\u201d &gt; aba \u201c<strong>e-Mail@UFPel<\/strong>\u201d &gt; aba<br \/>\n\u201c<strong>e-Mail institucional<\/strong>\u201d. Caso voc\u00ea j\u00e1 tenha um e-mail institucional criado ter\u00e1<br \/>\numa linha com os dados das colunas \u201crespons\u00e1vel\u201d, \u201clogin\u201d, \u201cdata da<br \/>\nsolicita\u00e7\u00e3o\u201d, \u201cstatus\u201d e \u201cdata da cria\u00e7\u00e3o\u201d. Caso voc\u00ea n\u00e3o tenha ainda criado um<br \/>\ne-mail institucional aparecer\u00e1 uma mensagem avisando que n\u00e3o h\u00e1 e-mail criado.<br \/>\nPara maiores informa\u00e7\u00f5es acesse: <a href=\"https:\/\/wp.ufpel.edu.br\/cti\/servicos\/email\/\">https:\/\/wp.ufpel.edu.br\/cti\/servicos\/email\/<\/a>.<\/p>\n<p style=\"text-align: justify\">Na mesma tela que voc\u00ea encontra as informa\u00e7\u00f5es apresentadas no<br \/>\npar\u00e1grafo anterior voc\u00ea encontra no canto superior esquerdo um bot\u00e3o<br \/>\n\u201c<strong>Redefinir senha<\/strong>\u201d sinalizado com um cadeado aberto. Clique nesse bot\u00e3o para<br \/>\nser direcionado a janela onde voc\u00ea deve digitar a nova senha e confirm\u00e1-la no<br \/>\ncampo logo abaixo.<br \/>\n<strong><em>Lembre-se: a senha deve conter, pelo menos, 8 caracteres com,<\/em><\/strong><br \/>\n<strong><em>obrigatoriamente, no m\u00ednimo 1 letra mai\u00fascula, 1 letra min\u00fascula, 1<\/em><\/strong><br \/>\n<strong><em>n\u00famero e 1 caractere especial (ex. .,!@#*-_+, entre outros)<\/em><\/strong><\/p>\n","protected":false},"excerpt":{"rendered":"<p>Nesse caso voc\u00ea pode consultar seu e-mail e redefinir sua senha atrav\u00e9s do sistema Cobalto, acessando o menu \u201cUFPEL\u201d &gt; aba \u201ce-Mail@UFPel\u201d &gt; aba \u201ce-Mail institucional\u201d. Caso voc\u00ea j\u00e1 tenha um e-mail institucional criado ter\u00e1 uma linha com os dados das colunas \u201crespons\u00e1vel\u201d, \u201clogin\u201d, \u201cdata da solicita\u00e7\u00e3o\u201d, \u201cstatus\u201d e \u201cdata da cria\u00e7\u00e3o\u201d. Caso voc\u00ea n\u00e3o [&hellip;]<\/p>\n","protected":false},"author":1138,"featured_media":0,"parent":31,"menu_order":0,"comment_status":"closed","ping_status":"closed","template":"","meta":{"footnotes":""},"class_list":["post-64","page","type-page","status-publish","hentry"],"jetpack_sharing_enabled":true,"_links":{"self":[{"href":"https:\/\/wp.ufpel.edu.br\/votacao\/wp-json\/wp\/v2\/pages\/64","targetHints":{"allow":["GET"]}}],"collection":[{"href":"https:\/\/wp.ufpel.edu.br\/votacao\/wp-json\/wp\/v2\/pages"}],"about":[{"href":"https:\/\/wp.ufpel.edu.br\/votacao\/wp-json\/wp\/v2\/types\/page"}],"author":[{"embeddable":true,"href":"https:\/\/wp.ufpel.edu.br\/votacao\/wp-json\/wp\/v2\/users\/1138"}],"replies":[{"embeddable":true,"href":"https:\/\/wp.ufpel.edu.br\/votacao\/wp-json\/wp\/v2\/comments?post=64"}],"version-history":[{"count":2,"href":"https:\/\/wp.ufpel.edu.br\/votacao\/wp-json\/wp\/v2\/pages\/64\/revisions"}],"predecessor-version":[{"id":77,"href":"https:\/\/wp.ufpel.edu.br\/votacao\/wp-json\/wp\/v2\/pages\/64\/revisions\/77"}],"up":[{"embeddable":true,"href":"https:\/\/wp.ufpel.edu.br\/votacao\/wp-json\/wp\/v2\/pages\/31"}],"wp:attachment":[{"href":"https:\/\/wp.ufpel.edu.br\/votacao\/wp-json\/wp\/v2\/media?parent=64"}],"curies":[{"name":"wp","href":"https:\/\/api.w.org\/{rel}","templated":true}]}}