{"id":37,"date":"2021-05-28T16:55:34","date_gmt":"2021-05-28T19:55:34","guid":{"rendered":"https:\/\/wp.ufpel.edu.br\/votacao\/?page_id=37"},"modified":"2022-10-19T09:35:06","modified_gmt":"2022-10-19T12:35:06","slug":"fluxo-de-processo-no-sei","status":"publish","type":"page","link":"https:\/\/wp.ufpel.edu.br\/votacao\/guia\/fluxo-de-processo-no-sei\/","title":{"rendered":"Processo no SEI &#8211; Documentos"},"content":{"rendered":"<p><a href=\"https:\/\/wp.ufpel.edu.br\/votacao\/guia\/fluxo-de-processo-no-sei\/votacao-para-outros-cargos-na-unidade-academica\/\">Vota\u00e7\u00e3o Eletr\u00f4nica via Sistema Helios Voting (Outros Cargos na Unidade Acad\u00eamica)<\/a><\/p>\n<p><a href=\"https:\/\/wp.ufpel.edu.br\/votacao\/guia\/fluxo-de-processo-no-sei\/votacoes-para-administracao-central\/\">Vota\u00e7\u00e3o Eletr\u00f4nica via Sistema Helios Voting (Administra\u00e7\u00e3o Central)<\/a><\/p>\n<p><a href=\"https:\/\/wp.ufpel.edu.br\/votacao\/guia\/fluxo-de-processo-no-sei\/votacao-para-direcao-de-unidade-academica\/\">Vota\u00e7\u00e3o Eletr\u00f4nica via Sistema Helios Voting (Dire\u00e7\u00e3o de Unidade Acad\u00eamica)<\/a><\/p>\n","protected":false},"excerpt":{"rendered":"<p>Vota\u00e7\u00e3o Eletr\u00f4nica via Sistema Helios Voting (Outros Cargos na Unidade Acad\u00eamica) Vota\u00e7\u00e3o Eletr\u00f4nica via Sistema Helios Voting (Administra\u00e7\u00e3o Central) Vota\u00e7\u00e3o Eletr\u00f4nica via Sistema Helios Voting (Dire\u00e7\u00e3o de Unidade Acad\u00eamica)<\/p>\n","protected":false},"author":1138,"featured_media":0,"parent":20,"menu_order":0,"comment_status":"closed","ping_status":"closed","template":"","meta":{"footnotes":""},"class_list":["post-37","page","type-page","status-publish","hentry"],"jetpack_sharing_enabled":true,"_links":{"self":[{"href":"https:\/\/wp.ufpel.edu.br\/votacao\/wp-json\/wp\/v2\/pages\/37","targetHints":{"allow":["GET"]}}],"collection":[{"href":"https:\/\/wp.ufpel.edu.br\/votacao\/wp-json\/wp\/v2\/pages"}],"about":[{"href":"https:\/\/wp.ufpel.edu.br\/votacao\/wp-json\/wp\/v2\/types\/page"}],"author":[{"embeddable":true,"href":"https:\/\/wp.ufpel.edu.br\/votacao\/wp-json\/wp\/v2\/users\/1138"}],"replies":[{"embeddable":true,"href":"https:\/\/wp.ufpel.edu.br\/votacao\/wp-json\/wp\/v2\/comments?post=37"}],"version-history":[{"count":8,"href":"https:\/\/wp.ufpel.edu.br\/votacao\/wp-json\/wp\/v2\/pages\/37\/revisions"}],"predecessor-version":[{"id":351,"href":"https:\/\/wp.ufpel.edu.br\/votacao\/wp-json\/wp\/v2\/pages\/37\/revisions\/351"}],"up":[{"embeddable":true,"href":"https:\/\/wp.ufpel.edu.br\/votacao\/wp-json\/wp\/v2\/pages\/20"}],"wp:attachment":[{"href":"https:\/\/wp.ufpel.edu.br\/votacao\/wp-json\/wp\/v2\/media?parent=37"}],"curies":[{"name":"wp","href":"https:\/\/api.w.org\/{rel}","templated":true}]}}