{"id":31,"date":"2021-05-19T16:13:17","date_gmt":"2021-05-19T19:13:17","guid":{"rendered":"https:\/\/wp.ufpel.edu.br\/votacao\/?page_id=31"},"modified":"2021-06-21T19:32:30","modified_gmt":"2021-06-21T22:32:30","slug":"perguntas-frequentes","status":"publish","type":"page","link":"https:\/\/wp.ufpel.edu.br\/votacao\/perguntas-frequentes\/","title":{"rendered":"D\u00favidas Frequentes"},"content":{"rendered":"<p style=\"text-align: justify\"><a href=\"https:\/\/wp.ufpel.edu.br\/votacao\/perguntas-frequentes\/como-acesso-meu-e-mail-institucional\/\">Como acesso meu e-mail institucional ?\u00a0<\/a><\/p>\n<p style=\"text-align: justify\"><a href=\"https:\/\/wp.ufpel.edu.br\/votacao\/perguntas-frequentes\/esqueci-o-endereco-e-a-senha-do-meu-e-mail-institucional\/\">Esquecei o endere\u00e7o e a senha do meu e-mail institucional, e agora?\u00a0<\/a><\/p>\n<p style=\"text-align: justify\"><a href=\"https:\/\/wp.ufpel.edu.br\/votacao\/perguntas-frequentes\/meu-id-e-senha-estao-invalidos-no-sistema-helios-voting\/\">Meu ID e senha est\u00e3o inv\u00e1lidos no sistema <em>Helios voting<\/em>?<\/a><\/p>\n<p style=\"text-align: justify\"><a href=\"https:\/\/wp.ufpel.edu.br\/votacao\/perguntas-frequentes\/nao-recebi-o-e-mail-com-id-senha-e-link-para-cabine-de-votacao\/\">N\u00e3o Recebi o e-mail com ID, senha e link para a cabine de vota\u00e7\u00e3o, como devo proceder?<\/a><\/p>\n<p style=\"text-align: center\">\n<p>N\u00e3o encontrou resposta para sua d\u00favida? Entre em contato com a CDIP pelo endere\u00e7o <a href=\"mailto:cdip@ufpel.edu.br\">cdip@ufpel.edu.br<\/a><\/p>\n","protected":false},"excerpt":{"rendered":"<p>Como acesso meu e-mail institucional ?\u00a0 Esquecei o endere\u00e7o e a senha do meu e-mail institucional, e agora?\u00a0 Meu ID e senha est\u00e3o inv\u00e1lidos no sistema Helios voting? N\u00e3o Recebi o e-mail com ID, senha e link para a cabine de vota\u00e7\u00e3o, como devo proceder? N\u00e3o encontrou resposta para sua d\u00favida? Entre em contato com [&hellip;]<\/p>\n","protected":false},"author":1138,"featured_media":0,"parent":0,"menu_order":4,"comment_status":"closed","ping_status":"closed","template":"","meta":{"footnotes":""},"class_list":["post-31","page","type-page","status-publish","hentry"],"jetpack_sharing_enabled":true,"_links":{"self":[{"href":"https:\/\/wp.ufpel.edu.br\/votacao\/wp-json\/wp\/v2\/pages\/31","targetHints":{"allow":["GET"]}}],"collection":[{"href":"https:\/\/wp.ufpel.edu.br\/votacao\/wp-json\/wp\/v2\/pages"}],"about":[{"href":"https:\/\/wp.ufpel.edu.br\/votacao\/wp-json\/wp\/v2\/types\/page"}],"author":[{"embeddable":true,"href":"https:\/\/wp.ufpel.edu.br\/votacao\/wp-json\/wp\/v2\/users\/1138"}],"replies":[{"embeddable":true,"href":"https:\/\/wp.ufpel.edu.br\/votacao\/wp-json\/wp\/v2\/comments?post=31"}],"version-history":[{"count":6,"href":"https:\/\/wp.ufpel.edu.br\/votacao\/wp-json\/wp\/v2\/pages\/31\/revisions"}],"predecessor-version":[{"id":84,"href":"https:\/\/wp.ufpel.edu.br\/votacao\/wp-json\/wp\/v2\/pages\/31\/revisions\/84"}],"wp:attachment":[{"href":"https:\/\/wp.ufpel.edu.br\/votacao\/wp-json\/wp\/v2\/media?parent=31"}],"curies":[{"name":"wp","href":"https:\/\/api.w.org\/{rel}","templated":true}]}}