{"id":306,"date":"2022-09-26T09:26:06","date_gmt":"2022-09-26T12:26:06","guid":{"rendered":"https:\/\/wp.ufpel.edu.br\/votacao\/?page_id=306"},"modified":"2023-06-22T17:30:59","modified_gmt":"2023-06-22T20:30:59","slug":"solicitacao-de-votacao","status":"publish","type":"page","link":"https:\/\/wp.ufpel.edu.br\/votacao\/solicitacao-de-votacao\/","title":{"rendered":"Solicita\u00e7\u00e3o de vota\u00e7\u00e3o para estudantes"},"content":{"rendered":"<p><span style=\"color: #800000;\">* As solicita\u00e7\u00f5es devem ser feitas com anteced\u00eancia m\u00ednima de 30 dias da data da elei\u00e7\u00e3o.<\/span><\/p>\n\n<div class=\"wpcf7 no-js\" id=\"wpcf7-f305-o1\" lang=\"pt-BR\" dir=\"ltr\" data-wpcf7-id=\"305\">\n<div class=\"screen-reader-response\"><p role=\"status\" aria-live=\"polite\" aria-atomic=\"true\"><\/p> <ul><\/ul><\/div>\n<form action=\"\/votacao\/wp-json\/wp\/v2\/pages\/306#wpcf7-f305-o1\" method=\"post\" class=\"wpcf7-form init\" aria-label=\"Formul\u00e1rios de contato\" novalidate=\"novalidate\" data-status=\"init\">\n<fieldset class=\"hidden-fields-container\"><input type=\"hidden\" name=\"_wpcf7\" value=\"305\" \/><input type=\"hidden\" name=\"_wpcf7_version\" value=\"6.1.4\" \/><input type=\"hidden\" name=\"_wpcf7_locale\" value=\"pt_BR\" \/><input type=\"hidden\" name=\"_wpcf7_unit_tag\" value=\"wpcf7-f305-o1\" \/><input type=\"hidden\" name=\"_wpcf7_container_post\" value=\"0\" \/><input type=\"hidden\" name=\"_wpcf7_posted_data_hash\" value=\"\" \/>\n<\/fieldset>\n<h3> Informa\u00e7\u00f5es dos respons\u00e1veis pela vota\u00e7\u00e3o\n<\/h3>\n<p><label> Nome do aluno respons\u00e1vel<br \/>\n<span class=\"wpcf7-form-control-wrap\" data-name=\"nome-responsavel\"><input size=\"40\" maxlength=\"400\" class=\"wpcf7-form-control wpcf7-text wpcf7-validates-as-required\" aria-required=\"true\" aria-invalid=\"false\" value=\"\" type=\"text\" name=\"nome-responsavel\" \/><\/span> <\/label>\n<\/p>\n<p><label> N\u00famero de Matr\u00edcula<br \/>\n<span class=\"wpcf7-form-control-wrap\" data-name=\"numero-matricula\"><input size=\"40\" maxlength=\"400\" class=\"wpcf7-form-control wpcf7-text wpcf7-validates-as-required\" aria-required=\"true\" aria-invalid=\"false\" value=\"\" type=\"text\" name=\"numero-matricula\" \/><\/span> <\/label>\n<\/p>\n<p><label> Curso ou unidade<br \/>\n<span class=\"wpcf7-form-control-wrap\" data-name=\"curso-unidade\"><input size=\"40\" maxlength=\"400\" class=\"wpcf7-form-control wpcf7-text wpcf7-validates-as-required\" aria-required=\"true\" aria-invalid=\"false\" value=\"\" type=\"text\" name=\"curso-unidade\" \/><\/span> <\/label>\n<\/p>\n<p><label> Nome de Diret\u00f3rio Acad\u00eamico<br \/>\n<span class=\"wpcf7-form-control-wrap\" data-name=\"da-nome\"><input size=\"40\" maxlength=\"400\" class=\"wpcf7-form-control wpcf7-text wpcf7-validates-as-required\" aria-required=\"true\" aria-invalid=\"false\" value=\"\" type=\"text\" name=\"da-nome\" \/><\/span> <\/label>\n<\/p>\n<p><label> Email para contato com a comiss\u00e3o eleitoral<br \/>\n<span class=\"wpcf7-form-control-wrap\" data-name=\"email\"><input size=\"40\" maxlength=\"400\" class=\"wpcf7-form-control wpcf7-email wpcf7-validates-as-required wpcf7-text wpcf7-validates-as-email\" aria-required=\"true\" aria-invalid=\"false\" value=\"\" type=\"email\" name=\"email\" \/><\/span><\/label>\n<\/p>\n<p><label> Nomes dos participantes da comiss\u00e3o eleitoral<br \/>\n<span class=\"wpcf7-form-control-wrap\" data-name=\"nomes-comissao\"><textarea cols=\"40\" rows=\"10\" maxlength=\"2000\" class=\"wpcf7-form-control wpcf7-textarea\" aria-invalid=\"false\" name=\"nomes-comissao\"><\/textarea><\/span> <\/label>\n<\/p>\n<p><label> Telefone<br \/>\n<span class=\"wpcf7-form-control-wrap\" data-name=\"telefone\"><input size=\"40\" maxlength=\"400\" class=\"wpcf7-form-control wpcf7-tel wpcf7-validates-as-required wpcf7-text wpcf7-validates-as-tel\" aria-required=\"true\" aria-invalid=\"false\" value=\"\" type=\"tel\" name=\"telefone\" \/><\/span><\/label>\n<\/p>\n<hr \/>\n<h3>Informa\u00e7\u00f5es sobre a vota\u00e7\u00e3o\n<\/h3>\n<p><label><abbr title=\"O t\u00edtulo ser\u00e1 utilizado para a divulga\u00e7\u00e3o da vota\u00e7\u00e3o. Ex.: Elei\u00e7\u00e3o da Dire\u00e7\u00e3o do Diret\u00f3rio Acad\u00eamico\"> T\u00edtulo da vota\u00e7\u00e3o<\/abbr><br \/>\n<span class=\"wpcf7-form-control-wrap\" data-name=\"titulo-eleicao\"><input size=\"70\" maxlength=\"400\" class=\"wpcf7-form-control wpcf7-text wpcf7-validates-as-required\" aria-required=\"true\" aria-invalid=\"false\" value=\"\" type=\"text\" name=\"titulo-eleicao\" \/><\/span> <\/label>\n<\/p>\n<p><label> <abbr title=\"A descri\u00e7\u00e3o detalhada ser\u00e1 utilizada para a divulga\u00e7\u00e3o da vota\u00e7\u00e3o. Ex.: Elei\u00e7\u00e3o para dire\u00e7\u00e3o do Diret\u00f3rio Acad\u00eamico gest\u00e3o 2023-2024\"> Descri\u00e7\u00e3o da vota\u00e7\u00e3o <\/abbr><br \/>\n<span class=\"wpcf7-form-control-wrap\" data-name=\"descricao\"><textarea cols=\"40\" rows=\"10\" maxlength=\"2000\" class=\"wpcf7-form-control wpcf7-textarea wpcf7-validates-as-required\" aria-required=\"true\" aria-invalid=\"false\" name=\"descricao\"><\/textarea><\/span><\/label>\n<\/p>\n<p><label><\/label>\n<\/p>\n<h5> P\u00fablico de eleitores\n<\/h5>\n<p><span class=\"wpcf7-form-control-wrap\" data-name=\"publico-votantes\"><span class=\"wpcf7-form-control wpcf7-checkbox wpcf7-validates-as-required\"><span class=\"wpcf7-list-item first\"><input type=\"checkbox\" name=\"publico-votantes[]\" value=\"Estudantes de gradua\u00e7\u00e3o\" \/><span class=\"wpcf7-list-item-label\">Estudantes de gradua\u00e7\u00e3o<\/span><\/span><span class=\"wpcf7-list-item\"><input type=\"checkbox\" name=\"publico-votantes[]\" value=\"Estudantes de p\u00f3s-gradua\u00e7\u00e3o\" \/><span class=\"wpcf7-list-item-label\">Estudantes de p\u00f3s-gradua\u00e7\u00e3o<\/span><\/span><span class=\"wpcf7-list-item\"><input type=\"checkbox\" name=\"publico-votantes[]\" value=\"Estudantes presenciais\" \/><span class=\"wpcf7-list-item-label\">Estudantes presenciais<\/span><\/span><span class=\"wpcf7-list-item last\"><input type=\"checkbox\" name=\"publico-votantes[]\" value=\"Estudantes EAD\" \/><span class=\"wpcf7-list-item-label\">Estudantes EAD<\/span><\/span><\/span><\/span>\n<\/p>\n<h5>Per\u00edodo de vota\u00e7\u00e3o\n<\/h5>\n<p>Deve ser consultada a <a href=\"https:\/\/wp.ufpel.edu.br\/votacao\/agenda\/\">agenda de elei\u00e7\u00f5es<\/a> para a escolha do per\u00edodo.<br \/>\n* Sugere-se 3 dias \u00fateis de dura\u00e7\u00e3o\n<\/p>\n<p>&emsp;&emsp;<label> Data inicial<br \/>\n&emsp;&emsp;* A vota\u00e7\u00e3o ser\u00e1 aberta neste dia as 8h.<br \/>\n&emsp;&emsp; <span class=\"wpcf7-form-control-wrap\" data-name=\"data-inicial\"><input class=\"wpcf7-form-control wpcf7-date wpcf7-validates-as-required wpcf7-validates-as-date\" aria-required=\"true\" aria-invalid=\"false\" value=\"\" type=\"date\" name=\"data-inicial\" \/><\/span><\/label>\n<\/p>\n<p>&emsp;&emsp;<label> Data final<br \/>\n&emsp;&emsp;* A vota\u00e7\u00e3o ficar\u00e1 aberta at\u00e9 este dia as 17h.<br \/>\n&emsp;&emsp; <span class=\"wpcf7-form-control-wrap\" data-name=\"data-final\"><input class=\"wpcf7-form-control wpcf7-date wpcf7-validates-as-required wpcf7-validates-as-date\" aria-required=\"true\" aria-invalid=\"false\" value=\"\" type=\"date\" name=\"data-final\" \/><\/span><\/label>\n<\/p>\n<p>&emsp;&emsp;<label> Data de apura\u00e7\u00e3o das elei\u00e7\u00f5es<br \/>\n&emsp;&emsp;* Dias \u00fateis das 8h as 12h e das 14h e 18h.<br \/>\n&emsp;&emsp;* Preferencialmente no \u00faltimo dia da elei\u00e7\u00e3o.<br \/>\n&emsp;&emsp; <span class=\"wpcf7-form-control-wrap\" data-name=\"data-apuracao\"><input class=\"wpcf7-form-control wpcf7-date wpcf7-validates-as-required wpcf7-validates-as-date\" aria-required=\"true\" aria-invalid=\"false\" value=\"\" type=\"date\" name=\"data-apuracao\" \/><\/span> <\/label>\n<\/p>\n<hr \/>\n<h3>C\u00e9dula Eleitoral\n<\/h3>\n<p><label> Texto para pergunta da vota\u00e7\u00e3o<br \/>\n<span class=\"wpcf7-form-control-wrap\" data-name=\"pergunta\"><input size=\"80\" maxlength=\"400\" class=\"wpcf7-form-control wpcf7-text wpcf7-validates-as-required\" aria-required=\"true\" aria-invalid=\"false\" placeholder=\"Ex.: Qual chapa voc\u00ea escolhe para a Dire\u00e7\u00e3o do Diret\u00f3rio Acad\u00eamico?\" value=\"\" type=\"text\" name=\"pergunta\" \/><\/span> <\/label>\n<\/p>\n<p><label> Alternativas de respostas para a vota\u00e7\u00e3o.<br \/>\n* Colocar cada alternativa em uma linha<br \/>\n<span class=\"wpcf7-form-control-wrap\" data-name=\"alternativas\"><textarea cols=\"40\" rows=\"10\" maxlength=\"2000\" class=\"wpcf7-form-control wpcf7-textarea wpcf7-validates-as-required\" aria-required=\"true\" aria-invalid=\"false\" placeholder=\"Ex.:&#013;Chapa 1&#013;Chapa 2&#013;Nulo\" name=\"alternativas\"><\/textarea><\/span> <\/label>\n<\/p>\n<p><input class=\"wpcf7-form-control wpcf7-submit has-spinner\" type=\"submit\" value=\"Enviar\" \/>\n<\/p><p style=\"display: none !important;\" class=\"akismet-fields-container\" data-prefix=\"_wpcf7_ak_\"><label>&#916;<textarea name=\"_wpcf7_ak_hp_textarea\" cols=\"45\" rows=\"8\" maxlength=\"100\"><\/textarea><\/label><input type=\"hidden\" id=\"ak_js_1\" name=\"_wpcf7_ak_js\" value=\"5\"\/><script>document.getElementById( \"ak_js_1\" ).setAttribute( \"value\", ( new Date() ).getTime() );<\/script><\/p><div class=\"wpcf7-response-output\" aria-hidden=\"true\"><\/div>\n<\/form>\n<\/div>\n\n","protected":false},"excerpt":{"rendered":"<p>* As solicita\u00e7\u00f5es devem ser feitas com anteced\u00eancia m\u00ednima de 30 dias da data da elei\u00e7\u00e3o.<\/p>\n","protected":false},"author":1138,"featured_media":0,"parent":0,"menu_order":0,"comment_status":"closed","ping_status":"closed","template":"","meta":{"footnotes":""},"class_list":["post-306","page","type-page","status-publish","hentry"],"jetpack_sharing_enabled":true,"_links":{"self":[{"href":"https:\/\/wp.ufpel.edu.br\/votacao\/wp-json\/wp\/v2\/pages\/306","targetHints":{"allow":["GET"]}}],"collection":[{"href":"https:\/\/wp.ufpel.edu.br\/votacao\/wp-json\/wp\/v2\/pages"}],"about":[{"href":"https:\/\/wp.ufpel.edu.br\/votacao\/wp-json\/wp\/v2\/types\/page"}],"author":[{"embeddable":true,"href":"https:\/\/wp.ufpel.edu.br\/votacao\/wp-json\/wp\/v2\/users\/1138"}],"replies":[{"embeddable":true,"href":"https:\/\/wp.ufpel.edu.br\/votacao\/wp-json\/wp\/v2\/comments?post=306"}],"version-history":[{"count":6,"href":"https:\/\/wp.ufpel.edu.br\/votacao\/wp-json\/wp\/v2\/pages\/306\/revisions"}],"predecessor-version":[{"id":370,"href":"https:\/\/wp.ufpel.edu.br\/votacao\/wp-json\/wp\/v2\/pages\/306\/revisions\/370"}],"wp:attachment":[{"href":"https:\/\/wp.ufpel.edu.br\/votacao\/wp-json\/wp\/v2\/media?parent=306"}],"curies":[{"name":"wp","href":"https:\/\/api.w.org\/{rel}","templated":true}]}}