{"id":274,"date":"2021-12-21T23:41:30","date_gmt":"2021-12-22T02:41:30","guid":{"rendered":"https:\/\/wp.ufpel.edu.br\/votacao\/?page_id=274"},"modified":"2021-12-21T23:41:30","modified_gmt":"2021-12-22T02:41:30","slug":"sobre-o-sistema-helios-voting","status":"publish","type":"page","link":"https:\/\/wp.ufpel.edu.br\/votacao\/sobre-o-sistema-helios-voting\/","title":{"rendered":"SOBRE O SISTEMA HELIOS VOTING"},"content":{"rendered":"<h3><\/h3>\n<p>O Sistema de vota\u00e7\u00e3o On-Line\u00a0<i>Helios voting<\/i>\u00a0permite a realiza\u00e7\u00e3o de elei\u00e7\u00f5es atrav\u00e9s da Internet com auditoria aberta ao p\u00fablico (<em>End-to-end voter verifiable<\/em>\u00a0\u2013 E2E). Trata-se de um software livre, dotado de um mecanismo altamente seguro de computa\u00e7\u00e3o e apura\u00e7\u00e3o eletr\u00f4nicas dos votos que, s\u00e3o criptografados antes de serem enviados pela rede. O eleitor \u00e9 identificado mediante login e senha de acesso individuais ao ambiente de vota\u00e7\u00e3o, al\u00e9m disso o sistema permite ainda a cada eleitor auditar o pr\u00f3prio voto. Este sistema foi desenvolvido pelo pesquisador do grupo de criptografia e seguran\u00e7a da informa\u00e7\u00e3o do Instituto de Tecnologia de Massachusetts (EUA) (MIT, na sigla em ingl\u00eas), Ben Adida.<\/p>\n<p><i>Helios voting<\/i>\u00a0\u00e9 disponibilizado publicamente como software livre, o que permite personaliza\u00e7\u00f5es no c\u00f3digo fonte, e oferece um programa de elei\u00e7\u00f5es verific\u00e1veis on-line. O\u00a0<i>Helios<\/i>\u00a0faz uso de criptografia homom\u00f3rfica de forma que \u00e9 poss\u00edvel computar o resultado final de uma elei\u00e7\u00e3o sem que seja necess\u00e1rio ter acesso ao voto em claro (descriptografar o voto) individual de cada eleitor. Assim, suas principais caracter\u00edsticas s\u00e3o\u00a0<b>privacidade<\/b>\u00a0(ningu\u00e9m sabe em quem se votou, a n\u00e3o ser o pr\u00f3prio eleitor);\u00a0<b>rastreabilidade<\/b>\u00a0(cada eleitor tem um n\u00famero rastre\u00e1vel de seu voto); e\u00a0<b>comprova\u00e7\u00e3o<\/b>\u00a0(sistema de c\u00f3digo aberto que pode, portanto, ser audit\u00e1vel).\u00a0<i>Helios<\/i>\u00a0j\u00e1 foi avaliado por especialistas qualificados e por isso utilizado por grandes organiza\u00e7\u00f5es, incluindo sociedades cient\u00edficas e profissionais al\u00e9m de in\u00fameras Institui\u00e7\u00f5es de Ensino Superior. No Brasil, pode-se citar alguns exemplos de Institui\u00e7\u00f5es de Ensino Superior que usam o sistema\u00a0<i>Helios<\/i>\u00a0em elei\u00e7\u00f5es internas, tais como: Universidade de S\u00e3o Paulo (USP), Universidade de Campinas (UNICAMP), Universidade Federal de Santa Catarina (UFSC), Universidade Federal de Minas Gerais (UFMG), Universidade Federal da Grande Dourados (UFGD), Universidade Federal de S\u00e3o Carlos (UFSCar).\u00a0<i>Helios<\/i>\u00a0\u00e9 usado tamb\u00e9m por Institutos Federais, tais como: Instituto Federal do Par\u00e1 (IFPA), Instituto Federal de Goi\u00e1s (IFG), Instituto Federal de Rond\u00f4nia (IFRO), Instituto Federal de Minas Gerais (IFMG), Instituto Federal de Santa Catarina (IFSC), Instituto Federal Fluminense (IFF), entre outros. Organiza\u00e7\u00f5es p\u00fablicas como Defensoria P\u00fablica da Uni\u00e3o e Tribunal de Justi\u00e7a de Minas Gerais al\u00e9m de sociedades cient\u00edficas como Sociedade Brasileira de Computa\u00e7\u00e3o (SBC) e a Associa\u00e7\u00e3o Brasileira de M\u00e9todos Computacionais em Engenharia (ABMEC), entre outras, utilizam o sistema para elei\u00e7\u00e3o de suas diretorias. Para finalizar, pode-se citar exemplos de importantes institui\u00e7\u00f5es internacionais que igualmente avaliaram e adotaram o\u00a0<i>Helios<\/i>\u00a0como ferramenta, tais como Universidade de Harvard (EUA), Universidade de Princeton (EUA) e Universidade Cat\u00f3lica de Leuven (B\u00e9lgica), entre outras. A vers\u00e3o adaptada a UFPel foi desenvolvida pela Coordena\u00e7\u00e3o de Redes e Infraestrutura (CREI) da Pr\u00f3-Reitoria de Gest\u00e3o da Informa\u00e7\u00e3o e Comunica\u00e7\u00e3o (PROGIC), utilizando uma adequa\u00e7\u00e3o realizada pelo Instituto Federal de Santa Catarina (IFSC) da vers\u00e3o original do projeto, que serviu de base para implanta\u00e7\u00e3o da ferramenta nas IES brasileiras, dispon\u00edvel em https:\/\/vote.heliosvoting.org. Esta permitiu a integra\u00e7\u00e3o com a base de usu\u00e1rios e a tradu\u00e7\u00e3o da interface para a l\u00edngua portuguesa, al\u00e9m de ajustes para melhorar sua usabilidade. O c\u00f3digo fonte desta vers\u00e3o do IFSC, bem como os manuais para instala\u00e7\u00e3o, est\u00e3o dispon\u00edveis no endere\u00e7o: https:\/\/github.com\/ifsc\/server.<\/p>\n<h4><b>Seguran\u00e7a<\/b><\/h4>\n<p>No que se refere \u00e0 seguran\u00e7a da vota\u00e7\u00e3o eletr\u00f4nica o sistema protege o segredo do voto. A criptografia, nos mesmos moldes da tecnologia de servi\u00e7os banc\u00e1rios, traduz a escolha do eleitor numa forma codificada antes de envi\u00e1-la ao servidor de dados, impedindo que o voto seja revelado de forma individualizada, alterado ou exclu\u00eddo. A cada elei\u00e7\u00e3o, o sistema envia uma mensagem autom\u00e1tica para a conta de e-mail cadastrada no Cobalto, contendo o endere\u00e7o eletr\u00f4nico, login e senha para vota\u00e7\u00e3o. O login ser\u00e1 o CPF correspondente e a senha enviada para cada eleitor n\u00e3o \u00e9 de conhecimento de nenhum administrador do sistema, pois \u00e9 gerada eletronicamente pelo Helios e pode ser modificada pelo usu\u00e1rio no seu primeiro acesso ou em tempo desejado.<\/p>\n<p>A seguran\u00e7a do sistema \u00e9 refor\u00e7ada atrav\u00e9s de pontos basilares de seu funcionamento como defini\u00e7\u00e3o pr\u00e9via da lista de votantes que pode ser conferida e auditada por comiss\u00e3o e verificada publicamente. Para cada voto depositado na urna \u00e9 gerado um c\u00f3digo rastreador que garante a confer\u00eancia da inviolabilidade do voto. Al\u00e9m disso, cada eleitor poder\u00e1 verificar que seu voto foi corretamente computado. Todo tr\u00e2nsito e armazenamento de informa\u00e7\u00f5es ocorre de forma criptografada o que assegura o sigilo de cada voto. O software pode ser verificado por qualquer pessoa com conhecimento em programa\u00e7\u00e3o pois o c\u00f3digo fonte do sistema \u00e9 completamente aberto.<\/p>\n<p>Em suma,\u00a0<b>1<\/b>. atrav\u00e9s da lista dos eleitores \u00e9 poss\u00edvel garantir que todos os votos estejam sendo contados;\u00a0<b>2<\/b>. pelo rastreador da c\u00e9dula gerado ap\u00f3s o voto \u00e9 poss\u00edvel garantir que os votos n\u00e3o foram alterados;\u00a0<b>3<\/b>. pela criptografia \u00e9 poss\u00edvel garantir o sigilo do voto;\u00a0<b>4<\/b>. pelo c\u00f3digo totalmente aberto \u00e9 poss\u00edvel verificar que os c\u00e1lculos est\u00e3o sendo feitos corretamente e n\u00e3o est\u00e3o sendo adulterados;\u00a0<b>5<\/b>. pela lista de votantes em arrimo com login e senha pode ser garantido que somente os eleitores presentes na lista eleitoral poder\u00e3o votar.<\/p>\n<p>Para mais informa\u00e7\u00f5es sobre o Helios, leia o parecer t\u00e9cnico emitido pela Superintend\u00eancia de Gest\u00e3o de tecnologia da informa\u00e7\u00e3o e comunica\u00e7\u00e3o no link:\u00a0<a href=\"https:\/\/wp.ufpel.edu.br\/votacao\/files\/2021\/11\/Parece-tecnico-Helios-voting_.pdf\">PARECER SGTIC<\/a><\/p>\n<p><b>1 Bibliografia:<\/b><\/p>\n<footer><small>1. Santos, M. T. P.; Mathias, P.; Melo, E. L.; Pizzolato, E. B.; Ferrari, R. Uso do voto online em elei\u00e7\u00f5es da UFSCar, Relat\u00f3rio T\u00e9cnico (vers\u00e3o 03), 2018. 2. Universidade de S\u00e3o Paulo. Superintend\u00eancia de Tecnologia da Informa\u00e7\u00e3o. Of\u00edcio STI 070\/2017 de 31 de agosto de 2017: Memorial T\u00e9cnico Descritivo do Sistema de Vota\u00e7\u00e3o Helios voting da USP. Dispon\u00edvel em https:\/\/votacao.usp.br\/static\/faq_helios.pdf (acessado 27 dezembro de 2018).<\/small><\/footer>\n","protected":false},"excerpt":{"rendered":"<p>O Sistema de vota\u00e7\u00e3o On-Line\u00a0Helios voting\u00a0permite a realiza\u00e7\u00e3o de elei\u00e7\u00f5es atrav\u00e9s da Internet com auditoria aberta ao p\u00fablico (End-to-end voter verifiable\u00a0\u2013 E2E). Trata-se de um software livre, dotado de um mecanismo altamente seguro de computa\u00e7\u00e3o e apura\u00e7\u00e3o eletr\u00f4nicas dos votos que, s\u00e3o criptografados antes de serem enviados pela rede. O eleitor \u00e9 identificado mediante login [&hellip;]<\/p>\n","protected":false},"author":1138,"featured_media":0,"parent":0,"menu_order":2,"comment_status":"closed","ping_status":"closed","template":"","meta":{"footnotes":""},"class_list":["post-274","page","type-page","status-publish","hentry"],"jetpack_sharing_enabled":true,"_links":{"self":[{"href":"https:\/\/wp.ufpel.edu.br\/votacao\/wp-json\/wp\/v2\/pages\/274","targetHints":{"allow":["GET"]}}],"collection":[{"href":"https:\/\/wp.ufpel.edu.br\/votacao\/wp-json\/wp\/v2\/pages"}],"about":[{"href":"https:\/\/wp.ufpel.edu.br\/votacao\/wp-json\/wp\/v2\/types\/page"}],"author":[{"embeddable":true,"href":"https:\/\/wp.ufpel.edu.br\/votacao\/wp-json\/wp\/v2\/users\/1138"}],"replies":[{"embeddable":true,"href":"https:\/\/wp.ufpel.edu.br\/votacao\/wp-json\/wp\/v2\/comments?post=274"}],"version-history":[{"count":2,"href":"https:\/\/wp.ufpel.edu.br\/votacao\/wp-json\/wp\/v2\/pages\/274\/revisions"}],"predecessor-version":[{"id":279,"href":"https:\/\/wp.ufpel.edu.br\/votacao\/wp-json\/wp\/v2\/pages\/274\/revisions\/279"}],"wp:attachment":[{"href":"https:\/\/wp.ufpel.edu.br\/votacao\/wp-json\/wp\/v2\/media?parent=274"}],"curies":[{"name":"wp","href":"https:\/\/api.w.org\/{rel}","templated":true}]}}