{"id":26,"date":"2021-05-19T16:04:36","date_gmt":"2021-05-19T19:04:36","guid":{"rendered":"https:\/\/wp.ufpel.edu.br\/votacao\/?page_id=26"},"modified":"2021-09-08T16:37:07","modified_gmt":"2021-09-08T19:37:07","slug":"como-votar","status":"publish","type":"page","link":"https:\/\/wp.ufpel.edu.br\/votacao\/como-votar\/","title":{"rendered":"Como votar"},"content":{"rendered":"<div style=\"float: right;clear: right;margin-top: 5%;width: 440px\">\n<div style=\"width: 1920px;\" class=\"wp-video\"><video class=\"wp-video-shortcode\" id=\"video-26-1\" width=\"1920\" height=\"1080\" preload=\"metadata\" controls=\"controls\"><source type=\"video\/mp4\" src=\"https:\/\/wp.ufpel.edu.br\/votacao\/files\/2021\/06\/como-votar.mp4?_=1\" \/><a href=\"https:\/\/wp.ufpel.edu.br\/votacao\/files\/2021\/06\/como-votar.mp4\">https:\/\/wp.ufpel.edu.br\/votacao\/files\/2021\/06\/como-votar.mp4<\/a><\/video><\/div>\n<\/div>\n<div style=\"float: left;clear: left;margin-top: 0%;width: 500px\">\n<p style=\"text-align: left\">Para votar tenha em m\u00e3os o seu ID, senha e link da elei\u00e7\u00e3o. Estes dados s\u00e3o enviados eletronicamente pelo sistema para o e-mail, cadastrado no COBALTO, dos respectivos eleitores. Para entrar no sistema voc\u00ea utilizar\u00e1 o mail enviado pelo sistema de vota\u00e7\u00e3o conforme abaixo. Todas as correspond\u00eancias do sistema devem ser do mail votacao@ufpel.edu.br Chama-se aten\u00e7\u00e3o para a confer\u00eancia do link da elei\u00e7\u00e3o que deve, obrigatoriamente, iniciar com http:\/\/votacao.ufpel.edu.br, para que seja a p\u00e1gina oficial da elei\u00e7\u00e3o.<\/p>\n<p style=\"text-align: left\"><img class=\"alignleft\" src=\"https:\/\/votacao.ufpel.edu.br\/ajuda\/img\/votacao_1.png\" width=\"563\" height=\"339\" \/><\/p>\n<p style=\"text-align: left\">Chama-se aten\u00e7\u00e3o para a confer\u00eancia do link da elei\u00e7\u00e3o que deve, obrigatoriamente, iniciar com http:\/\/votacao.ufpel.edu.br, para que seja a p\u00e1gina oficial da elei\u00e7\u00e3o. Ao clicar no link da elei\u00e7\u00e3o exibido no e-mail enviado pelo sistema voc\u00ea entrar\u00e1 na p\u00e1gina de credenciamento, onde voc\u00ea deve colocar o ID e a senha enviados no e-mail para se conectar, conforme mostrado abaixo.<\/p>\n<p style=\"text-align: left\"><img class=\"alignleft\" src=\"https:\/\/votacao.ufpel.edu.br\/ajuda\/img\/votacao_2.png\" width=\"524\" height=\"245\" \/><\/p>\n<p style=\"text-align: left\">Ap\u00f3s realizar a conex\u00e3o o sistema ir\u00e1 exibir informa\u00e7\u00f5es sobre a vota\u00e7\u00e3o (descri\u00e7\u00e3o e instru\u00e7\u00f5es), como ilustra a figura abaixo.<\/p>\n<p style=\"text-align: left\"><img class=\"alignleft\" src=\"https:\/\/votacao.ufpel.edu.br\/ajuda\/img\/votacao_3.png\" width=\"616\" height=\"290\" \/><\/p>\n<p style=\"text-align: left\">Basta seguir o passo-a-passo recomendado, clicando em \u201ciniciar\u201d para come\u00e7ar a vota\u00e7\u00e3o. A tela ilustrada abaixo ser\u00e1 mostrada. Para cada quest\u00e3o, o sistema informa o n\u00famero m\u00ednimo e m\u00e1ximo de respostas que voc\u00ea poder\u00e1 escolher. Selecione a op\u00e7\u00e3o (ou op\u00e7\u00f5es) marcando a casa desejada. No exemplo mostrado somente uma op\u00e7\u00e3o de sua escolha de voto poder\u00e1 ser assinalada.<\/p>\n<p style=\"text-align: left\"><img class=\"alignleft\" src=\"https:\/\/votacao.ufpel.edu.br\/ajuda\/img\/votacao_4.png\" width=\"827\" height=\"438\" \/><\/p>\n<p style=\"text-align: left\">Nesta etapa \u00e9 poss\u00edvel revisar a(s) escolha(s) de voto. Caso esteja tudo certo clique no bot\u00e3o \u201cpr\u00f3ximo passo\u201d. Se desejar alterar o voto, basta clicar no link alterar e a tela retornar\u00e1 para a c\u00e9dula de vota\u00e7\u00e3o (tela anterior) com todos os candidatos dispon\u00edveis para nova escolha.<\/p>\n<p style=\"text-align: left\"><img class=\"alignleft\" src=\"https:\/\/votacao.ufpel.edu.br\/ajuda\/img\/votacao_5.png\" width=\"677\" height=\"285\" \/><\/p>\n<p style=\"text-align: left\">No passo seguinte \u00e9 o momento de depositar a c\u00e9dula na urna. A tela abaixo ser\u00e1 mostrada. \u00c9 necess\u00e1rio clicar no bot\u00e3o \u201cDepositar C\u00e9dula na Urna\u201d para que o voto seja contabilizado.<\/p>\n<p style=\"text-align: left\"><img class=\"alignleft\" src=\"https:\/\/votacao.ufpel.edu.br\/ajuda\/img\/votacao_6.png\" width=\"777\" height=\"361\" \/><\/p>\n<p style=\"text-align: left\">Em seguida \u00e9 necess\u00e1rio clicar no bot\u00e3o \u201cConfirmar\u201d para depositar a c\u00e9dula na urna, conforme mostrado na figura abaixo. Caso n\u00e3o deseje colocar a c\u00e9dula na urna clique no bot\u00e3o cancelar.<\/p>\n<p style=\"text-align: left\"><img class=\"alignleft\" src=\"https:\/\/votacao.ufpel.edu.br\/ajuda\/img\/votacao_7.png\" width=\"767\" height=\"340\" \/><\/p>\n<p style=\"text-align: left\">Parab\u00e9ns, seu voto foi depositado com sucesso! Ap\u00f3s ter seu voto computado voc\u00ea ser\u00e1 automaticamente desconectado do sistema e a tela a seguir ser\u00e1 ent\u00e3o exibida. Em seguida feche o navegador.<\/p>\n<p style=\"text-align: left\"><img class=\"alignleft\" src=\"https:\/\/votacao.ufpel.edu.br\/ajuda\/img\/votacao_8.png\" width=\"601\" height=\"218\" \/><\/p>\n<p style=\"text-align: left\"><b>Aten\u00e7\u00e3o:<\/b> O sistema <em>Helios<\/em> permite que voc\u00ea deposite c\u00e9dulas na urna quantas vezes desejar antes do dia e hora de encerramento da elei\u00e7\u00e3o. Por\u00e9m, somente a \u00faltima c\u00e9dula depositada \u00e9 a que ser\u00e1 contabilizada na apura\u00e7\u00e3o da urna. Todas as c\u00e9dulas anteriores ser\u00e3o descartadas. Voc\u00ea receber\u00e1 um e-mail de aviso do sistema de que seu voto foi depositado, conforme figura abaixo.<\/p>\n<p style=\"text-align: left\"><img src=\"https:\/\/votacao.ufpel.edu.br\/ajuda\/img\/votacao_9.png\" \/><\/p>\n<\/div>\n","protected":false},"excerpt":{"rendered":"<p>Para votar tenha em m\u00e3os o seu ID, senha e link da elei\u00e7\u00e3o. Estes dados s\u00e3o enviados eletronicamente pelo sistema para o e-mail, cadastrado no COBALTO, dos respectivos eleitores. Para entrar no sistema voc\u00ea utilizar\u00e1 o mail enviado pelo sistema de vota\u00e7\u00e3o conforme abaixo. Todas as correspond\u00eancias do sistema devem ser do mail votacao@ufpel.edu.br Chama-se [&hellip;]<\/p>\n","protected":false},"author":1138,"featured_media":0,"parent":0,"menu_order":1,"comment_status":"closed","ping_status":"closed","template":"","meta":{"footnotes":""},"class_list":["post-26","page","type-page","status-publish","hentry"],"jetpack_sharing_enabled":true,"_links":{"self":[{"href":"https:\/\/wp.ufpel.edu.br\/votacao\/wp-json\/wp\/v2\/pages\/26","targetHints":{"allow":["GET"]}}],"collection":[{"href":"https:\/\/wp.ufpel.edu.br\/votacao\/wp-json\/wp\/v2\/pages"}],"about":[{"href":"https:\/\/wp.ufpel.edu.br\/votacao\/wp-json\/wp\/v2\/types\/page"}],"author":[{"embeddable":true,"href":"https:\/\/wp.ufpel.edu.br\/votacao\/wp-json\/wp\/v2\/users\/1138"}],"replies":[{"embeddable":true,"href":"https:\/\/wp.ufpel.edu.br\/votacao\/wp-json\/wp\/v2\/comments?post=26"}],"version-history":[{"count":6,"href":"https:\/\/wp.ufpel.edu.br\/votacao\/wp-json\/wp\/v2\/pages\/26\/revisions"}],"predecessor-version":[{"id":129,"href":"https:\/\/wp.ufpel.edu.br\/votacao\/wp-json\/wp\/v2\/pages\/26\/revisions\/129"}],"wp:attachment":[{"href":"https:\/\/wp.ufpel.edu.br\/votacao\/wp-json\/wp\/v2\/media?parent=26"}],"curies":[{"name":"wp","href":"https:\/\/api.w.org\/{rel}","templated":true}]}}