{"id":216,"date":"2021-10-26T11:11:46","date_gmt":"2021-10-26T14:11:46","guid":{"rendered":"https:\/\/wp.ufpel.edu.br\/votacao\/?page_id=216"},"modified":"2021-12-02T17:28:06","modified_gmt":"2021-12-02T20:28:06","slug":"identidade-visual","status":"publish","type":"page","link":"https:\/\/wp.ufpel.edu.br\/votacao\/identidade-visual\/","title":{"rendered":"Identidade Visual"},"content":{"rendered":"<p style=\"text-align: justify\">Sua paleta de cores em tons de azul transmitem seguran\u00e7a e confiabilidade, al\u00e9m de se relacionar com a identidade visual da pr\u00f3pria UFPel. Quando a marca \u00e9 aplicada em fundos escuros, suas cores geram alto contraste e destacam seu s\u00edmbolo, uma impress\u00e3o digital, que serve n\u00e3o s\u00f3 para refor\u00e7ar o conceito de seguran\u00e7a (por se tratar de um \u00edcone de simbolismo individual e intransfer\u00edvel) como cria uma percep\u00e7\u00e3o de avan\u00e7o tecnol\u00f3gico que \u00e9 harmonizada atrav\u00e9s do uso de uma tipografia neutra e moderna.<\/p>\n<p><a href=\"https:\/\/drive.google.com\/file\/d\/1SEvgTOx17TbidxUkDBbBPwy3a5zQ24hq\/view?usp=sharing\">MARCA .svg<\/a><\/p>\n<p><a href=\"https:\/\/drive.google.com\/file\/d\/1BaOh1Cz8am4_rpr1cbt3l9CMwSkqSvM8\/view?usp=sharing\">MARCA .png<\/a><\/p>\n<p><a href=\"https:\/\/drive.google.com\/file\/d\/17DjFdDeZhPS8m5ddo0x0TV_coW_1NIb4\/view?usp=sharing\">MARCA .eps<\/a><\/p>\n","protected":false},"excerpt":{"rendered":"<p>Sua paleta de cores em tons de azul transmitem seguran\u00e7a e confiabilidade, al\u00e9m de se relacionar com a identidade visual da pr\u00f3pria UFPel. Quando a marca \u00e9 aplicada em fundos escuros, suas cores geram alto contraste e destacam seu s\u00edmbolo, uma impress\u00e3o digital, que serve n\u00e3o s\u00f3 para refor\u00e7ar o conceito de seguran\u00e7a (por se [&hellip;]<\/p>\n","protected":false},"author":1138,"featured_media":0,"parent":0,"menu_order":5,"comment_status":"closed","ping_status":"closed","template":"","meta":{"footnotes":""},"class_list":["post-216","page","type-page","status-publish","hentry"],"jetpack_sharing_enabled":true,"_links":{"self":[{"href":"https:\/\/wp.ufpel.edu.br\/votacao\/wp-json\/wp\/v2\/pages\/216","targetHints":{"allow":["GET"]}}],"collection":[{"href":"https:\/\/wp.ufpel.edu.br\/votacao\/wp-json\/wp\/v2\/pages"}],"about":[{"href":"https:\/\/wp.ufpel.edu.br\/votacao\/wp-json\/wp\/v2\/types\/page"}],"author":[{"embeddable":true,"href":"https:\/\/wp.ufpel.edu.br\/votacao\/wp-json\/wp\/v2\/users\/1138"}],"replies":[{"embeddable":true,"href":"https:\/\/wp.ufpel.edu.br\/votacao\/wp-json\/wp\/v2\/comments?post=216"}],"version-history":[{"count":4,"href":"https:\/\/wp.ufpel.edu.br\/votacao\/wp-json\/wp\/v2\/pages\/216\/revisions"}],"predecessor-version":[{"id":228,"href":"https:\/\/wp.ufpel.edu.br\/votacao\/wp-json\/wp\/v2\/pages\/216\/revisions\/228"}],"wp:attachment":[{"href":"https:\/\/wp.ufpel.edu.br\/votacao\/wp-json\/wp\/v2\/media?parent=216"}],"curies":[{"name":"wp","href":"https:\/\/api.w.org\/{rel}","templated":true}]}}