{"id":2,"date":"2021-04-23T11:08:39","date_gmt":"2021-04-23T14:08:39","guid":{"rendered":"https:\/\/wp.ufpel.edu.br\/votacao\/?page_id=2"},"modified":"2022-06-02T11:14:00","modified_gmt":"2022-06-02T14:14:00","slug":"2021-09-08-bem-vindo","status":"publish","type":"page","link":"https:\/\/wp.ufpel.edu.br\/votacao\/","title":{"rendered":"In\u00edcio"},"content":{"rendered":"<p style=\"text-align: center;\"><b>\u201cAten\u00e7\u00e3o Chefes de N\u00facleos Administrativos e Comiss\u00f5es Eleitorais\u201d<\/b><\/p>\n<p style=\"text-align: left;\"><b>Como dar in\u00edcio ao processo de vota\u00e7\u00e3o eletr\u00f4nica via <\/b><b><i>Helios voting<\/i><\/b><b>?<\/b><\/p>\n<p><span style=\"font-weight: 400;\">Independente do cargo ou a\u00e7\u00e3o que ser\u00e1 tratada na vota\u00e7\u00e3o, a COE e a Chefia de N\u00facleo Administrativo devem dar in\u00edcio ao processo conforme as orienta\u00e7\u00f5es da<strong> base de conhecimento no Sistema Eletr\u00f4nico de Informa\u00e7\u00f5es (SEI)<\/strong>. Nesta base est\u00e3o informadas as a\u00e7\u00f5es e responsabilidades de cada parte do processo.<\/span><\/p>\n<p><i><span style=\"font-weight: 400;\">Abaixo est\u00e3o listados\u00a0 os nomes das bases de conhecimento atualizadas:<\/span><\/i><\/p>\n<ul>\n<li>Vota\u00e7\u00e3o Eletr\u00f4nica via Sistema Helios Voting (Dire\u00e7\u00e3o de Unidade Acad\u00eamica)<\/li>\n<li>Vota\u00e7\u00e3o Eletr\u00f4nica via Sistema Helios Voting (Outros Cargos na Unidade Acad\u00eamica)<\/li>\n<li>Vota\u00e7\u00e3o Eletr\u00f4nica via Sistema Helios Voting (Administra\u00e7\u00e3o Central)<\/li>\n<\/ul>\n<p><span style=\"font-weight: 400;\">Em caso de d\u00favidas ou mais informa\u00e7\u00f5es entre em contato com a <\/span><i><span style=\"font-weight: 400;\">Coordena\u00e7\u00e3o de Desenvolvimento Institucional Participativo<\/span><\/i><span style=\"font-weight: 400;\">: <\/span><a href=\"mailto:cdip@ufpel.edu.br\"><span style=\"font-weight: 400;\">cdip@ufpel.edu.br<\/span><\/a><\/p>\n<p><span style=\"font-weight: 400;\">Tamb\u00e9m est\u00e3o dispon\u00edveis as informa\u00e7\u00f5es gerais de acesso ao sistema <\/span><i><span style=\"font-weight: 400;\">Helios vonting <\/span><\/i><span style=\"font-weight: 400;\">em: <\/span><a href=\"https:\/\/wp.ufpel.edu.br\/votacao\/guia\/\"><span style=\"font-weight: 400;\">https:\/\/wp.ufpel.edu.br\/votacao\/guia\/<\/span><\/a><\/p>\n<p><span style=\"font-weight: 400;\">Lembre-se: a UFPel instituiu o Sistema <\/span><i><span style=\"font-weight: 400;\">Helios Voting<\/span><\/i><span style=\"font-weight: 400;\"> como ferramenta oficial de vota\u00e7\u00e3o eletr\u00f4nica no \u00e2mbito da Institui\u00e7\u00e3o, conforme portaria <\/span><a href=\"https:\/\/sei.ufpel.edu.br\/sei\/publicacoes\/controlador_publicacoes.php?acao=publicacao_visualizar&amp;id_documento=1633663&amp;id_orgao_publicacao=0\"><span style=\"font-weight: 400;\">1588\/2021 (28\/09\/2021)<\/span><\/a><span style=\"font-weight: 400;\">.<\/span><\/p>\n<p><iframe title=\"Helios 17 12 21 leg\" width=\"500\" height=\"281\" src=\"https:\/\/www.youtube.com\/embed\/iohMjZ-jovM?feature=oembed\" frameborder=\"0\" allow=\"accelerometer; autoplay; clipboard-write; encrypted-media; gyroscope; picture-in-picture; web-share\" referrerpolicy=\"strict-origin-when-cross-origin\" allowfullscreen><\/iframe><\/p>\n<p>&nbsp;<\/p>\n","protected":false},"excerpt":{"rendered":"<p>\u201cAten\u00e7\u00e3o Chefes de N\u00facleos Administrativos e Comiss\u00f5es Eleitorais\u201d Como dar in\u00edcio ao processo de vota\u00e7\u00e3o eletr\u00f4nica via Helios voting? Independente do cargo ou a\u00e7\u00e3o que ser\u00e1 tratada na vota\u00e7\u00e3o, a COE e a Chefia de N\u00facleo Administrativo devem dar in\u00edcio ao processo conforme as orienta\u00e7\u00f5es da base de conhecimento no Sistema Eletr\u00f4nico de Informa\u00e7\u00f5es (SEI). [&hellip;]<\/p>\n","protected":false},"author":1138,"featured_media":180,"parent":0,"menu_order":0,"comment_status":"closed","ping_status":"closed","template":"page-sem-sidebar.php","meta":{"footnotes":""},"class_list":["post-2","page","type-page","status-publish","has-post-thumbnail","hentry"],"jetpack_sharing_enabled":true,"_links":{"self":[{"href":"https:\/\/wp.ufpel.edu.br\/votacao\/wp-json\/wp\/v2\/pages\/2","targetHints":{"allow":["GET"]}}],"collection":[{"href":"https:\/\/wp.ufpel.edu.br\/votacao\/wp-json\/wp\/v2\/pages"}],"about":[{"href":"https:\/\/wp.ufpel.edu.br\/votacao\/wp-json\/wp\/v2\/types\/page"}],"author":[{"embeddable":true,"href":"https:\/\/wp.ufpel.edu.br\/votacao\/wp-json\/wp\/v2\/users\/1138"}],"replies":[{"embeddable":true,"href":"https:\/\/wp.ufpel.edu.br\/votacao\/wp-json\/wp\/v2\/comments?post=2"}],"version-history":[{"count":12,"href":"https:\/\/wp.ufpel.edu.br\/votacao\/wp-json\/wp\/v2\/pages\/2\/revisions"}],"predecessor-version":[{"id":360,"href":"https:\/\/wp.ufpel.edu.br\/votacao\/wp-json\/wp\/v2\/pages\/2\/revisions\/360"}],"wp:featuredmedia":[{"embeddable":true,"href":"https:\/\/wp.ufpel.edu.br\/votacao\/wp-json\/wp\/v2\/media\/180"}],"wp:attachment":[{"href":"https:\/\/wp.ufpel.edu.br\/votacao\/wp-json\/wp\/v2\/media?parent=2"}],"curies":[{"name":"wp","href":"https:\/\/api.w.org\/{rel}","templated":true}]}}