{"id":658,"date":"2022-07-02T16:20:43","date_gmt":"2022-07-02T19:20:43","guid":{"rendered":"https:\/\/wp.ufpel.edu.br\/vivenciasteatraisemescolas\/?page_id=658"},"modified":"2025-01-24T20:45:30","modified_gmt":"2025-01-24T23:45:30","slug":"tccs","status":"publish","type":"page","link":"https:\/\/wp.ufpel.edu.br\/vivenciasteatraisemescolas\/tccs\/","title":{"rendered":"TCCs"},"content":{"rendered":"<p><span style=\"font-size: 14pt;\"><strong>Os TCCs abaixo trazem reflex\u00f5es e interlocu\u00e7\u00f5es com o projeto Viv\u00eancias Teatrais em Escolas<\/strong><\/span><\/p>\n<p>CUBA, Tatiana Duarte.\u00a0<b>Descobrindo o teatro:\u00a0<\/b>a import\u00e2ncia da extens\u00e3o universit\u00e1ria na periferia. Pelotas, 2024. 45 f. TCC (Gradua\u00e7\u00e3o em Teatro) &#8211; Centro de Artes. Universidade Federal de Pelotas, 2024. Dispon\u00edvel em: <a href=\"https:\/\/pergamum.ufpel.edu.br\/acervo\/128628\/referencia\">https:\/\/pergamum.ufpel.edu.br\/acervo\/128628\/referencia<\/a><\/p>\n<p>&nbsp;<\/p>\n<p>ARA\u00daJO, Carla Silva.\u00a0<b>A cena teatral em Pedro Os\u00f3rio.\u00a0<\/b>Pelotas, 2021. 75 f. TCC (Gradua\u00e7\u00e3o em Teatro) &#8211; Centro de Artes. Universidade Federal de Pelotas, 2021. Dispon\u00edvel em: <a href=\"https:\/\/pergamum.ufpel.edu.br\/acervo\/121110\/\">https:\/\/pergamum.ufpel.edu.br\/pergamumweb\/vinculos\/0000d2\/0000d253.pdf.\u00a0<\/a><\/p>\n<p>&nbsp;<\/p>\n<p>COSTA, Naylson Rodrigues.\u00a0<b>Revisitando Mem\u00f3rias Teatrais:\u00a0<\/b>o processo de forma\u00e7\u00e3o do professor Artista Negro. Pelotas, 2019. 84 f. TCC (Gradua\u00e7\u00e3o em Teatro) &#8211; Centro de Artes. Universidade Federal de Pelotas, 2019. Dispon\u00edvel em: <a href=\"https:\/\/pergamum.ufpel.edu.br\/acervo\/119835\/\">https:\/\/pergamum.ufpel.edu.br\/pergamumweb\/vinculos\/0000cb\/0000cb3b.pdf.\u00a0<\/a><\/p>\n<p>&nbsp;<\/p>\n<p>CARDONA, Patricia Castro.\u00a0<b>Um olhar sobre as viv\u00eancias teatrais na escola.\u00a0<\/b>Pelotas, 2021. 64 f. TCC (Gradua\u00e7\u00e3o em Teatro) &#8211; Centro de Artes. Universidade Federal de Pelotas, 2021. Dispon\u00edvel em: <a href=\"https:\/\/pergamum.ufpel.edu.br\/pergamumweb\/vinculos\/0000e6\/0000e64d.pdf.\">https:\/\/pergamum.ufpel.edu.br\/pergamumweb\/vinculos\/0000e6\/0000e64d.pdf.\u00a0<\/a><\/p>\n<p>&nbsp;<\/p>\n","protected":false},"excerpt":{"rendered":"<p>Os TCCs abaixo trazem reflex\u00f5es e interlocu\u00e7\u00f5es com o projeto Viv\u00eancias Teatrais em Escolas CUBA, Tatiana Duarte.\u00a0Descobrindo o teatro:\u00a0a import\u00e2ncia da extens\u00e3o universit\u00e1ria na periferia. Pelotas, 2024. 45 f. TCC (Gradua\u00e7\u00e3o em Teatro) &#8211; Centro de Artes. Universidade Federal de Pelotas, 2024. Dispon\u00edvel em: https:\/\/pergamum.ufpel.edu.br\/acervo\/128628\/referencia &nbsp; ARA\u00daJO, Carla Silva.\u00a0A cena teatral em Pedro Os\u00f3rio.\u00a0Pelotas, 2021. [&hellip;]<\/p>\n","protected":false},"author":1100,"featured_media":0,"parent":0,"menu_order":0,"comment_status":"closed","ping_status":"closed","template":"","meta":{"footnotes":""},"class_list":["post-658","page","type-page","status-publish","hentry"],"jetpack_sharing_enabled":true,"_links":{"self":[{"href":"https:\/\/wp.ufpel.edu.br\/vivenciasteatraisemescolas\/wp-json\/wp\/v2\/pages\/658","targetHints":{"allow":["GET"]}}],"collection":[{"href":"https:\/\/wp.ufpel.edu.br\/vivenciasteatraisemescolas\/wp-json\/wp\/v2\/pages"}],"about":[{"href":"https:\/\/wp.ufpel.edu.br\/vivenciasteatraisemescolas\/wp-json\/wp\/v2\/types\/page"}],"author":[{"embeddable":true,"href":"https:\/\/wp.ufpel.edu.br\/vivenciasteatraisemescolas\/wp-json\/wp\/v2\/users\/1100"}],"replies":[{"embeddable":true,"href":"https:\/\/wp.ufpel.edu.br\/vivenciasteatraisemescolas\/wp-json\/wp\/v2\/comments?post=658"}],"version-history":[{"count":9,"href":"https:\/\/wp.ufpel.edu.br\/vivenciasteatraisemescolas\/wp-json\/wp\/v2\/pages\/658\/revisions"}],"predecessor-version":[{"id":663,"href":"https:\/\/wp.ufpel.edu.br\/vivenciasteatraisemescolas\/wp-json\/wp\/v2\/pages\/658\/revisions\/663"}],"wp:attachment":[{"href":"https:\/\/wp.ufpel.edu.br\/vivenciasteatraisemescolas\/wp-json\/wp\/v2\/media?parent=658"}],"curies":[{"name":"wp","href":"https:\/\/api.w.org\/{rel}","templated":true}]}}