{"id":533,"date":"2021-09-06T17:18:31","date_gmt":"2021-09-06T20:18:31","guid":{"rendered":"https:\/\/wp.ufpel.edu.br\/vivenciasteatraisemescolas\/?page_id=533"},"modified":"2022-04-01T12:22:38","modified_gmt":"2022-04-01T15:22:38","slug":"serie-linguagens-teatrais","status":"publish","type":"page","link":"https:\/\/wp.ufpel.edu.br\/vivenciasteatraisemescolas\/serie-linguagens-teatrais\/","title":{"rendered":"S\u00e9rie Linguagens Teatrais"},"content":{"rendered":"<p style=\"text-align: justify;\">Essa s\u00e9rie cont\u00e9m 5 v\u00eddeos sobre linguagens teatrais: Jogos Teatrais, Dramaturgia, Cenografia, Figurino e Maquiagem. A composi\u00e7\u00e3o dos v\u00eddeos foi criado para a disciplina de Est\u00e1gio 3 do curso de Licenciatura em Teatro da UFPel, que foi aplicado com o grupo Viv\u00eancias Teatrais em Escolas na EMEF Get\u00falio Vargas na cidade de Pedro Os\u00f3rio.<\/p>\n<p style=\"text-align: justify;\">Elabora\u00e7\u00e3o e execu\u00e7\u00e3o: Carla Ara\u00fajo<\/p>\n<p style=\"text-align: justify;\">Edi\u00e7\u00e3o: Carla Ara\u00fajo<\/p>\n<p style=\"text-align: justify;\">Colabora\u00e7\u00e3o: Maria Fernanda Botelho e Naylson Costa<\/p>\n<p style=\"text-align: justify;\">Orienta\u00e7\u00e3o: Vanessa Caldeira Leite e Andrisa Kemel Zanella.<\/p>\n<p>_______________________________________________________________________<\/p>\n<p class=\"title style-scope ytd-video-primary-info-renderer\"><strong>Jogos Teatrais<\/strong><\/p>\n<p><iframe title=\"S\u00e9rie Linguagens Teatrais: Jogos Teatrais\" width=\"500\" height=\"281\" src=\"https:\/\/www.youtube.com\/embed\/pWkLDt_ysEA?list=PLMO4nQ2CFXxOBxWSFYVg2qcJjbs5hYuTR\" frameborder=\"0\" allow=\"accelerometer; autoplay; clipboard-write; encrypted-media; gyroscope; picture-in-picture; web-share\" referrerpolicy=\"strict-origin-when-cross-origin\" allowfullscreen><\/iframe><\/p>\n<p>&nbsp;<\/p>\n<p><strong>Cenografia<\/strong><\/p>\n<p><iframe title=\"S\u00e9rie Linguagens Teatrais: Cenografia\" width=\"500\" height=\"281\" src=\"https:\/\/www.youtube.com\/embed\/zmoQhRtFCU4?feature=oembed\" frameborder=\"0\" allow=\"accelerometer; autoplay; clipboard-write; encrypted-media; gyroscope; picture-in-picture; web-share\" referrerpolicy=\"strict-origin-when-cross-origin\" allowfullscreen><\/iframe><\/p>\n<p>&nbsp;<\/p>\n<p><strong>Figurino e Maquiagem<\/strong><\/p>\n<p><iframe title=\"S\u00e9rie Linguagens Teatrais:  Figurino e Maquiagem\" width=\"500\" height=\"281\" src=\"https:\/\/www.youtube.com\/embed\/l1YbfAmKMkw?feature=oembed\" frameborder=\"0\" allow=\"accelerometer; autoplay; clipboard-write; encrypted-media; gyroscope; picture-in-picture; web-share\" referrerpolicy=\"strict-origin-when-cross-origin\" allowfullscreen><\/iframe><\/p>\n<p>&nbsp;<\/p>\n<p class=\"title style-scope ytd-video-primary-info-renderer\"><strong>Dramaturgia<\/strong><\/p>\n<p><iframe title=\"S\u00e9rie Linguagens Teatrais: Dramaturgia\" width=\"500\" height=\"375\" src=\"https:\/\/www.youtube.com\/embed\/Ljko66hg4xE?feature=oembed\" frameborder=\"0\" allow=\"accelerometer; autoplay; clipboard-write; encrypted-media; gyroscope; picture-in-picture; web-share\" referrerpolicy=\"strict-origin-when-cross-origin\" allowfullscreen><\/iframe><\/p>\n","protected":false},"excerpt":{"rendered":"<p>Essa s\u00e9rie cont\u00e9m 5 v\u00eddeos sobre linguagens teatrais: Jogos Teatrais, Dramaturgia, Cenografia, Figurino e Maquiagem. A composi\u00e7\u00e3o dos v\u00eddeos foi criado para a disciplina de Est\u00e1gio 3 do curso de Licenciatura em Teatro da UFPel, que foi aplicado com o grupo Viv\u00eancias Teatrais em Escolas na EMEF Get\u00falio Vargas na cidade de Pedro Os\u00f3rio. Elabora\u00e7\u00e3o [&hellip;]<\/p>\n","protected":false},"author":1100,"featured_media":0,"parent":0,"menu_order":0,"comment_status":"closed","ping_status":"closed","template":"","meta":{"footnotes":""},"class_list":["post-533","page","type-page","status-publish","hentry"],"jetpack_sharing_enabled":true,"_links":{"self":[{"href":"https:\/\/wp.ufpel.edu.br\/vivenciasteatraisemescolas\/wp-json\/wp\/v2\/pages\/533","targetHints":{"allow":["GET"]}}],"collection":[{"href":"https:\/\/wp.ufpel.edu.br\/vivenciasteatraisemescolas\/wp-json\/wp\/v2\/pages"}],"about":[{"href":"https:\/\/wp.ufpel.edu.br\/vivenciasteatraisemescolas\/wp-json\/wp\/v2\/types\/page"}],"author":[{"embeddable":true,"href":"https:\/\/wp.ufpel.edu.br\/vivenciasteatraisemescolas\/wp-json\/wp\/v2\/users\/1100"}],"replies":[{"embeddable":true,"href":"https:\/\/wp.ufpel.edu.br\/vivenciasteatraisemescolas\/wp-json\/wp\/v2\/comments?post=533"}],"version-history":[{"count":9,"href":"https:\/\/wp.ufpel.edu.br\/vivenciasteatraisemescolas\/wp-json\/wp\/v2\/pages\/533\/revisions"}],"predecessor-version":[{"id":559,"href":"https:\/\/wp.ufpel.edu.br\/vivenciasteatraisemescolas\/wp-json\/wp\/v2\/pages\/533\/revisions\/559"}],"wp:attachment":[{"href":"https:\/\/wp.ufpel.edu.br\/vivenciasteatraisemescolas\/wp-json\/wp\/v2\/media?parent=533"}],"curies":[{"name":"wp","href":"https:\/\/api.w.org\/{rel}","templated":true}]}}