{"id":522,"date":"2021-08-17T16:27:17","date_gmt":"2021-08-17T19:27:17","guid":{"rendered":"https:\/\/wp.ufpel.edu.br\/vivenciasteatraisemescolas\/?page_id=522"},"modified":"2021-08-17T16:33:27","modified_gmt":"2021-08-17T19:33:27","slug":"vii-siiepe","status":"publish","type":"page","link":"https:\/\/wp.ufpel.edu.br\/vivenciasteatraisemescolas\/vii-siiepe\/","title":{"rendered":"VII SIIEPE"},"content":{"rendered":"<p><strong>VII SIIEPE UFPel \u2013 Naylson Rodrigues Costa<\/strong><\/p>\n<div id=\"meta\" class=\"style-scope ytd-watch-flexy\">\n<div id=\"meta-contents\" class=\"style-scope ytd-watch-flexy\">\n<div id=\"container\" class=\"style-scope ytd-video-secondary-info-renderer\">\n<div id=\"content\" class=\"style-scope ytd-expander\">\n<div id=\"description\" class=\"style-scope ytd-video-secondary-info-renderer\" style=\"text-align: justify\">Trabalho apresentado na 7\u00b0 Semana Integrada UFPel, no Congresso de Extens\u00e3o e Cultura. Naylson Rodrigues Costa, Vanessa Caldeira Leite, Andrisa Kemel Zanella Tema do evento: \u201cO papel pol\u00edtico, social e cient\u00edfico da Universidade na sociedade atual\u201d DE 18 A 22 DE OUTUBRO DE 2021, EM FORMATO REMOTO.<\/div>\n<div><\/div>\n<div>\n<p><iframe title=\"Viv\u00eancias Teatrais em Escolas: Modos de Reaproxima\u00e7\u00f5es e Afetos Durante a Pandemia da Covid-19\" width=\"500\" height=\"281\" src=\"https:\/\/www.youtube.com\/embed\/YkMIRv5upto?feature=oembed\" frameborder=\"0\" allow=\"accelerometer; autoplay; clipboard-write; encrypted-media; gyroscope; picture-in-picture; web-share\" referrerpolicy=\"strict-origin-when-cross-origin\" allowfullscreen><\/iframe><\/p>\n<\/div>\n<\/div>\n<\/div>\n<\/div>\n<\/div>\n<div class=\"style-scope ytd-metadata-row-container-renderer\"><\/div>\n<div><\/div>\n<p class=\"title style-scope ytd-video-primary-info-renderer\"><strong>VII SIIEPE UFPel \u2013 Carla Silva Ara\u00fajo<\/strong><\/p>\n<div id=\"meta\" class=\"style-scope ytd-watch-flexy\">\n<div id=\"meta-contents\" class=\"style-scope ytd-watch-flexy\">\n<div id=\"container\" class=\"style-scope ytd-video-secondary-info-renderer\">\n<div id=\"content\" class=\"style-scope ytd-expander\">\n<div id=\"description\" class=\"style-scope ytd-video-secondary-info-renderer\" style=\"text-align: justify\">VII SIIEPE, teatro-educa\u00e7\u00e3o, A EXPERI\u00caNCIA DE ENSINO DE TEATRO COM COMUNIDADE EM TEMPOS PAND\u00caMICOS.<\/div>\n<div class=\"style-scope ytd-video-secondary-info-renderer\" style=\"text-align: justify\">Resumo: O trabalho desenvolvido surge para contar a minha experi\u00eancia com a disciplina de Est\u00e1gio 3 em comunidade, da qual desenvolvi v\u00eddeos contendo 5 linguagens teatrais com o grupo do Viv\u00eancias Teatrais em Escolas.<\/div>\n<div><\/div>\n<div>\n<p><a href=\"https:\/\/www.youtube.com\/watch?v=H_oh5V2c_nA&#038;feature=emb_title&#038;ab_channel=CarlaAra%C3%BAjo\">https:\/\/www.youtube.com\/watch?v=H_oh5V2c_nA&amp;feature=emb_title&amp;ab_channel=CarlaAra%C3%BAjo<\/a><\/p>\n<\/div>\n<\/div>\n<div id=\"collapsible\" class=\"style-scope ytd-metadata-row-container-renderer\"><\/div>\n<\/div>\n<\/div>\n<\/div>\n","protected":false},"excerpt":{"rendered":"<p>VII SIIEPE UFPel \u2013 Naylson Rodrigues Costa Trabalho apresentado na 7\u00b0 Semana Integrada UFPel, no Congresso de Extens\u00e3o e Cultura. Naylson Rodrigues Costa, Vanessa Caldeira Leite, Andrisa Kemel Zanella Tema do evento: \u201cO papel pol\u00edtico, social e cient\u00edfico da Universidade na sociedade atual\u201d DE 18 A 22 DE OUTUBRO DE 2021, EM FORMATO REMOTO. VII [&hellip;]<\/p>\n","protected":false},"author":1100,"featured_media":0,"parent":0,"menu_order":0,"comment_status":"closed","ping_status":"closed","template":"","meta":{"footnotes":""},"class_list":["post-522","page","type-page","status-publish","hentry"],"jetpack_sharing_enabled":true,"_links":{"self":[{"href":"https:\/\/wp.ufpel.edu.br\/vivenciasteatraisemescolas\/wp-json\/wp\/v2\/pages\/522","targetHints":{"allow":["GET"]}}],"collection":[{"href":"https:\/\/wp.ufpel.edu.br\/vivenciasteatraisemescolas\/wp-json\/wp\/v2\/pages"}],"about":[{"href":"https:\/\/wp.ufpel.edu.br\/vivenciasteatraisemescolas\/wp-json\/wp\/v2\/types\/page"}],"author":[{"embeddable":true,"href":"https:\/\/wp.ufpel.edu.br\/vivenciasteatraisemescolas\/wp-json\/wp\/v2\/users\/1100"}],"replies":[{"embeddable":true,"href":"https:\/\/wp.ufpel.edu.br\/vivenciasteatraisemescolas\/wp-json\/wp\/v2\/comments?post=522"}],"version-history":[{"count":5,"href":"https:\/\/wp.ufpel.edu.br\/vivenciasteatraisemescolas\/wp-json\/wp\/v2\/pages\/522\/revisions"}],"predecessor-version":[{"id":531,"href":"https:\/\/wp.ufpel.edu.br\/vivenciasteatraisemescolas\/wp-json\/wp\/v2\/pages\/522\/revisions\/531"}],"wp:attachment":[{"href":"https:\/\/wp.ufpel.edu.br\/vivenciasteatraisemescolas\/wp-json\/wp\/v2\/media?parent=522"}],"curies":[{"name":"wp","href":"https:\/\/api.w.org\/{rel}","templated":true}]}}