{"id":490,"date":"2021-03-22T17:38:51","date_gmt":"2021-03-22T20:38:51","guid":{"rendered":"https:\/\/wp.ufpel.edu.br\/vivenciasteatraisemescolas\/?page_id=490"},"modified":"2022-04-01T12:26:42","modified_gmt":"2022-04-01T15:26:42","slug":"midia","status":"publish","type":"page","link":"https:\/\/wp.ufpel.edu.br\/vivenciasteatraisemescolas\/midia\/","title":{"rendered":"M\u00eddia"},"content":{"rendered":"<p style=\"text-align: justify;\"><strong>Programa Sem Censura:<\/strong> <strong>Entrevista sobre o Projeto Viv\u00eancias Teatrais em Escolas\/Pesquisa Cena Teatral em Pedro Os\u00f3rio\/Oficinas no GV Municipal.<\/strong> <em>Publicado na data de 23 de Julho de 2021. &lt;<a href=\"https:\/\/www.youtube.com\/watch?v=_X7YPFeZIoY&amp;t=880s&amp;ab_channel=JornalistaIramLima\">https:\/\/www.youtube.com\/watch?v=_X7YPFeZIoY&amp;t=880s&amp;ab_channel=JornalistaIramLima<\/a><\/em><\/p>\n<p>&nbsp;<\/p>\n<p><strong>Voz Docente: Projeto Viv\u00eancias Teatrais em Escolas re\u00fane arte e educa\u00e7\u00e3o no interior do RS.<\/strong> <em>Publicado na data de 09 de Abril de 2021. &lt;<\/em><a href=\"https:\/\/wp.ufpel.edu.br\/vivenciasteatraisemescolas\/files\/2021\/04\/20210409100449.pdf\" target=\"_blank\" rel=\"noopener noreferrer\">http:\/\/www.adufpel.org.br\/site\/noticias\/jornal-voz-docente-faz-balano-de-um-ano-de-pandemia-no-brasil20210409100449&gt;<\/a><\/p>\n<p>&nbsp;<\/p>\n<p style=\"text-align: justify;\"><strong>Programa Vira\u00e7\u00e3o reflete sobre a arte como respiro na Pandemia.<\/strong> <em>Publicado na data de 08 de Mar\u00e7o de 2021.<\/em> &lt;<a href=\"http:\/\/www.adufpel.org.br\/site\/noticias\/programa-virao-reflete-sobre-a-arte-como-respiro-na-pandemia\" target=\"_blank\" rel=\"noopener noreferrer\">http:\/\/www.adufpel.org.br\/site\/noticias\/programa-virao-reflete-sobre-a-arte-como-respiro-na-pandemia<\/a>&gt;<\/p>\n<p>&nbsp;<\/p>\n<p style=\"text-align: justify;\"><strong>Teatro leva projeto a escola de Pedro Os\u00f3rio.<\/strong>\u00a0<em>Publicado na data de 2 de Dezembro de 2019.<\/em>\u00a0&lt;<a href=\"http:\/\/www.radiocom.org.br\/?p=10635\" target=\"_blank\" rel=\"noopener noreferrer\">http:\/\/www.radiocom.org.br\/?p=10635<\/a>&gt;<\/p>\n<p>&nbsp;<\/p>\n<p style=\"text-align: justify;\"><strong>Teatro Leva Projeto a Escola de Pedro Os\u00f3rio.<\/strong><em>\u00a0Publicado na data de 29 de Novembro de 2019.<\/em>\u00a0&lt;<a href=\"https:\/\/ccs2.ufpel.edu.br\/wp\/2019\/11\/29\/teatro-leva-projeto-a-escola-de-pedro-osorio\" target=\"_blank\" rel=\"noopener noreferrer\">https:\/\/ccs2.ufpel.edu.br\/wp\/2019\/11\/29\/teatro-leva-projeto-a-escola-de-pedro-osorio<\/a>\/&gt;<\/p>\n<p>&nbsp;<\/p>\n<p style=\"text-align: justify;\"><strong>Viv\u00eancias Teatrais.\u00a0<\/strong><em>Publicado na data de 28 de Junho de 2018.\u00a0<\/em>&lt;<a href=\"https:\/\/gvmcatavento.blogspot.com\/2018\/06\/vivencias-teatrais.html\" target=\"_blank\" rel=\"noopener noreferrer\">https:\/\/gvmcatavento.blogspot.com\/2018\/06\/vivencias-teatrais.html<\/a>&gt;<\/p>\n<p>&nbsp;<\/p>\n<p style=\"text-align: justify;\"><strong style=\"text-align: justify;\">Homenagem Trof\u00e9u Programa Sem Censura.<\/strong><span style=\"text-align: justify;\">\u00a0<\/span><em style=\"text-align: justify;\">Publicado na data de 28 de Junho de 2018.<\/em><span style=\"text-align: justify;\">\u00a0&lt;<a href=\"https:\/\/gvmcatavento.blogspot.com\/2018\/06\/homenagem.html\" target=\"_blank\" rel=\"noopener noreferrer\">https:\/\/gvmcatavento.blogspot.com\/2018\/06\/homenagem.html<\/a>&gt;<\/span><\/p>\n<p>&nbsp;<\/p>\n<p style=\"text-align: justify;\"><strong>Pedro Os\u00f3rio: Cerim\u00f4nia entrega trof\u00e9us Sem Censura 2016\/2017.<\/strong>\u00a0<em>Publicado na data de 13 de Outubro de 2017. &lt;<a href=\"http:\/\/antigo.jornaltradicao.com.br\/site\/content\/variedades\/index.php?noticia=24029\" target=\"_blank\" rel=\"noopener noreferrer\">http:\/\/antigo.jornaltradicao.com.br\/site\/content\/variedades\/index.php?noticia=24029<\/a>&gt;<\/em><\/p>\n","protected":false},"excerpt":{"rendered":"<p>Programa Sem Censura: Entrevista sobre o Projeto Viv\u00eancias Teatrais em Escolas\/Pesquisa Cena Teatral em Pedro Os\u00f3rio\/Oficinas no GV Municipal. Publicado na data de 23 de Julho de 2021. &lt;https:\/\/www.youtube.com\/watch?v=_X7YPFeZIoY&amp;t=880s&amp;ab_channel=JornalistaIramLima &nbsp; Voz Docente: Projeto Viv\u00eancias Teatrais em Escolas re\u00fane arte e educa\u00e7\u00e3o no interior do RS. Publicado na data de 09 de Abril de 2021. &lt;http:\/\/www.adufpel.org.br\/site\/noticias\/jornal-voz-docente-faz-balano-de-um-ano-de-pandemia-no-brasil20210409100449&gt; [&hellip;]<\/p>\n","protected":false},"author":1100,"featured_media":0,"parent":0,"menu_order":0,"comment_status":"closed","ping_status":"closed","template":"","meta":{"footnotes":""},"class_list":["post-490","page","type-page","status-publish","hentry"],"jetpack_sharing_enabled":true,"_links":{"self":[{"href":"https:\/\/wp.ufpel.edu.br\/vivenciasteatraisemescolas\/wp-json\/wp\/v2\/pages\/490","targetHints":{"allow":["GET"]}}],"collection":[{"href":"https:\/\/wp.ufpel.edu.br\/vivenciasteatraisemescolas\/wp-json\/wp\/v2\/pages"}],"about":[{"href":"https:\/\/wp.ufpel.edu.br\/vivenciasteatraisemescolas\/wp-json\/wp\/v2\/types\/page"}],"author":[{"embeddable":true,"href":"https:\/\/wp.ufpel.edu.br\/vivenciasteatraisemescolas\/wp-json\/wp\/v2\/users\/1100"}],"replies":[{"embeddable":true,"href":"https:\/\/wp.ufpel.edu.br\/vivenciasteatraisemescolas\/wp-json\/wp\/v2\/comments?post=490"}],"version-history":[{"count":14,"href":"https:\/\/wp.ufpel.edu.br\/vivenciasteatraisemescolas\/wp-json\/wp\/v2\/pages\/490\/revisions"}],"predecessor-version":[{"id":561,"href":"https:\/\/wp.ufpel.edu.br\/vivenciasteatraisemescolas\/wp-json\/wp\/v2\/pages\/490\/revisions\/561"}],"wp:attachment":[{"href":"https:\/\/wp.ufpel.edu.br\/vivenciasteatraisemescolas\/wp-json\/wp\/v2\/media?parent=490"}],"curies":[{"name":"wp","href":"https:\/\/api.w.org\/{rel}","templated":true}]}}