{"id":231,"date":"2020-11-30T23:03:31","date_gmt":"2020-12-01T02:03:31","guid":{"rendered":"https:\/\/wp.ufpel.edu.br\/vivenciasteatraisemescolas\/?page_id=231"},"modified":"2020-12-13T00:52:01","modified_gmt":"2020-12-13T03:52:01","slug":"siiepe","status":"publish","type":"page","link":"https:\/\/wp.ufpel.edu.br\/vivenciasteatraisemescolas\/siiepe\/","title":{"rendered":"SIIEPE"},"content":{"rendered":"<p><strong>VI SIIEPE UFPel &#8211; Naylson Rodrigues Costa<\/strong><\/p>\n<p>6\u00aa Semana Integrada de Inova\u00e7\u00e3o, Ensino, Pesquisa e Extens\u00e3o VII Congresso de Extens\u00e3o e Cultura Tema: Extens\u00e3o Universit\u00e1ria: aproxima\u00e7\u00f5es em tempo de distanciamento social<\/p>\n<p>T\u00edtulo do trabalho: Viv\u00eancias Teatrais em Escolas: AproximA\u00e7\u00f5es em tempos de Pandemia.<\/p>\n<p>Resumo: Neste Trabalho apresento um panorama das A\u00e7\u00f5es desenvolvidas pelo Projeto de Extens\u00e3o Viv\u00eancias Teatrais em Escolas em meio a Pandemia do Covid-19.<\/p>\n<p><em>Publicado no YouTube na data de 02 de Outubro de 2020.<\/em><\/p>\n<p><iframe title=\"VI SIIEPE \u2013 UFPEL \u2013 Naylson Rodrigues Costa\" width=\"500\" height=\"281\" src=\"https:\/\/www.youtube.com\/embed\/qU3tg26iyHM?start=3&#038;feature=oembed\" frameborder=\"0\" allow=\"accelerometer; autoplay; clipboard-write; encrypted-media; gyroscope; picture-in-picture; web-share\" referrerpolicy=\"strict-origin-when-cross-origin\" allowfullscreen><\/iframe><\/p>\n<p><strong>VI SIIEPE UFPel &#8211; Carla Silva Ara\u00fajo<\/strong><\/p>\n<p>6\u00aa Semana Integrada de Inova\u00e7\u00e3o, Ensino, Pesquisa e Extens\u00e3o VII Congresso de Extens\u00e3o e Cultura Tema: Aproxima\u00e7\u00e3o em Tempo de Distaciamento Social<\/p>\n<p>T\u00edtulo do trabalho: Mem\u00f3rias do Projeto Viv\u00eancias Teatrais em Escolas<\/p>\n<p>Resumo: O trabalho \u00e0 seguir relata sobre uma s\u00e9rie de v\u00eddeos com as mem\u00f3rias das oficinas teatrais, criada pelos integrantes do projeto de extens\u00e3o &#8220;Viv\u00eancias Teatrais em Escolas&#8221;, com o objetivo de manter o v\u00ednculo entre o grupo e continuar propondo alternativas de afeto mesmo diante das limita\u00e7\u00f5es causadas pelo contexto atual.<\/p>\n<p><em>Publicado no Youtube na da ta de 02 de Outubro de 2020.<\/em><\/p>\n<p>&nbsp;<\/p>\n<p>https:\/\/www.youtube.com\/watch?v=7QieXSLjNrc<\/p>\n","protected":false},"excerpt":{"rendered":"<p>VI SIIEPE UFPel &#8211; Naylson Rodrigues Costa 6\u00aa Semana Integrada de Inova\u00e7\u00e3o, Ensino, Pesquisa e Extens\u00e3o VII Congresso de Extens\u00e3o e Cultura Tema: Extens\u00e3o Universit\u00e1ria: aproxima\u00e7\u00f5es em tempo de distanciamento social T\u00edtulo do trabalho: Viv\u00eancias Teatrais em Escolas: AproximA\u00e7\u00f5es em tempos de Pandemia. Resumo: Neste Trabalho apresento um panorama das A\u00e7\u00f5es desenvolvidas pelo Projeto de [&hellip;]<\/p>\n","protected":false},"author":1100,"featured_media":0,"parent":0,"menu_order":0,"comment_status":"closed","ping_status":"closed","template":"","meta":{"footnotes":""},"class_list":["post-231","page","type-page","status-publish","hentry"],"jetpack_sharing_enabled":true,"_links":{"self":[{"href":"https:\/\/wp.ufpel.edu.br\/vivenciasteatraisemescolas\/wp-json\/wp\/v2\/pages\/231","targetHints":{"allow":["GET"]}}],"collection":[{"href":"https:\/\/wp.ufpel.edu.br\/vivenciasteatraisemescolas\/wp-json\/wp\/v2\/pages"}],"about":[{"href":"https:\/\/wp.ufpel.edu.br\/vivenciasteatraisemescolas\/wp-json\/wp\/v2\/types\/page"}],"author":[{"embeddable":true,"href":"https:\/\/wp.ufpel.edu.br\/vivenciasteatraisemescolas\/wp-json\/wp\/v2\/users\/1100"}],"replies":[{"embeddable":true,"href":"https:\/\/wp.ufpel.edu.br\/vivenciasteatraisemescolas\/wp-json\/wp\/v2\/comments?post=231"}],"version-history":[{"count":4,"href":"https:\/\/wp.ufpel.edu.br\/vivenciasteatraisemescolas\/wp-json\/wp\/v2\/pages\/231\/revisions"}],"predecessor-version":[{"id":388,"href":"https:\/\/wp.ufpel.edu.br\/vivenciasteatraisemescolas\/wp-json\/wp\/v2\/pages\/231\/revisions\/388"}],"wp:attachment":[{"href":"https:\/\/wp.ufpel.edu.br\/vivenciasteatraisemescolas\/wp-json\/wp\/v2\/media?parent=231"}],"curies":[{"name":"wp","href":"https:\/\/api.w.org\/{rel}","templated":true}]}}