{"id":230,"date":"2020-11-30T23:03:31","date_gmt":"2020-12-01T02:03:31","guid":{"rendered":"https:\/\/wp.ufpel.edu.br\/vivenciasteatraisemescolas\/?page_id=230"},"modified":"2020-12-14T21:19:09","modified_gmt":"2020-12-15T00:19:09","slug":"processos-criativos","status":"publish","type":"page","link":"https:\/\/wp.ufpel.edu.br\/vivenciasteatraisemescolas\/processos-criativos\/","title":{"rendered":"Processos Criativos"},"content":{"rendered":"<p class=\"title style-scope ytd-video-primary-info-renderer\"><strong>Processos Criativos do Projeto Viv\u00eancias Teatrais: Experimento \u00c1gua<\/strong><\/p>\n<p>Esse v\u00eddeo faz parte da s\u00e9rie \u201cProcessos Criativos do Projeto Viv\u00eancias Teatrais\u201d. Na Parte II, apresenta-se o processo criativo do Experimento \u00c1gua desenvolvido no ano de 2019.\u00a0<em>Publicado no Youtube na data de 07 de Dezembro de 2020<\/em><\/p>\n<p><iframe title=\"Processos Criativos do Projeto Viv\u00eancias Teatrais: Experimento \u00c1gua\" width=\"500\" height=\"281\" src=\"https:\/\/www.youtube.com\/embed\/VP8qa84iExY?feature=oembed\" frameborder=\"0\" allow=\"accelerometer; autoplay; clipboard-write; encrypted-media; gyroscope; picture-in-picture; web-share\" referrerpolicy=\"strict-origin-when-cross-origin\" allowfullscreen><\/iframe><\/p>\n<p>&nbsp;<\/p>\n<p><strong>V\u00eddeo completo do \u201cExperimento \u00c1gua\u201d<\/strong><\/p>\n<p>Nesse v\u00eddeo consta a grava\u00e7\u00e3o do \u201cExperimento \u00c1gua\u201d, criado no ano de 2019 coletivamente pelo grupo.\u00a0<em>Publicado no YouTube na data de 27 de Novembro de 2020.<\/em><\/p>\n<p><iframe title=\"Experimento \u00c1gua\" width=\"500\" height=\"281\" src=\"https:\/\/www.youtube.com\/embed\/trbm671r-_U?feature=oembed\" frameborder=\"0\" allow=\"accelerometer; autoplay; clipboard-write; encrypted-media; gyroscope; picture-in-picture; web-share\" referrerpolicy=\"strict-origin-when-cross-origin\" allowfullscreen><\/iframe><\/p>\n<p>&nbsp;<\/p>\n<p class=\"title style-scope ytd-video-primary-info-renderer\"><strong>Processos Criativos do Projeto Viv\u00eancias Teatrais: Parte I<\/strong><\/p>\n<p>Esse v\u00eddeo faz parte da s\u00e9rie \u201cProcessos Criativos do Projeto Viv\u00eancias Teatrais\u201d. Na Parte I, apresenta-se o trabalho desenvolvido no ano de 2017 registrando alguns momentos marcantes dessa trajet\u00f3ria. <em>Publicado no YouTube na data 21 de Agosto de 2020.<\/em><\/p>\n<p><iframe title=\"Processos Criativos do Projeto Viv\u00eancias Teatrais\" width=\"500\" height=\"281\" src=\"https:\/\/www.youtube.com\/embed\/USN7rs4C9FI?feature=oembed\" frameborder=\"0\" allow=\"accelerometer; autoplay; clipboard-write; encrypted-media; gyroscope; picture-in-picture; web-share\" referrerpolicy=\"strict-origin-when-cross-origin\" allowfullscreen><\/iframe><\/p>\n","protected":false},"excerpt":{"rendered":"<p>Processos Criativos do Projeto Viv\u00eancias Teatrais: Experimento \u00c1gua Esse v\u00eddeo faz parte da s\u00e9rie \u201cProcessos Criativos do Projeto Viv\u00eancias Teatrais\u201d. Na Parte II, apresenta-se o processo criativo do Experimento \u00c1gua desenvolvido no ano de 2019.\u00a0Publicado no Youtube na data de 07 de Dezembro de 2020 &nbsp; V\u00eddeo completo do \u201cExperimento \u00c1gua\u201d Nesse v\u00eddeo consta a [&hellip;]<\/p>\n","protected":false},"author":1100,"featured_media":0,"parent":0,"menu_order":0,"comment_status":"closed","ping_status":"closed","template":"","meta":{"footnotes":""},"class_list":["post-230","page","type-page","status-publish","hentry"],"jetpack_sharing_enabled":true,"_links":{"self":[{"href":"https:\/\/wp.ufpel.edu.br\/vivenciasteatraisemescolas\/wp-json\/wp\/v2\/pages\/230","targetHints":{"allow":["GET"]}}],"collection":[{"href":"https:\/\/wp.ufpel.edu.br\/vivenciasteatraisemescolas\/wp-json\/wp\/v2\/pages"}],"about":[{"href":"https:\/\/wp.ufpel.edu.br\/vivenciasteatraisemescolas\/wp-json\/wp\/v2\/types\/page"}],"author":[{"embeddable":true,"href":"https:\/\/wp.ufpel.edu.br\/vivenciasteatraisemescolas\/wp-json\/wp\/v2\/users\/1100"}],"replies":[{"embeddable":true,"href":"https:\/\/wp.ufpel.edu.br\/vivenciasteatraisemescolas\/wp-json\/wp\/v2\/comments?post=230"}],"version-history":[{"count":6,"href":"https:\/\/wp.ufpel.edu.br\/vivenciasteatraisemescolas\/wp-json\/wp\/v2\/pages\/230\/revisions"}],"predecessor-version":[{"id":403,"href":"https:\/\/wp.ufpel.edu.br\/vivenciasteatraisemescolas\/wp-json\/wp\/v2\/pages\/230\/revisions\/403"}],"wp:attachment":[{"href":"https:\/\/wp.ufpel.edu.br\/vivenciasteatraisemescolas\/wp-json\/wp\/v2\/media?parent=230"}],"curies":[{"name":"wp","href":"https:\/\/api.w.org\/{rel}","templated":true}]}}