{"id":229,"date":"2020-11-30T23:03:31","date_gmt":"2020-12-01T02:03:31","guid":{"rendered":"https:\/\/wp.ufpel.edu.br\/vivenciasteatraisemescolas\/?page_id=229"},"modified":"2020-11-30T23:14:31","modified_gmt":"2020-12-01T02:14:31","slug":"memorias","status":"publish","type":"page","link":"https:\/\/wp.ufpel.edu.br\/vivenciasteatraisemescolas\/memorias\/","title":{"rendered":"Mem\u00f3rias"},"content":{"rendered":"<p><strong>V\u00eddeo com as mem\u00f3rias de Izadhora Lima da Rocha<\/strong><\/p>\n<p>Esse v\u00eddeo faz parte de uma s\u00e9rie de v\u00eddeos com as oficinandas que fazem ou fizeram parte do Projeto Viv\u00eancias Teatrais em Escolas, registrando alguns momentos marcantes nessa trajet\u00f3ria.\u00a0<em>Publicado no YouTube na data de 20 de Novembro de 2020.<\/em><\/p>\n<p><iframe title=\"Mem\u00f3rias do Projeto Viv\u00eancias Teatrais em Escolas: Izadhora Lima da Rocha\" width=\"500\" height=\"281\" src=\"https:\/\/www.youtube.com\/embed\/Lfe6lcXalJk?feature=oembed\" frameborder=\"0\" allow=\"accelerometer; autoplay; clipboard-write; encrypted-media; gyroscope; picture-in-picture; web-share\" referrerpolicy=\"strict-origin-when-cross-origin\" allowfullscreen><\/iframe><\/p>\n<p>&nbsp;<\/p>\n<p><strong>V\u00eddeo com as mem\u00f3rias de Rithiele Rodrigues<\/strong><\/p>\n<p>Esse v\u00eddeo faz parte de uma s\u00e9rie de v\u00eddeos com as oficinandas que fazem ou fizeram parte do Projeto Viv\u00eancias Teatrais em Escolas, registrando alguns momentos marcantes nessa trajet\u00f3ria.\u00a0<em>Publicado no YouTube na data de 17 de Novembro de 2020.<\/em><\/p>\n<p><iframe title=\"Mem\u00f3rias do Projeto Viv\u00eancias Teatrais em Escolas: Rithieli Rodrigues\" width=\"500\" height=\"281\" src=\"https:\/\/www.youtube.com\/embed\/lJjoS37qYi8?feature=oembed\" frameborder=\"0\" allow=\"accelerometer; autoplay; clipboard-write; encrypted-media; gyroscope; picture-in-picture; web-share\" referrerpolicy=\"strict-origin-when-cross-origin\" allowfullscreen><\/iframe><\/p>\n<p>&nbsp;<\/p>\n<p><strong>V\u00eddeo com as mem\u00f3rias de Eduarda Moraes e Yasmin Valin.<\/strong><\/p>\n<p>Esse v\u00eddeo faz parte de uma s\u00e9rie de v\u00eddeos com as oficinandas que fazem ou fizeram parte do Projeto Viv\u00eancias Teatrais em Escolas, registrando alguns momentos marcantes nessa trajet\u00f3ria.\u00a0<em>Publicado no YouTube na data de 03 de Novembro de 2020.<\/em><\/p>\n<p><iframe title=\"Mem\u00f3rias do Projeto Viv\u00eancias Teatrais: Eduarda Moraes e Yasmin Valim\" width=\"500\" height=\"281\" src=\"https:\/\/www.youtube.com\/embed\/LwgLOM_tfX4?feature=oembed\" frameborder=\"0\" allow=\"accelerometer; autoplay; clipboard-write; encrypted-media; gyroscope; picture-in-picture; web-share\" referrerpolicy=\"strict-origin-when-cross-origin\" allowfullscreen><\/iframe><\/p>\n<p>&nbsp;<\/p>\n<p><strong>V\u00eddeo com as mem\u00f3rias de Emily Kauane e Grazi Silva\u00a0<\/strong><\/p>\n<p>Esse v\u00eddeo faz parte de uma s\u00e9rie de v\u00eddeos com as oficinandas que fazem ou fizeram parte do Projeto Viv\u00eancias Teatrais em Escolas, registrando alguns momentos marcantes nessa trajet\u00f3ria.\u00a0<em>Publicado no YouTube na data de 19 de Outubro de 2020.<\/em><\/p>\n<p><iframe title=\"Mem\u00f3rias do Projeto Viv\u00eancias Teatrais: Emily Kauane e Grazi Silva\" width=\"500\" height=\"281\" src=\"https:\/\/www.youtube.com\/embed\/_eCRWPFSoa0?feature=oembed\" frameborder=\"0\" allow=\"accelerometer; autoplay; clipboard-write; encrypted-media; gyroscope; picture-in-picture; web-share\" referrerpolicy=\"strict-origin-when-cross-origin\" allowfullscreen><\/iframe><\/p>\n<p>&nbsp;<\/p>\n<p class=\"title style-scope ytd-video-primary-info-renderer\"><strong>V\u00eddeo com as mem\u00f3rias de Tatiana Pastorini<\/strong><\/p>\n<p>Esse v\u00eddeo faz parte de uma s\u00e9rie de v\u00eddeos com\u00a0 colaboradores que fazem ou fizeram parte do Projeto Viv\u00eancias Teatrais em Escolas, registrando alguns momentos marcantes nessa trajet\u00f3ria.<em>\u00a0Publicado no YouTube da data de 07 de Agosto de 2020.<\/em><\/p>\n<p><iframe title=\"Mem\u00f3rias Projeto Viv\u00eancias Teatrais: Tatiana Pastorini\" width=\"500\" height=\"281\" src=\"https:\/\/www.youtube.com\/embed\/SrrNsMgSZCA?feature=oembed\" frameborder=\"0\" allow=\"accelerometer; autoplay; clipboard-write; encrypted-media; gyroscope; picture-in-picture; web-share\" referrerpolicy=\"strict-origin-when-cross-origin\" allowfullscreen><\/iframe><\/p>\n<p>&nbsp;<\/p>\n<p><strong>V\u00eddeo com mem\u00f3rias de Germano Rusch<\/strong><\/p>\n<p>Esse v\u00eddeo faz parte de uma s\u00e9rie de v\u00eddeos com os oficineiros que fazem ou fizeram parte do Projeto Viv\u00eancias Teatrais em Escolas, registrando alguns momentos marcantes nessa trajet\u00f3ria.\u00a0<em>Publicado no YouTube da data de 31 de Julho de 2020.<\/em><\/p>\n<p><iframe title=\"Mem\u00f3rias Projeto Viv\u00eancias Teatrais: Germano Rusch\" width=\"500\" height=\"281\" src=\"https:\/\/www.youtube.com\/embed\/xybKveU9hFM?feature=oembed\" frameborder=\"0\" allow=\"accelerometer; autoplay; clipboard-write; encrypted-media; gyroscope; picture-in-picture; web-share\" referrerpolicy=\"strict-origin-when-cross-origin\" allowfullscreen><\/iframe><\/p>\n<p>&nbsp;<\/p>\n<p><strong>V\u00eddeo com mem\u00f3rias de Patr\u00edcia Castro Cardona<\/strong><\/p>\n<p>Esse v\u00eddeo faz parte de uma s\u00e9rie de v\u00eddeos com as oficineiras que fazem ou fizeram parte do Projeto Viv\u00eancias Teatrais em Escolas, registrando alguns momentos marcantes nessa trajet\u00f3ria.\u00a0<em>Publicado no YouTube da data de 24 de Julho de 2020.<\/em><\/p>\n<p><iframe title=\"Mem\u00f3rias Projeto Viv\u00eancias Teatrais: Patr\u00edcia Castro Cardona\" width=\"500\" height=\"281\" src=\"https:\/\/www.youtube.com\/embed\/R21duaJWu44?feature=oembed\" frameborder=\"0\" allow=\"accelerometer; autoplay; clipboard-write; encrypted-media; gyroscope; picture-in-picture; web-share\" referrerpolicy=\"strict-origin-when-cross-origin\" allowfullscreen><\/iframe><\/p>\n<p>&nbsp;<\/p>\n<p><strong>V\u00eddeo com as mem\u00f3rias de Naylson Costa<\/strong><\/p>\n<p>Esse v\u00eddeo faz parte de uma s\u00e9rie de v\u00eddeos com os oficineiros que fazem ou fizeram parte do Projeto Viv\u00eancias Teatrais em Escolas, registrando alguns momentos marcantes nessa trajet\u00f3ria.\u00a0<em>Publicado no YouTube da data de 17 de Julho de 2020.<\/em><\/p>\n<p><iframe title=\"Mem\u00f3rias do Projeto Viv\u00eancias Teatrais em Escolas: Nay Costa\" width=\"500\" height=\"281\" src=\"https:\/\/www.youtube.com\/embed\/o7gWp5Gdv3I?feature=oembed\" frameborder=\"0\" allow=\"accelerometer; autoplay; clipboard-write; encrypted-media; gyroscope; picture-in-picture; web-share\" referrerpolicy=\"strict-origin-when-cross-origin\" allowfullscreen><\/iframe><\/p>\n<p>&nbsp;<\/p>\n<p><strong>V\u00eddeo com as mem\u00f3rias de Carla Silva Ara\u00fajo<\/strong><\/p>\n<p>Esse v\u00eddeo faz parte de uma s\u00e9rie de v\u00eddeos com os oficineiros que fazem ou fizeram parte do Projeto Viv\u00eancias Teatrais em Escolas, registrando alguns momentos marcantes nessa trajet\u00f3ria.\u00a0<em>Publicado no YouTube da data de 03 de Julho de 2020.<\/em><\/p>\n<p><iframe title=\"Mem\u00f3rias do Projeto Viv\u00eancias Teatrais em Escolas: Carla Silva Ara\u00fajo\" width=\"500\" height=\"281\" src=\"https:\/\/www.youtube.com\/embed\/T15lvGcF3pg?feature=oembed\" frameborder=\"0\" allow=\"accelerometer; autoplay; clipboard-write; encrypted-media; gyroscope; picture-in-picture; web-share\" referrerpolicy=\"strict-origin-when-cross-origin\" allowfullscreen><\/iframe><\/p>\n","protected":false},"excerpt":{"rendered":"<p>V\u00eddeo com as mem\u00f3rias de Izadhora Lima da Rocha Esse v\u00eddeo faz parte de uma s\u00e9rie de v\u00eddeos com as oficinandas que fazem ou fizeram parte do Projeto Viv\u00eancias Teatrais em Escolas, registrando alguns momentos marcantes nessa trajet\u00f3ria.\u00a0Publicado no YouTube na data de 20 de Novembro de 2020. &nbsp; V\u00eddeo com as mem\u00f3rias de Rithiele [&hellip;]<\/p>\n","protected":false},"author":1100,"featured_media":0,"parent":0,"menu_order":0,"comment_status":"closed","ping_status":"closed","template":"","meta":{"footnotes":""},"class_list":["post-229","page","type-page","status-publish","hentry"],"jetpack_sharing_enabled":true,"_links":{"self":[{"href":"https:\/\/wp.ufpel.edu.br\/vivenciasteatraisemescolas\/wp-json\/wp\/v2\/pages\/229","targetHints":{"allow":["GET"]}}],"collection":[{"href":"https:\/\/wp.ufpel.edu.br\/vivenciasteatraisemescolas\/wp-json\/wp\/v2\/pages"}],"about":[{"href":"https:\/\/wp.ufpel.edu.br\/vivenciasteatraisemescolas\/wp-json\/wp\/v2\/types\/page"}],"author":[{"embeddable":true,"href":"https:\/\/wp.ufpel.edu.br\/vivenciasteatraisemescolas\/wp-json\/wp\/v2\/users\/1100"}],"replies":[{"embeddable":true,"href":"https:\/\/wp.ufpel.edu.br\/vivenciasteatraisemescolas\/wp-json\/wp\/v2\/comments?post=229"}],"version-history":[{"count":4,"href":"https:\/\/wp.ufpel.edu.br\/vivenciasteatraisemescolas\/wp-json\/wp\/v2\/pages\/229\/revisions"}],"predecessor-version":[{"id":239,"href":"https:\/\/wp.ufpel.edu.br\/vivenciasteatraisemescolas\/wp-json\/wp\/v2\/pages\/229\/revisions\/239"}],"wp:attachment":[{"href":"https:\/\/wp.ufpel.edu.br\/vivenciasteatraisemescolas\/wp-json\/wp\/v2\/media?parent=229"}],"curies":[{"name":"wp","href":"https:\/\/api.w.org\/{rel}","templated":true}]}}