{"id":130,"date":"2020-11-29T20:07:23","date_gmt":"2020-11-29T23:07:23","guid":{"rendered":"https:\/\/wp.ufpel.edu.br\/vivenciasteatraisemescolas\/?page_id=130"},"modified":"2021-08-17T16:30:13","modified_gmt":"2021-08-17T19:30:13","slug":"videos","status":"publish","type":"page","link":"https:\/\/wp.ufpel.edu.br\/vivenciasteatraisemescolas\/videos\/","title":{"rendered":"V\u00eddeos"},"content":{"rendered":"<p><strong>VII SIIEPE UFPel &#8211; Naylson Rodrigues Costa<\/strong><\/p>\n<div id=\"meta\" class=\"style-scope ytd-watch-flexy\">\n<div id=\"meta-contents\" class=\"style-scope ytd-watch-flexy\">\n<div id=\"container\" class=\"style-scope ytd-video-secondary-info-renderer\">\n<div id=\"content\" class=\"style-scope ytd-expander\">\n<div id=\"description\" class=\"style-scope ytd-video-secondary-info-renderer\" style=\"text-align: justify\">Trabalho apresentado na 7\u00b0 Semana Integrada UFPel, no Congresso de Extens\u00e3o e Cultura. Naylson Rodrigues Costa, Vanessa Caldeira Leite, Andrisa Kemel Zanella Tema do evento: \u201cO papel pol\u00edtico, social e cient\u00edfico da Universidade na sociedade atual\u201d DE 18 A 22 DE OUTUBRO DE 2021, EM FORMATO REMOTO.<\/div>\n<div><\/div>\n<\/div>\n<\/div>\n<\/div>\n<\/div>\n<div class=\"style-scope ytd-metadata-row-container-renderer\">\n<p><iframe title=\"Viv\u00eancias Teatrais em Escolas: Modos de Reaproxima\u00e7\u00f5es e Afetos Durante a Pandemia da Covid-19\" width=\"500\" height=\"281\" src=\"https:\/\/www.youtube.com\/embed\/YkMIRv5upto?feature=oembed\" frameborder=\"0\" allow=\"accelerometer; autoplay; clipboard-write; encrypted-media; gyroscope; picture-in-picture; web-share\" referrerpolicy=\"strict-origin-when-cross-origin\" allowfullscreen><\/iframe><\/p>\n<\/div>\n<div><\/div>\n<p class=\"title style-scope ytd-video-primary-info-renderer\"><strong>VII SIIEPE UFPel &#8211; Carla Silva Ara\u00fajo<\/strong><\/p>\n<div id=\"meta\" class=\"style-scope ytd-watch-flexy\">\n<div id=\"meta-contents\" class=\"style-scope ytd-watch-flexy\">\n<div id=\"container\" class=\"style-scope ytd-video-secondary-info-renderer\">\n<div id=\"content\" class=\"style-scope ytd-expander\">\n<div id=\"description\" class=\"style-scope ytd-video-secondary-info-renderer\" style=\"text-align: justify\">VII SIIEPE, teatro-educa\u00e7\u00e3o, A EXPERI\u00caNCIA DE ENSINO DE TEATRO COM COMUNIDADE EM TEMPOS PAND\u00caMICOS.<\/div>\n<div class=\"style-scope ytd-video-secondary-info-renderer\" style=\"text-align: justify\">Resumo: O trabalho desenvolvido surge para contar a minha experi\u00eancia com a disciplina de Est\u00e1gio 3 em comunidade, da qual desenvolvi v\u00eddeos contendo 5 linguagens teatrais com o grupo do Viv\u00eancias Teatrais em Escolas.<\/div>\n<div><\/div>\n<\/div>\n<div id=\"collapsible\" class=\"style-scope ytd-metadata-row-container-renderer\">\n<p><a href=\"https:\/\/www.youtube.com\/watch?v=H_oh5V2c_nA&#038;ab_channel=CarlaAra%C3%BAjo\">https:\/\/www.youtube.com\/watch?v=H_oh5V2c_nA&amp;ab_channel=CarlaAra%C3%BAjo<\/a><\/p>\n<\/div>\n<\/div>\n<\/div>\n<\/div>\n<p>&nbsp;<\/p>\n<p><strong>Natal do Viv\u00eancias Teatrais\u00a0<\/strong><\/p>\n<div id=\"content\" class=\"style-scope ytd-expander\">\n<div id=\"description\" class=\"style-scope ytd-video-secondary-info-renderer\">Nesse v\u00eddeo desejamos a nossos estudantes, colaboradores e seguidores um Feliz Natal. Concep\u00e7\u00e3o: Andrisa Kemel Zanella, Vanessa Caldeira Leite, Maria Fernanda Botelho, Carla da Silva Ara\u00fajo, Naylson Rodrigues Costa e Patr\u00edcia Castro Cardona. P<em>ublicado no Youtube na data de 25 de Dezembro de 2020.<\/em><\/div>\n<div><\/div>\n<div>\n<p><iframe title=\"Natal do Viv\u00eancias Teatrais\" width=\"500\" height=\"281\" src=\"https:\/\/www.youtube.com\/embed\/NG-69JzV3Do?feature=oembed\" frameborder=\"0\" allow=\"accelerometer; autoplay; clipboard-write; encrypted-media; gyroscope; picture-in-picture; web-share\" referrerpolicy=\"strict-origin-when-cross-origin\" allowfullscreen><\/iframe><\/p>\n<p>&nbsp;<\/p>\n<\/div>\n<div><\/div>\n<div class=\"style-scope ytd-video-secondary-info-renderer\"><strong>Processos Criativos do Projeto Viv\u00eancias Teatrais: Experimento \u00c1gua<\/strong><\/div>\n<\/div>\n<p>Esse v\u00eddeo faz parte da s\u00e9rie \u201cProcessos Criativos do Projeto Viv\u00eancias Teatrais\u201d. Na Parte II, apresenta-se o processo criativo do Experimento \u00c1gua desenvolvido no ano de 2019. <em>Publicado no Youtube na data de 07 de Dezembro de 2020.\u00a0<\/em><\/p>\n<p><iframe title=\"Processos Criativos do Projeto Viv\u00eancias Teatrais: Experimento \u00c1gua\" width=\"500\" height=\"281\" src=\"https:\/\/www.youtube.com\/embed\/VP8qa84iExY?feature=oembed\" frameborder=\"0\" allow=\"accelerometer; autoplay; clipboard-write; encrypted-media; gyroscope; picture-in-picture; web-share\" referrerpolicy=\"strict-origin-when-cross-origin\" allowfullscreen><\/iframe><\/p>\n<p>&nbsp;<\/p>\n<p><strong>VI SIIEPE UFPel &#8211; Naylson Rodrigues Costa<\/strong><\/p>\n<p>6\u00aa Semana Integrada de Inova\u00e7\u00e3o, Ensino, Pesquisa e Extens\u00e3o VII Congresso de Extens\u00e3o e Cultura Tema: Extens\u00e3o Universit\u00e1ria: aproxima\u00e7\u00f5es em tempo de distanciamento social<\/p>\n<p>T\u00edtulo do trabalho: Viv\u00eancias Teatrais em Escolas: AproximA\u00e7\u00f5es em tempos de Pandemia.<\/p>\n<p>Resumo: Neste Trabalho apresento um panorama das A\u00e7\u00f5es desenvolvidas pelo Projeto de Extens\u00e3o Viv\u00eancias Teatrais em Escolas em meio a Pandemia do Covid-19.<\/p>\n<p><em>Publicado no YouTube na data de 02 de Outubro de 2020.<\/em><\/p>\n<p><iframe title=\"VI SIIEPE \u2013 UFPEL \u2013 Naylson Rodrigues Costa\" width=\"500\" height=\"281\" src=\"https:\/\/www.youtube.com\/embed\/qU3tg26iyHM?start=3&#038;feature=oembed\" frameborder=\"0\" allow=\"accelerometer; autoplay; clipboard-write; encrypted-media; gyroscope; picture-in-picture; web-share\" referrerpolicy=\"strict-origin-when-cross-origin\" allowfullscreen><\/iframe><\/p>\n<p>&nbsp;<\/p>\n<p><strong>VI SIIEPE UFPel &#8211; Carla Silva Ara\u00fajo<\/strong><\/p>\n<p>6\u00aa Semana Integrada de Inova\u00e7\u00e3o, Ensino, Pesquisa e Extens\u00e3o VII Congresso de Extens\u00e3o e Cultura Tema: Aproxima\u00e7\u00e3o em Tempo de Distaciamento Social<\/p>\n<p>T\u00edtulo do trabalho: Mem\u00f3rias do Projeto Viv\u00eancias Teatrais em Escolas<\/p>\n<p>Resumo: O trabalho \u00e0 seguir relata sobre uma s\u00e9rie de v\u00eddeos com as mem\u00f3rias das oficinas teatrais, criada pelos integrantes do projeto de extens\u00e3o &#8220;Viv\u00eancias Teatrais em Escolas&#8221;, com o objetivo de manter o v\u00ednculo entre o grupo e continuar propondo alternativas de afeto mesmo diante das limita\u00e7\u00f5es causadas pelo contexto atual.<\/p>\n<p><em>Publicado no Youtube na da ta de 02 de Outubro de 2020.<\/em><\/p>\n<p>https:\/\/www.youtube.com\/watch?v=7QieXSLjNrc<\/p>\n<p>&nbsp;<\/p>\n<p style=\"text-align: left\"><strong>V\u00eddeo completo do &#8220;Experimento \u00c1gua&#8221;<\/strong><\/p>\n<p>Nesse v\u00eddeo consta a grava\u00e7\u00e3o do &#8220;Experimento \u00c1gua&#8221;, criado no ano de 2019 coletivamente pelo grupo. <em>Publicado no YouTube na data de 27 de Novembro de 2020.<\/em><\/p>\n<p><iframe title=\"Experimento \u00c1gua\" width=\"500\" height=\"281\" src=\"https:\/\/www.youtube.com\/embed\/trbm671r-_U?start=8&#038;feature=oembed\" frameborder=\"0\" allow=\"accelerometer; autoplay; clipboard-write; encrypted-media; gyroscope; picture-in-picture; web-share\" referrerpolicy=\"strict-origin-when-cross-origin\" allowfullscreen><\/iframe><\/p>\n<p>&nbsp;<\/p>\n<p style=\"text-align: left\"><strong>V\u00eddeo com as mem\u00f3rias de Izadhora Lima da Rocha<\/strong><\/p>\n<p>Esse v\u00eddeo faz parte de uma s\u00e9rie de v\u00eddeos com as oficinandas que fazem ou fizeram parte do Projeto Viv\u00eancias Teatrais em Escolas, registrando alguns momentos marcantes nessa trajet\u00f3ria. <em>Publicado no YouTube na data de 20 de Novembro de 2020.<\/em><\/p>\n<p><iframe title=\"Mem\u00f3rias do Projeto Viv\u00eancias Teatrais em Escolas: Izadhora Lima da Rocha\" width=\"500\" height=\"281\" src=\"https:\/\/www.youtube.com\/embed\/SKAODb0UuRg?feature=oembed\" frameborder=\"0\" allow=\"accelerometer; autoplay; clipboard-write; encrypted-media; gyroscope; picture-in-picture; web-share\" referrerpolicy=\"strict-origin-when-cross-origin\" allowfullscreen><\/iframe><\/p>\n<p>&nbsp;<\/p>\n<p style=\"text-align: left\"><strong>V\u00eddeo com as mem\u00f3rias de Rithiele Rodrigues<\/strong><\/p>\n<p>Esse v\u00eddeo faz parte de uma s\u00e9rie de v\u00eddeos com as oficinandas que fazem ou fizeram parte do Projeto Viv\u00eancias Teatrais em Escolas, registrando alguns momentos marcantes nessa trajet\u00f3ria. <em>Publicado no YouTube na data de 17 de Novembro de 2020.<\/em><\/p>\n<p><iframe title=\"Mem\u00f3rias do Projeto Viv\u00eancias Teatrais em Escolas: Rithieli Rodrigues\" width=\"500\" height=\"281\" src=\"https:\/\/www.youtube.com\/embed\/lJjoS37qYi8?feature=oembed\" frameborder=\"0\" allow=\"accelerometer; autoplay; clipboard-write; encrypted-media; gyroscope; picture-in-picture; web-share\" referrerpolicy=\"strict-origin-when-cross-origin\" allowfullscreen><\/iframe><\/p>\n<p>&nbsp;<\/p>\n<p style=\"text-align: left\"><strong>V\u00eddeo com as mem\u00f3rias de Eduarda Moraes e Yasmin Valin.<\/strong><\/p>\n<p style=\"text-align: left\">Esse v\u00eddeo faz parte de uma s\u00e9rie de v\u00eddeos com as oficinandas que fazem ou fizeram parte do Projeto Viv\u00eancias Teatrais em Escolas, registrando alguns momentos marcantes nessa trajet\u00f3ria. <em>Publicado no YouTube na data de 03 de Novembro de 2020.<\/em><\/p>\n<p><iframe title=\"Mem\u00f3rias do Projeto Viv\u00eancias Teatrais: Eduarda Moraes e Yasmin Valim\" width=\"500\" height=\"281\" src=\"https:\/\/www.youtube.com\/embed\/LwgLOM_tfX4?feature=oembed\" frameborder=\"0\" allow=\"accelerometer; autoplay; clipboard-write; encrypted-media; gyroscope; picture-in-picture; web-share\" referrerpolicy=\"strict-origin-when-cross-origin\" allowfullscreen><\/iframe><\/p>\n<p>&nbsp;<\/p>\n<p style=\"text-align: left\"><strong>V\u00eddeo com as mem\u00f3rias de Emily Kauane e Grazi Silva\u00a0<\/strong><\/p>\n<p>Esse v\u00eddeo faz parte de uma s\u00e9rie de v\u00eddeos com as oficinandas que fazem ou fizeram parte do Projeto Viv\u00eancias Teatrais em Escolas, registrando alguns momentos marcantes nessa trajet\u00f3ria. <em>Publicado no YouTube na data de 19 de Outubro de 2020.<\/em><\/p>\n<p><iframe title=\"Mem\u00f3rias do Projeto Viv\u00eancias Teatrais: Emily Kauane e Grazi Silva\" width=\"500\" height=\"281\" src=\"https:\/\/www.youtube.com\/embed\/_eCRWPFSoa0?start=13&#038;feature=oembed\" frameborder=\"0\" allow=\"accelerometer; autoplay; clipboard-write; encrypted-media; gyroscope; picture-in-picture; web-share\" referrerpolicy=\"strict-origin-when-cross-origin\" allowfullscreen><\/iframe><\/p>\n<p>&nbsp;<\/p>\n<p><strong>Processos criativos do Projeto Viv\u00eancias Teatrais: Parte 1.<\/strong><\/p>\n<p>Esse v\u00eddeo faz parte da s\u00e9rie \u201cProcessos Criativos do Projeto Viv\u00eancias Teatrais\u201d. Na Parte I, apresenta-se o trabalho desenvolvido no ano de 2017 registrando alguns momentos marcantes dessa trajet\u00f3ria. <em>Publicado no YouTube na data de 21 de Agosto de 2020.<\/em><\/p>\n<p><iframe title=\"Processos Criativos do Projeto Viv\u00eancias Teatrais\" width=\"500\" height=\"281\" src=\"https:\/\/www.youtube.com\/embed\/USN7rs4C9FI?feature=oembed\" frameborder=\"0\" allow=\"accelerometer; autoplay; clipboard-write; encrypted-media; gyroscope; picture-in-picture; web-share\" referrerpolicy=\"strict-origin-when-cross-origin\" allowfullscreen><\/iframe><\/p>\n<p>&nbsp;<\/p>\n<p class=\"title style-scope ytd-video-primary-info-renderer\"><strong>V\u00eddeo com as mem\u00f3rias de Tatiana Pastorini<\/strong><\/p>\n<p>Esse v\u00eddeo faz parte de uma s\u00e9rie de v\u00eddeos com\u00a0 colaboradores que fazem ou fizeram parte do Projeto Viv\u00eancias Teatrais em Escolas, registrando alguns momentos marcantes nessa trajet\u00f3ria.<em> Publicado no YouTube da data de 07 de Agosto de 2020.<\/em><\/p>\n<p><iframe title=\"Mem\u00f3rias Projeto Viv\u00eancias Teatrais: Tatiana Pastorini\" width=\"500\" height=\"281\" src=\"https:\/\/www.youtube.com\/embed\/SrrNsMgSZCA?feature=oembed\" frameborder=\"0\" allow=\"accelerometer; autoplay; clipboard-write; encrypted-media; gyroscope; picture-in-picture; web-share\" referrerpolicy=\"strict-origin-when-cross-origin\" allowfullscreen><\/iframe><\/p>\n<p>&nbsp;<\/p>\n<p><strong>V\u00eddeo com mem\u00f3rias de Germano Rusch<\/strong><\/p>\n<p>Esse v\u00eddeo faz parte de uma s\u00e9rie de v\u00eddeos com os oficineiros que fazem ou fizeram parte do Projeto Viv\u00eancias Teatrais em Escolas, registrando alguns momentos marcantes nessa trajet\u00f3ria. <em> Publicado no YouTube da data de 31 de Julho de 2020.<\/em><\/p>\n<p><iframe title=\"Mem\u00f3rias Projeto Viv\u00eancias Teatrais: Germano Rusch\" width=\"500\" height=\"281\" src=\"https:\/\/www.youtube.com\/embed\/xybKveU9hFM?feature=oembed\" frameborder=\"0\" allow=\"accelerometer; autoplay; clipboard-write; encrypted-media; gyroscope; picture-in-picture; web-share\" referrerpolicy=\"strict-origin-when-cross-origin\" allowfullscreen><\/iframe><\/p>\n<p>&nbsp;<\/p>\n<p><strong>V\u00eddeo com mem\u00f3rias de Patr\u00edcia Castro Cardona<\/strong><\/p>\n<p>Esse v\u00eddeo faz parte de uma s\u00e9rie de v\u00eddeos com as oficineiras que fazem ou fizeram parte do Projeto Viv\u00eancias Teatrais em Escolas, registrando alguns momentos marcantes nessa trajet\u00f3ria. <em> Publicado no YouTube da data de 24 de Julho de 2020.<\/em><\/p>\n<p><iframe title=\"Mem\u00f3rias Projeto Viv\u00eancias Teatrais: Patr\u00edcia Castro Cardona\" width=\"500\" height=\"281\" src=\"https:\/\/www.youtube.com\/embed\/R21duaJWu44?feature=oembed\" frameborder=\"0\" allow=\"accelerometer; autoplay; clipboard-write; encrypted-media; gyroscope; picture-in-picture; web-share\" referrerpolicy=\"strict-origin-when-cross-origin\" allowfullscreen><\/iframe><\/p>\n<p>&nbsp;<\/p>\n<p><strong>V\u00eddeo com as mem\u00f3rias de Naylson Costa<\/strong><\/p>\n<p>Esse v\u00eddeo faz parte de uma s\u00e9rie de v\u00eddeos com os oficineiros que fazem ou fizeram parte do Projeto Viv\u00eancias Teatrais em Escolas, registrando alguns momentos marcantes nessa trajet\u00f3ria. <em> Publicado no YouTube da data de 17 de Julho de 2020.<\/em><\/p>\n<p><iframe title=\"Mem\u00f3rias do Projeto Viv\u00eancias Teatrais em Escolas: Nay Costa\" width=\"500\" height=\"281\" src=\"https:\/\/www.youtube.com\/embed\/PbGDCCkYJ0A?feature=oembed\" frameborder=\"0\" allow=\"accelerometer; autoplay; clipboard-write; encrypted-media; gyroscope; picture-in-picture; web-share\" referrerpolicy=\"strict-origin-when-cross-origin\" allowfullscreen><\/iframe><\/p>\n<p>&nbsp;<\/p>\n<p><strong>V\u00eddeo com as mem\u00f3rias de Carla Silva Ara\u00fajo<\/strong><\/p>\n<p>Esse v\u00eddeo faz parte de uma s\u00e9rie de v\u00eddeos com os oficineiros que fazem ou fizeram parte do Projeto Viv\u00eancias Teatrais em Escolas, registrando alguns momentos marcantes nessa trajet\u00f3ria. <em> Publicado no YouTube da data de 03 de Julho de 2020.<\/em><\/p>\n<p><iframe title=\"Mem\u00f3rias do Projeto Viv\u00eancias Teatrais em Escolas: Carla Silva Ara\u00fajo\" width=\"500\" height=\"281\" src=\"https:\/\/www.youtube.com\/embed\/8kYDYssKt-E?feature=oembed\" frameborder=\"0\" allow=\"accelerometer; autoplay; clipboard-write; encrypted-media; gyroscope; picture-in-picture; web-share\" referrerpolicy=\"strict-origin-when-cross-origin\" allowfullscreen><\/iframe><\/p>\n<p>&nbsp;<\/p>\n<p><strong>Apresenta\u00e7\u00e3o do Projeto com as Coordenadoras Andrisa Kemel Zanella e Vanessa Caldeira Leite e Colaboradora Fernanda Botelho.<\/strong><\/p>\n<p>Nesse v\u00eddeo trazemos um breve resgate do processo de como se iniciou o projeto e como se desenvolver\u00e1 neste momento de pandemia. Ou seja, &#8220;Viv\u00eancias Teatrais em Escolas&#8221; continuar\u00e1 ativo, de maneira online, nas redes sociais do projeto. Publicado no YouTube na data de 24 de Junho de 2020.<\/p>\n<p>&nbsp;<\/p>\n<p><iframe title=\"Apresentando o Projeto Viv\u00eancias Teatrais em Escolas\" width=\"500\" height=\"281\" src=\"https:\/\/www.youtube.com\/embed\/2NtpH86wr3k?feature=oembed\" frameborder=\"0\" allow=\"accelerometer; autoplay; clipboard-write; encrypted-media; gyroscope; picture-in-picture; web-share\" referrerpolicy=\"strict-origin-when-cross-origin\" allowfullscreen><\/iframe><\/p>\n","protected":false},"excerpt":{"rendered":"<p>VII SIIEPE UFPel &#8211; Naylson Rodrigues Costa Trabalho apresentado na 7\u00b0 Semana Integrada UFPel, no Congresso de Extens\u00e3o e Cultura. Naylson Rodrigues Costa, Vanessa Caldeira Leite, Andrisa Kemel Zanella Tema do evento: \u201cO papel pol\u00edtico, social e cient\u00edfico da Universidade na sociedade atual\u201d DE 18 A 22 DE OUTUBRO DE 2021, EM FORMATO REMOTO. VII [&hellip;]<\/p>\n","protected":false},"author":1100,"featured_media":0,"parent":0,"menu_order":0,"comment_status":"closed","ping_status":"closed","template":"","meta":{"footnotes":""},"class_list":["post-130","page","type-page","status-publish","hentry"],"jetpack_sharing_enabled":true,"_links":{"self":[{"href":"https:\/\/wp.ufpel.edu.br\/vivenciasteatraisemescolas\/wp-json\/wp\/v2\/pages\/130","targetHints":{"allow":["GET"]}}],"collection":[{"href":"https:\/\/wp.ufpel.edu.br\/vivenciasteatraisemescolas\/wp-json\/wp\/v2\/pages"}],"about":[{"href":"https:\/\/wp.ufpel.edu.br\/vivenciasteatraisemescolas\/wp-json\/wp\/v2\/types\/page"}],"author":[{"embeddable":true,"href":"https:\/\/wp.ufpel.edu.br\/vivenciasteatraisemescolas\/wp-json\/wp\/v2\/users\/1100"}],"replies":[{"embeddable":true,"href":"https:\/\/wp.ufpel.edu.br\/vivenciasteatraisemescolas\/wp-json\/wp\/v2\/comments?post=130"}],"version-history":[{"count":23,"href":"https:\/\/wp.ufpel.edu.br\/vivenciasteatraisemescolas\/wp-json\/wp\/v2\/pages\/130\/revisions"}],"predecessor-version":[{"id":528,"href":"https:\/\/wp.ufpel.edu.br\/vivenciasteatraisemescolas\/wp-json\/wp\/v2\/pages\/130\/revisions\/528"}],"wp:attachment":[{"href":"https:\/\/wp.ufpel.edu.br\/vivenciasteatraisemescolas\/wp-json\/wp\/v2\/media?parent=130"}],"curies":[{"name":"wp","href":"https:\/\/api.w.org\/{rel}","templated":true}]}}