{"id":125,"date":"2020-11-29T20:07:23","date_gmt":"2020-11-29T23:07:23","guid":{"rendered":"https:\/\/wp.ufpel.edu.br\/vivenciasteatraisemescolas\/?page_id=125"},"modified":"2020-12-15T18:36:26","modified_gmt":"2020-12-15T21:36:26","slug":"sobre-o-projeto","status":"publish","type":"page","link":"https:\/\/wp.ufpel.edu.br\/vivenciasteatraisemescolas\/sobre-o-projeto\/","title":{"rendered":"SOBRE O PROJETO"},"content":{"rendered":"<p style=\"text-align: justify\">O projeto \u201cViv\u00eancias Teatrais em Escolas\u201d \u00e9 um projeto de extens\u00e3o, coordenado pelas professoras Vanessa Caldeira Leite e Andrisa Kemel Zanella. Criado no ano de 2017, \u00e9 vinculado ao Curso de Teatro-Licenciatura (CA\/UFPel) e tem por objetivo desenvolver as potencialidades criativas e expressivas de crian\u00e7as, adolescentes e jovens da Educa\u00e7\u00e3o B\u00e1sica por meio de oficinas de teatro. Destaca-se tamb\u00e9m a inten\u00e7\u00e3o de despertar o gosto pelas artes em geral e, mais especificamente, apresentar a linguagem c\u00eanica como uma possibilidade de cria\u00e7\u00e3o art\u00edstica e frui\u00e7\u00e3o est\u00e9tica. E ainda, busca-se contribuir com a forma\u00e7\u00e3o de indiv\u00edduos mais cr\u00edticos, reflexivos, participativos e comprometidos com sua autoforma\u00e7\u00e3o. Desde o seu in\u00edcio ele vem sendo desenvolvido na Escola Municipal de Ensino Fundamental Get\u00falio Vargas do munic\u00edpio de Pedro Os\u00f3rio.<\/p>\n<p style=\"text-align: justify\">O desejo em oferecer teatro para os seus estudantes foi o que motivou a professora Maria Fernanda Botelho, graduada em Artes Visuais, e a equipe diretiva a procurar caminhos para que isso acontecesse. Assim ocorreu a aproxima\u00e7\u00e3o e a parceria da Secretaria Municipal de Educa\u00e7\u00e3o, Cultura, Turismo e Desporto de Pedro Os\u00f3rio com o curso de Teatro-Licenciatura da UFPel. Diz-se \u201cparceria\u201d porque todos aprendem neste tr\u00e2nsito escola-universidade: os alunos da escola, que s\u00e3o o foco principal da aprendizagem; as professoras respons\u00e1veis pelo projeto, que acompanham todos os encontros; os ministrantes das oficinas, que est\u00e3o estudando para serem professores de teatro, e as coordenadoras do projeto, que mant\u00eam presen\u00e7a ativa com as realidades escolares para repensar suas pr\u00e1ticas na forma\u00e7\u00e3o de professores, no \u00e2mbito da universidade.<\/p>\n<p style=\"text-align: justify\">O projeto de extens\u00e3o nestes quatro anos de atua\u00e7\u00e3o na Escola Municipal de Ensino Fundamental Get\u00falio Vargas efetiva a intera\u00e7\u00e3o direta e cont\u00ednua entre a universidade e a comunidade, repercutindo na forma\u00e7\u00e3o de professores e na forma\u00e7\u00e3o art\u00edstica e cultural da comunidade de Pedro Os\u00f3rio.<\/p>\n<p><img class=\"aligncenter wp-image-474 size-full\" src=\"https:\/\/wp.ufpel.edu.br\/vivenciasteatraisemescolas\/files\/2020\/12\/61377886_629631157462810_6376118966569402368_n.jpg\" alt=\"\" width=\"960\" height=\"720\" srcset=\"https:\/\/wp.ufpel.edu.br\/vivenciasteatraisemescolas\/files\/2020\/12\/61377886_629631157462810_6376118966569402368_n.jpg 960w, https:\/\/wp.ufpel.edu.br\/vivenciasteatraisemescolas\/files\/2020\/12\/61377886_629631157462810_6376118966569402368_n-400x300.jpg 400w, https:\/\/wp.ufpel.edu.br\/vivenciasteatraisemescolas\/files\/2020\/12\/61377886_629631157462810_6376118966569402368_n-768x576.jpg 768w\" sizes=\"(max-width: 960px) 100vw, 960px\" \/><\/p>\n<p>&nbsp;<\/p>\n","protected":false},"excerpt":{"rendered":"<p>O projeto \u201cViv\u00eancias Teatrais em Escolas\u201d \u00e9 um projeto de extens\u00e3o, coordenado pelas professoras Vanessa Caldeira Leite e Andrisa Kemel Zanella. Criado no ano de 2017, \u00e9 vinculado ao Curso de Teatro-Licenciatura (CA\/UFPel) e tem por objetivo desenvolver as potencialidades criativas e expressivas de crian\u00e7as, adolescentes e jovens da Educa\u00e7\u00e3o B\u00e1sica por meio de oficinas [&hellip;]<\/p>\n","protected":false},"author":1100,"featured_media":0,"parent":0,"menu_order":0,"comment_status":"closed","ping_status":"closed","template":"","meta":{"footnotes":""},"class_list":["post-125","page","type-page","status-publish","hentry"],"jetpack_sharing_enabled":true,"_links":{"self":[{"href":"https:\/\/wp.ufpel.edu.br\/vivenciasteatraisemescolas\/wp-json\/wp\/v2\/pages\/125","targetHints":{"allow":["GET"]}}],"collection":[{"href":"https:\/\/wp.ufpel.edu.br\/vivenciasteatraisemescolas\/wp-json\/wp\/v2\/pages"}],"about":[{"href":"https:\/\/wp.ufpel.edu.br\/vivenciasteatraisemescolas\/wp-json\/wp\/v2\/types\/page"}],"author":[{"embeddable":true,"href":"https:\/\/wp.ufpel.edu.br\/vivenciasteatraisemescolas\/wp-json\/wp\/v2\/users\/1100"}],"replies":[{"embeddable":true,"href":"https:\/\/wp.ufpel.edu.br\/vivenciasteatraisemescolas\/wp-json\/wp\/v2\/comments?post=125"}],"version-history":[{"count":11,"href":"https:\/\/wp.ufpel.edu.br\/vivenciasteatraisemescolas\/wp-json\/wp\/v2\/pages\/125\/revisions"}],"predecessor-version":[{"id":476,"href":"https:\/\/wp.ufpel.edu.br\/vivenciasteatraisemescolas\/wp-json\/wp\/v2\/pages\/125\/revisions\/476"}],"wp:attachment":[{"href":"https:\/\/wp.ufpel.edu.br\/vivenciasteatraisemescolas\/wp-json\/wp\/v2\/media?parent=125"}],"curies":[{"name":"wp","href":"https:\/\/api.w.org\/{rel}","templated":true}]}}