{"id":2,"date":"2014-05-06T16:28:10","date_gmt":"2014-05-06T16:28:10","guid":{"rendered":"https:\/\/wp.ufpel.edu.br\/vitivinicultura\/?page_id=2"},"modified":"2014-05-30T10:30:32","modified_gmt":"2014-05-30T13:30:32","slug":"sobre-o-projeto","status":"publish","type":"page","link":"https:\/\/wp.ufpel.edu.br\/vitivinicultura\/sobre-o-projeto\/","title":{"rendered":"Sobre o Projeto"},"content":{"rendered":"<p>O projeto prop\u00f5e metas para promover o desenvolvimento sutent\u00e1vel da vitivinicultura nos Arranjos Produtivos locais (APLs) do Rio Grande do Sul, Paran\u00e1 e Santa Catarina. S\u00e3o 150 munic\u00edpios participantes distribu\u00eddos em tr\u00eas estados.<br \/>\nO objetivo principal \u00e9 estimular o relacionamento do produtor com a ind\u00fastria de beneficiamento, criando novas oportunidades de neg\u00f3cios para toda a cadeia produtiva.<\/p>\n","protected":false},"excerpt":{"rendered":"<p>O projeto prop\u00f5e metas para promover o desenvolvimento sutent\u00e1vel da vitivinicultura nos Arranjos Produtivos locais (APLs) do Rio Grande do Sul, Paran\u00e1 e Santa Catarina. S\u00e3o 150 munic\u00edpios participantes distribu\u00eddos em tr\u00eas estados. O objetivo principal \u00e9 estimular o relacionamento &hellip; <a href=\"https:\/\/wp.ufpel.edu.br\/vitivinicultura\/sobre-o-projeto\/\">Continue lendo <span class=\"meta-nav\">&rarr;<\/span><\/a><\/p>\n","protected":false},"author":385,"featured_media":0,"parent":0,"menu_order":0,"comment_status":"closed","ping_status":"open","template":"","meta":{"footnotes":""},"class_list":["post-2","page","type-page","status-publish","hentry"],"_links":{"self":[{"href":"https:\/\/wp.ufpel.edu.br\/vitivinicultura\/wp-json\/wp\/v2\/pages\/2","targetHints":{"allow":["GET"]}}],"collection":[{"href":"https:\/\/wp.ufpel.edu.br\/vitivinicultura\/wp-json\/wp\/v2\/pages"}],"about":[{"href":"https:\/\/wp.ufpel.edu.br\/vitivinicultura\/wp-json\/wp\/v2\/types\/page"}],"author":[{"embeddable":true,"href":"https:\/\/wp.ufpel.edu.br\/vitivinicultura\/wp-json\/wp\/v2\/users\/385"}],"replies":[{"embeddable":true,"href":"https:\/\/wp.ufpel.edu.br\/vitivinicultura\/wp-json\/wp\/v2\/comments?post=2"}],"version-history":[{"count":1,"href":"https:\/\/wp.ufpel.edu.br\/vitivinicultura\/wp-json\/wp\/v2\/pages\/2\/revisions"}],"predecessor-version":[{"id":5,"href":"https:\/\/wp.ufpel.edu.br\/vitivinicultura\/wp-json\/wp\/v2\/pages\/2\/revisions\/5"}],"wp:attachment":[{"href":"https:\/\/wp.ufpel.edu.br\/vitivinicultura\/wp-json\/wp\/v2\/media?parent=2"}],"curies":[{"name":"wp","href":"https:\/\/api.w.org\/{rel}","templated":true}]}}