{"id":6,"date":"2016-11-11T09:44:24","date_gmt":"2016-11-11T11:44:24","guid":{"rendered":"https:\/\/wp.ufpel.edu.br\/gaci\/?page_id=6"},"modified":"2022-05-26T08:43:46","modified_gmt":"2022-05-26T11:43:46","slug":"apresentacao","status":"publish","type":"page","link":"https:\/\/wp.ufpel.edu.br\/vitech\/","title":{"rendered":"In\u00edcio"},"content":{"rendered":"<div class=\"entry\">\n<p style=\"text-align: justify;\">O grupo de pesquisa em tecnologia de v\u00eddeos (<strong><em>Video Technology Research Group &#8211; ViTech<\/em><\/strong>) foi criado em 2014 e est\u00e1 junto ao Centro de Desenvolvimento Tecnol\u00f3gico (CDTec) da Universidade Federal de Pelotas (UFPel). O grupo \u00e9 composto por cinco professores doutores al\u00e9m de diversos alunos de Doutorado e Mestrado em Computa\u00e7\u00e3o e alunos de Gradua\u00e7\u00e3o (Bacharelado em Computa\u00e7\u00e3o, Engenharias de Computa\u00e7\u00e3o, Eletr\u00f4nica e Controle e Automa\u00e7\u00e3o). As principais atividades do grupo focam em t\u00f3picos relacionados ao processamento de sinais visuais, como codifica\u00e7\u00e3o de imagem\/v\u00eddeo e compress\u00e3o de nuvens de pontos e <em>light fields<\/em>.<\/p>\n<p style=\"text-align: justify;\"><img data-recalc-dims=\"1\" loading=\"lazy\" decoding=\"async\" data-attachment-id=\"1049\" data-permalink=\"https:\/\/wp.ufpel.edu.br\/vitech\/introduction\/ufpel\/\" data-orig-file=\"https:\/\/i0.wp.com\/wp.ufpel.edu.br\/vitech\/files\/2018\/12\/ufpel.jpg?fit=4288%2C2848&amp;ssl=1\" data-orig-size=\"4288,2848\" data-comments-opened=\"0\" data-image-meta=\"{&quot;aperture&quot;:&quot;13&quot;,&quot;credit&quot;:&quot;&quot;,&quot;camera&quot;:&quot;NIKON D90&quot;,&quot;caption&quot;:&quot;&quot;,&quot;created_timestamp&quot;:&quot;1381155695&quot;,&quot;copyright&quot;:&quot;&quot;,&quot;focal_length&quot;:&quot;18&quot;,&quot;iso&quot;:&quot;200&quot;,&quot;shutter_speed&quot;:&quot;0.02&quot;,&quot;title&quot;:&quot;&quot;,&quot;orientation&quot;:&quot;1&quot;}\" data-image-title=\"ufpel\" data-image-description=\"\" data-image-caption=\"\" data-medium-file=\"https:\/\/i0.wp.com\/wp.ufpel.edu.br\/vitech\/files\/2018\/12\/ufpel.jpg?fit=400%2C266&amp;ssl=1\" data-large-file=\"https:\/\/i0.wp.com\/wp.ufpel.edu.br\/vitech\/files\/2018\/12\/ufpel.jpg?fit=584%2C388&amp;ssl=1\" class=\"wp-image-1049 alignleft\" src=\"https:\/\/i0.wp.com\/wp.ufpel.edu.br\/vitech\/files\/2018\/12\/ufpel.jpg?resize=328%2C222&#038;ssl=1\" alt=\"\" width=\"328\" height=\"222\" \/><\/p>\n<p style=\"text-align: justify;\">A qualidade da pesquisa do ViTech vem gerando publica\u00e7\u00f5es constantes em confer\u00eancias nacionais e internacionais, como o <em>Symposium on Integrated Circuits and Systems Design<\/em> (SBCCI), <em>IEEE International Conference on Image Processing<\/em> (ICIP), <em>IEEE International Symposium on Circuits and Systems<\/em> (ISCAS), e <em>IEEE International Conference on Electronics Circuits and Systems<\/em> (ICECS). Al\u00e9m disso, os trabalhos tamb\u00e9m s\u00e3o publicados em peri\u00f3dicos internacionais, como <em>IEEE Transactions on Circuits and Systems for Video Technology<\/em> (TCSVT), <em>IEEE Transactions on Computer-Aided Design of Integrated Circuits and Systems<\/em> (TCAD) e <em>Journal of Real-Time Image Processing<\/em> (JRTIP).<\/p>\n<p style=\"text-align: justify;\">Os resultados relevantes produzidos pelo grupo t\u00eam possibilitado a capta\u00e7\u00e3o de recursos financeiros para o desenvolvimento dos projetos de pesquisa atrav\u00e9s de ag\u00eancias p\u00fablicas de fomento, como a FAPERGS, CNPq, CAPES, FINEP e o RNP.<\/p>\n<p style=\"text-align: justify;\">O ViTech tamb\u00e9m possui trabalhos de pesquisa em colabora\u00e7\u00e3o com institui\u00e7\u00f5es como a UFRGS, PUCRS, IFSul e UFSC, no Brasil, e tamb\u00e9m no exterior com a Universidade de Lisboa, Universidade de Coimbra, o Instituto Polit\u00e9cnico de Leiria e a University of California \u2013 Irvine.<\/p>\n<\/div>\n","protected":false},"excerpt":{"rendered":"<p>O grupo de pesquisa em tecnologia de v\u00eddeos (Video Technology Research Group &#8211; ViTech) foi criado em 2014 e est\u00e1 junto ao Centro de Desenvolvimento Tecnol\u00f3gico (CDTec) da Universidade Federal de Pelotas (UFPel). O grupo \u00e9 composto por cinco professores &hellip; <a href=\"https:\/\/wp.ufpel.edu.br\/vitech\/\">Continue lendo <span class=\"meta-nav\">&rarr;<\/span><\/a><\/p>\n","protected":false},"author":685,"featured_media":0,"parent":0,"menu_order":0,"comment_status":"closed","ping_status":"closed","template":"","meta":{"jetpack_post_was_ever_published":false,"footnotes":""},"class_list":["post-6","page","type-page","status-publish","hentry"],"jetpack_sharing_enabled":true,"jetpack_shortlink":"https:\/\/wp.me\/P8w5KL-6","jetpack-related-posts":[],"_links":{"self":[{"href":"https:\/\/wp.ufpel.edu.br\/vitech\/wp-json\/wp\/v2\/pages\/6","targetHints":{"allow":["GET"]}}],"collection":[{"href":"https:\/\/wp.ufpel.edu.br\/vitech\/wp-json\/wp\/v2\/pages"}],"about":[{"href":"https:\/\/wp.ufpel.edu.br\/vitech\/wp-json\/wp\/v2\/types\/page"}],"author":[{"embeddable":true,"href":"https:\/\/wp.ufpel.edu.br\/vitech\/wp-json\/wp\/v2\/users\/685"}],"replies":[{"embeddable":true,"href":"https:\/\/wp.ufpel.edu.br\/vitech\/wp-json\/wp\/v2\/comments?post=6"}],"version-history":[{"count":21,"href":"https:\/\/wp.ufpel.edu.br\/vitech\/wp-json\/wp\/v2\/pages\/6\/revisions"}],"predecessor-version":[{"id":1224,"href":"https:\/\/wp.ufpel.edu.br\/vitech\/wp-json\/wp\/v2\/pages\/6\/revisions\/1224"}],"wp:attachment":[{"href":"https:\/\/wp.ufpel.edu.br\/vitech\/wp-json\/wp\/v2\/media?parent=6"}],"curies":[{"name":"wp","href":"https:\/\/api.w.org\/{rel}","templated":true}]}}