{"id":1015,"date":"2018-11-06T16:21:46","date_gmt":"2018-11-06T18:21:46","guid":{"rendered":"https:\/\/wp.ufpel.edu.br\/vitech\/?page_id=1015"},"modified":"2019-11-30T22:31:11","modified_gmt":"2019-12-01T01:31:11","slug":"team","status":"publish","type":"page","link":"https:\/\/wp.ufpel.edu.br\/vitech\/team\/","title":{"rendered":"Team"},"content":{"rendered":"<h1><span style=\"font-size: 24pt\"><strong>Professor Researchers<\/strong><\/span><\/h1>\n<ul class=\"wpipessoa-lista\"><li class=\"wpipessoa-post clearfix\"><div class=\"wpipessoa-thumb\"><img loading=\"lazy\" decoding=\"async\" width=\"98\" height=\"126\" src=\"https:\/\/i0.wp.com\/wp.ufpel.edu.br\/vitech\/files\/2017\/05\/Zatt.jpg?resize=98%2C126&amp;ssl=1\" class=\"attachment-thumbnail size-thumbnail wp-post-image\" alt=\"\" data-attachment-id=\"686\" data-permalink=\"https:\/\/wp.ufpel.edu.br\/vitech\/zatt-4\/\" data-orig-file=\"https:\/\/i0.wp.com\/wp.ufpel.edu.br\/vitech\/files\/2017\/05\/Zatt.jpg?fit=98%2C126&amp;ssl=1\" data-orig-size=\"98,126\" data-comments-opened=\"0\" data-image-meta=\"{&quot;aperture&quot;:&quot;0&quot;,&quot;credit&quot;:&quot;&quot;,&quot;camera&quot;:&quot;&quot;,&quot;caption&quot;:&quot;&quot;,&quot;created_timestamp&quot;:&quot;0&quot;,&quot;copyright&quot;:&quot;&quot;,&quot;focal_length&quot;:&quot;0&quot;,&quot;iso&quot;:&quot;0&quot;,&quot;shutter_speed&quot;:&quot;0&quot;,&quot;title&quot;:&quot;&quot;,&quot;orientation&quot;:&quot;1&quot;}\" data-image-title=\"Zatt\" data-image-description=\"\" data-image-caption=\"\" data-medium-file=\"https:\/\/i0.wp.com\/wp.ufpel.edu.br\/vitech\/files\/2017\/05\/Zatt.jpg?fit=98%2C126&amp;ssl=1\" data-large-file=\"https:\/\/i0.wp.com\/wp.ufpel.edu.br\/vitech\/files\/2017\/05\/Zatt.jpg?fit=98%2C126&amp;ssl=1\" \/><\/div><div class=\"wpipessoa-info\"><div class=\"wpipessoa-nome wpipessoa-fonte-grande\">Bruno Zatt<\/div><div class=\"wpipessoa-lattes\"><a href=\"http:\/\/lattes.cnpq.br\/8251926321102019\" target=\"_blank\">Lattes<\/a><\/div><div class=\"wpipessoa-site\"><a href=\"https:\/\/wp.ufpel.edu.br\/zatt\/en\/start\/\" target=\"_blank\">Web<\/a><\/div><div class=\"wpipessoa-email\"><a href=\"zatt@inf.ufpel.edu.br\" target=\"_blank\">zatt@inf.ufpel.edu.br<\/a><\/div><\/div><\/li><li class=\"wpipessoa-post clearfix\"><div class=\"wpipessoa-thumb\"><img loading=\"lazy\" decoding=\"async\" width=\"200\" height=\"200\" src=\"https:\/\/i0.wp.com\/wp.ufpel.edu.br\/vitech\/files\/2017\/05\/40129152_2634379786587486_6796421141851275264_n.jpg?resize=200%2C200&amp;ssl=1\" class=\"attachment-thumbnail size-thumbnail wp-post-image\" alt=\"\" srcset=\"https:\/\/i0.wp.com\/wp.ufpel.edu.br\/vitech\/files\/2017\/05\/40129152_2634379786587486_6796421141851275264_n.jpg?w=960&amp;ssl=1 960w, https:\/\/i0.wp.com\/wp.ufpel.edu.br\/vitech\/files\/2017\/05\/40129152_2634379786587486_6796421141851275264_n.jpg?resize=200%2C200&amp;ssl=1 200w, https:\/\/i0.wp.com\/wp.ufpel.edu.br\/vitech\/files\/2017\/05\/40129152_2634379786587486_6796421141851275264_n.jpg?resize=400%2C400&amp;ssl=1 400w, https:\/\/i0.wp.com\/wp.ufpel.edu.br\/vitech\/files\/2017\/05\/40129152_2634379786587486_6796421141851275264_n.jpg?resize=768%2C768&amp;ssl=1 768w, https:\/\/i0.wp.com\/wp.ufpel.edu.br\/vitech\/files\/2017\/05\/40129152_2634379786587486_6796421141851275264_n.jpg?resize=300%2C300&amp;ssl=1 300w\" sizes=\"auto, (max-width: 200px) 100vw, 200px\" data-attachment-id=\"1045\" data-permalink=\"https:\/\/wp.ufpel.edu.br\/vitech\/pessoas\/daniel-palomino\/40129152_2634379786587486_6796421141851275264_n\/\" data-orig-file=\"https:\/\/i0.wp.com\/wp.ufpel.edu.br\/vitech\/files\/2017\/05\/40129152_2634379786587486_6796421141851275264_n.jpg?fit=960%2C960&amp;ssl=1\" data-orig-size=\"960,960\" data-comments-opened=\"0\" data-image-meta=\"{&quot;aperture&quot;:&quot;0&quot;,&quot;credit&quot;:&quot;&quot;,&quot;camera&quot;:&quot;&quot;,&quot;caption&quot;:&quot;&quot;,&quot;created_timestamp&quot;:&quot;0&quot;,&quot;copyright&quot;:&quot;&quot;,&quot;focal_length&quot;:&quot;0&quot;,&quot;iso&quot;:&quot;0&quot;,&quot;shutter_speed&quot;:&quot;0&quot;,&quot;title&quot;:&quot;&quot;,&quot;orientation&quot;:&quot;0&quot;}\" data-image-title=\"40129152_2634379786587486_6796421141851275264_n\" data-image-description=\"\" data-image-caption=\"\" data-medium-file=\"https:\/\/i0.wp.com\/wp.ufpel.edu.br\/vitech\/files\/2017\/05\/40129152_2634379786587486_6796421141851275264_n.jpg?fit=400%2C400&amp;ssl=1\" data-large-file=\"https:\/\/i0.wp.com\/wp.ufpel.edu.br\/vitech\/files\/2017\/05\/40129152_2634379786587486_6796421141851275264_n.jpg?fit=584%2C584&amp;ssl=1\" \/><\/div><div class=\"wpipessoa-info\"><div class=\"wpipessoa-nome wpipessoa-fonte-grande\">Daniel Palomino<\/div><div class=\"wpipessoa-lattes\"><a href=\"http:\/\/lattes.cnpq.br\/3163503973303585\" target=\"_blank\">Lattes<\/a><\/div><div class=\"wpipessoa-site\"><a href=\"http:\/\/wp.ufpel.edu.br\/palomino\/\" target=\"_blank\">Web<\/a><\/div><div class=\"wpipessoa-email\"><a href=\"dpalomino@inf.ufpel.edu.br\" target=\"_blank\">dpalomino@inf.ufpel.edu.br<\/a><\/div><\/div><\/li><li class=\"wpipessoa-post clearfix\"><div class=\"wpipessoa-thumb\"><img loading=\"lazy\" decoding=\"async\" width=\"181\" height=\"200\" src=\"https:\/\/i0.wp.com\/wp.ufpel.edu.br\/vitech\/files\/2016\/11\/guilherme.jpg?resize=181%2C200&amp;ssl=1\" class=\"attachment-thumbnail size-thumbnail wp-post-image\" alt=\"\" data-attachment-id=\"379\" data-permalink=\"https:\/\/wp.ufpel.edu.br\/vitech\/guilherme\/\" data-orig-file=\"https:\/\/i0.wp.com\/wp.ufpel.edu.br\/vitech\/files\/2016\/11\/guilherme.jpg?fit=181%2C202&amp;ssl=1\" data-orig-size=\"181,202\" data-comments-opened=\"0\" data-image-meta=\"{&quot;aperture&quot;:&quot;1.7&quot;,&quot;credit&quot;:&quot;&quot;,&quot;camera&quot;:&quot;SM-A505GT&quot;,&quot;caption&quot;:&quot;&quot;,&quot;created_timestamp&quot;:&quot;1616596847&quot;,&quot;copyright&quot;:&quot;&quot;,&quot;focal_length&quot;:&quot;3.93&quot;,&quot;iso&quot;:&quot;40&quot;,&quot;shutter_speed&quot;:&quot;0.0040816326530612&quot;,&quot;title&quot;:&quot;&quot;,&quot;orientation&quot;:&quot;1&quot;}\" data-image-title=\"guilherme\" data-image-description=\"\" data-image-caption=\"\" data-medium-file=\"https:\/\/i0.wp.com\/wp.ufpel.edu.br\/vitech\/files\/2016\/11\/guilherme.jpg?fit=181%2C202&amp;ssl=1\" data-large-file=\"https:\/\/i0.wp.com\/wp.ufpel.edu.br\/vitech\/files\/2016\/11\/guilherme.jpg?fit=181%2C202&amp;ssl=1\" \/><\/div><div class=\"wpipessoa-info\"><div class=\"wpipessoa-nome wpipessoa-fonte-grande\">Guilherme Corr\u00eaa<\/div><div class=\"wpipessoa-lattes\"><a href=\"http:\/\/lattes.cnpq.br\/3163503973303585\" target=\"_blank\">Lattes<\/a><\/div><div class=\"wpipessoa-site\"><a href=\"https:\/\/wp.ufpel.edu.br\/gcorrea\/\" target=\"_blank\">Web<\/a><\/div><div class=\"wpipessoa-email\"><a href=\"gcorrea@inf.ufpel.edu.br\" target=\"_blank\">gcorrea@inf.ufpel.edu.br<\/a><\/div><\/div><\/li><li class=\"wpipessoa-post clearfix\"><div class=\"wpipessoa-thumb\"><img loading=\"lazy\" decoding=\"async\" width=\"135\" height=\"159\" src=\"https:\/\/i0.wp.com\/wp.ufpel.edu.br\/vitech\/files\/2016\/11\/Agostini-1.jpg?resize=135%2C159&amp;ssl=1\" class=\"attachment-thumbnail size-thumbnail wp-post-image\" alt=\"\" srcset=\"https:\/\/i0.wp.com\/wp.ufpel.edu.br\/vitech\/files\/2016\/11\/Agostini-1.jpg?w=612&amp;ssl=1 612w, https:\/\/i0.wp.com\/wp.ufpel.edu.br\/vitech\/files\/2016\/11\/Agostini-1.jpg?resize=135%2C159&amp;ssl=1 135w, https:\/\/i0.wp.com\/wp.ufpel.edu.br\/vitech\/files\/2016\/11\/Agostini-1.jpg?resize=270%2C318&amp;ssl=1 270w\" sizes=\"auto, (max-width: 135px) 100vw, 135px\" data-attachment-id=\"505\" data-permalink=\"https:\/\/wp.ufpel.edu.br\/vitech\/pessoas\/luciano-volcan-agostini\/agostini-2\/\" data-orig-file=\"https:\/\/i0.wp.com\/wp.ufpel.edu.br\/vitech\/files\/2016\/11\/Agostini-1.jpg?fit=612%2C720&amp;ssl=1\" data-orig-size=\"612,720\" data-comments-opened=\"0\" data-image-meta=\"{&quot;aperture&quot;:&quot;0&quot;,&quot;credit&quot;:&quot;&quot;,&quot;camera&quot;:&quot;&quot;,&quot;caption&quot;:&quot;&quot;,&quot;created_timestamp&quot;:&quot;0&quot;,&quot;copyright&quot;:&quot;&quot;,&quot;focal_length&quot;:&quot;0&quot;,&quot;iso&quot;:&quot;0&quot;,&quot;shutter_speed&quot;:&quot;0&quot;,&quot;title&quot;:&quot;&quot;,&quot;orientation&quot;:&quot;1&quot;}\" data-image-title=\"Luciano Agostini\" data-image-description=\"\" data-image-caption=\"\" data-medium-file=\"https:\/\/i0.wp.com\/wp.ufpel.edu.br\/vitech\/files\/2016\/11\/Agostini-1.jpg?fit=270%2C318&amp;ssl=1\" data-large-file=\"https:\/\/i0.wp.com\/wp.ufpel.edu.br\/vitech\/files\/2016\/11\/Agostini-1.jpg?fit=584%2C210&amp;ssl=1\" \/><\/div><div class=\"wpipessoa-info\"><div class=\"wpipessoa-nome wpipessoa-fonte-grande\">Luciano Agostini<\/div><div class=\"wpipessoa-lattes\"><a href=\"http:\/\/lattes.cnpq.br\/9604735363839730\" target=\"_blank\">Lattes<\/a><\/div><div class=\"wpipessoa-site\"><a href=\"https:\/\/wp.ufpel.edu.br\/agostini\/\" target=\"_blank\">Web<\/a><\/div><div class=\"wpipessoa-email\"><a href=\"agostini@inf.ufpel.edu.br\" target=\"_blank\">agostini@inf.ufpel.edu.br<\/a><\/div><\/div><\/li><li class=\"wpipessoa-post clearfix\"><div class=\"wpipessoa-thumb\"><img loading=\"lazy\" decoding=\"async\" width=\"200\" height=\"200\" src=\"https:\/\/i0.wp.com\/wp.ufpel.edu.br\/vitech\/files\/2016\/11\/Foto_Marcelo.jpg?resize=200%2C200&amp;ssl=1\" class=\"attachment-thumbnail size-thumbnail wp-post-image\" alt=\"\" srcset=\"https:\/\/i0.wp.com\/wp.ufpel.edu.br\/vitech\/files\/2016\/11\/Foto_Marcelo.jpg?resize=200%2C200&amp;ssl=1 200w, https:\/\/i0.wp.com\/wp.ufpel.edu.br\/vitech\/files\/2016\/11\/Foto_Marcelo.jpg?zoom=2&amp;resize=200%2C200&amp;ssl=1 400w, https:\/\/i0.wp.com\/wp.ufpel.edu.br\/vitech\/files\/2016\/11\/Foto_Marcelo.jpg?zoom=3&amp;resize=200%2C200&amp;ssl=1 600w\" sizes=\"auto, (max-width: 200px) 100vw, 200px\" data-attachment-id=\"1210\" data-permalink=\"https:\/\/wp.ufpel.edu.br\/vitech\/pessoas\/marcelo-schiavon-porto\/foto_marcelo\/\" data-orig-file=\"https:\/\/i0.wp.com\/wp.ufpel.edu.br\/vitech\/files\/2016\/11\/Foto_Marcelo.jpg?fit=808%2C825&amp;ssl=1\" data-orig-size=\"808,825\" data-comments-opened=\"0\" data-image-meta=\"{&quot;aperture&quot;:&quot;0&quot;,&quot;credit&quot;:&quot;&quot;,&quot;camera&quot;:&quot;&quot;,&quot;caption&quot;:&quot;&quot;,&quot;created_timestamp&quot;:&quot;0&quot;,&quot;copyright&quot;:&quot;&quot;,&quot;focal_length&quot;:&quot;0&quot;,&quot;iso&quot;:&quot;0&quot;,&quot;shutter_speed&quot;:&quot;0&quot;,&quot;title&quot;:&quot;&quot;,&quot;orientation&quot;:&quot;0&quot;}\" data-image-title=\"Foto_Marcelo\" data-image-description=\"\" data-image-caption=\"\" data-medium-file=\"https:\/\/i0.wp.com\/wp.ufpel.edu.br\/vitech\/files\/2016\/11\/Foto_Marcelo.jpg?fit=392%2C400&amp;ssl=1\" data-large-file=\"https:\/\/i0.wp.com\/wp.ufpel.edu.br\/vitech\/files\/2016\/11\/Foto_Marcelo.jpg?fit=584%2C596&amp;ssl=1\" \/><\/div><div class=\"wpipessoa-info\"><div class=\"wpipessoa-nome wpipessoa-fonte-grande\">Marcelo Porto<\/div><div class=\"wpipessoa-lattes\"><a href=\"http:\/\/lattes.cnpq.br\/5741927083446578\" target=\"_blank\">Lattes<\/a><\/div><div class=\"wpipessoa-site\"><a href=\"https:\/\/wp.ufpel.edu.br\/porto\/\" target=\"_blank\">Web<\/a><\/div><div class=\"wpipessoa-email\"><a href=\"porto@inf.ufpel.edu.br\" target=\"_blank\">porto@inf.ufpel.edu.br<\/a><\/div><\/div><\/li><\/ul>\n<h1><\/h1>\n<h1><span style=\"font-size: 24pt\"><strong>Doctorate Students<\/strong><\/span><\/h1>\n<ul class=\"wpipessoa-lista\"><li class=\"wpipessoa-post clearfix\"><div class=\"wpipessoa-thumb\"><img data-recalc-dims=\"1\" decoding=\"async\" src=\"https:\/\/i0.wp.com\/wp.ufpel.edu.br\/vitech\/wp-content\/plugins\/wpi-pessoas\/img\/sem_foto.jpg?w=584&#038;ssl=1\"><\/div><div class=\"wpipessoa-info\"><div class=\"wpipessoa-nome wpipessoa-fonte-grande\">Adson Duarte<\/div><\/div><\/li><li class=\"wpipessoa-post clearfix\"><div class=\"wpipessoa-thumb\"><img data-recalc-dims=\"1\" decoding=\"async\" src=\"https:\/\/i0.wp.com\/wp.ufpel.edu.br\/vitech\/wp-content\/plugins\/wpi-pessoas\/img\/sem_foto.jpg?w=584&#038;ssl=1\"><\/div><div class=\"wpipessoa-info\"><div class=\"wpipessoa-nome wpipessoa-fonte-grande\">\u00cdtalo Machado<\/div><div class=\"wpipessoa-lattes\"><a href=\"http:\/\/lattes.cnpq.br\/4419120851329555\" target=\"_blank\">Lattes<\/a><\/div><\/div><\/li><li class=\"wpipessoa-post clearfix\"><div class=\"wpipessoa-thumb\"><img data-recalc-dims=\"1\" decoding=\"async\" src=\"https:\/\/i0.wp.com\/wp.ufpel.edu.br\/vitech\/wp-content\/plugins\/wpi-pessoas\/img\/sem_foto.jpg?w=584&#038;ssl=1\"><\/div><div class=\"wpipessoa-info\"><div class=\"wpipessoa-nome wpipessoa-fonte-grande\">Murilo Perleberg<\/div><div class=\"wpipessoa-lattes\"><a href=\"http:\/\/lattes.cnpq.br\/5865984564684903\" target=\"_blank\">Lattes<\/a><\/div><\/div><\/li><li class=\"wpipessoa-post clearfix\"><div class=\"wpipessoa-thumb\"><img data-recalc-dims=\"1\" decoding=\"async\" src=\"https:\/\/i0.wp.com\/wp.ufpel.edu.br\/vitech\/wp-content\/plugins\/wpi-pessoas\/img\/sem_foto.jpg?w=584&#038;ssl=1\"><\/div><div class=\"wpipessoa-info\"><div class=\"wpipessoa-nome wpipessoa-fonte-grande\">Pablo da Rosa<\/div><\/div><\/li><li class=\"wpipessoa-post clearfix\"><div class=\"wpipessoa-thumb\"><img data-recalc-dims=\"1\" decoding=\"async\" src=\"https:\/\/i0.wp.com\/wp.ufpel.edu.br\/vitech\/wp-content\/plugins\/wpi-pessoas\/img\/sem_foto.jpg?w=584&#038;ssl=1\"><\/div><div class=\"wpipessoa-info\"><div class=\"wpipessoa-nome wpipessoa-fonte-grande\">Ruhan Concei\u00e7\u00e3o<\/div><div class=\"wpipessoa-lattes\"><a href=\"http:\/\/lattes.cnpq.br\/6068492542856843\" target=\"_blank\">Lattes<\/a><\/div><\/div><\/li><li class=\"wpipessoa-post clearfix\"><div class=\"wpipessoa-thumb\"><img data-recalc-dims=\"1\" decoding=\"async\" src=\"https:\/\/i0.wp.com\/wp.ufpel.edu.br\/vitech\/wp-content\/plugins\/wpi-pessoas\/img\/sem_foto.jpg?w=584&#038;ssl=1\"><\/div><div class=\"wpipessoa-info\"><div class=\"wpipessoa-nome wpipessoa-fonte-grande\">Vin\u00edcius Borges<\/div><\/div><\/li><\/ul>\n<h1><span style=\"font-size: 24pt\"><strong>Master Students<\/strong><\/span><\/h1>\n<ul class=\"wpipessoa-lista\"><li class=\"wpipessoa-post clearfix\"><div class=\"wpipessoa-thumb\"><img data-recalc-dims=\"1\" decoding=\"async\" src=\"https:\/\/i0.wp.com\/wp.ufpel.edu.br\/vitech\/wp-content\/plugins\/wpi-pessoas\/img\/sem_foto.jpg?w=584&#038;ssl=1\"><\/div><div class=\"wpipessoa-info\"><div class=\"wpipessoa-nome wpipessoa-fonte-grande\">Matheus Janke<\/div><\/div><\/li><\/ul>\n<h1><span style=\"font-size: 24pt\"><strong>Undergraduate Students<\/strong><\/span><\/h1>\n\n<h1><span style=\"font-size: 24pt\"><strong>Collaborators<\/strong><\/span><\/h1>\n<ul class=\"wpipessoa-lista\"><li class=\"wpipessoa-post clearfix\"><div class=\"wpipessoa-info\"><div class=\"wpipessoa-nome wpipessoa-fonte-grande\">Altamiro Susin<\/div><div class=\"wpipessoa-lattes\"><a href=\"http:\/\/lattes.cnpq.br\/6766389440522985\" target=\"_blank\">Lattes<\/a><\/div><\/div><\/li><li class=\"wpipessoa-post clearfix\"><div class=\"wpipessoa-info\"><div class=\"wpipessoa-nome wpipessoa-fonte-grande\">C\u00e9sar Marcon<\/div><div class=\"wpipessoa-lattes\"><a href=\"http:\/\/lattes.cnpq.br\/8611020242763828\" target=\"_blank\">Lattes<\/a><\/div><\/div><\/li><li class=\"wpipessoa-post clearfix\"><div class=\"wpipessoa-info\"><div class=\"wpipessoa-nome wpipessoa-fonte-grande\">Jos\u00e9 Lu\u00eds G\u00fcntzel<\/div><div class=\"wpipessoa-lattes\"><a href=\"http:\/\/lattes.cnpq.br\/3431795837830476\" target=\"_blank\">Lattes<\/a><\/div><\/div><\/li><li class=\"wpipessoa-post clearfix\"><div class=\"wpipessoa-info\"><div class=\"wpipessoa-nome wpipessoa-fonte-grande\">Leonel Sousa<\/div><div class=\"wpipessoa-site\"><a href=\"http:\/\/sips.inesc-id.pt\/las\/\" target=\"_blank\">Web<\/a><\/div><\/div><\/li><li class=\"wpipessoa-post clearfix\"><div class=\"wpipessoa-info\"><div class=\"wpipessoa-nome wpipessoa-fonte-grande\">Lu\u00eds A. da Silva Cruz<\/div><div class=\"wpipessoa-site\"><a href=\"http:\/\/www.degois.pt\/visualizador\/curriculum.jsp?key=5845171202161681\" target=\"_blank\">Web<\/a><\/div><\/div><\/li><li class=\"wpipessoa-post clearfix\"><div class=\"wpipessoa-info\"><div class=\"wpipessoa-nome wpipessoa-fonte-grande\">Muhammad Shafique<\/div><div class=\"wpipessoa-lattes\"><a href=\"https:\/\/ti.tuwien.ac.at\/ecs\/people\/shafique\" target=\"_blank\">Lattes<\/a><\/div><\/div><\/li><li class=\"wpipessoa-post clearfix\"><div class=\"wpipessoa-info\"><div class=\"wpipessoa-nome wpipessoa-fonte-grande\">Pedro Assun\u00e7\u00e3o<\/div><div class=\"wpipessoa-site\"><a href=\"http:\/\/www.degois.pt\/visualizador\/curriculum.jsp?key=1933541242986098\" target=\"_blank\">Web<\/a><\/div><\/div><\/li><li class=\"wpipessoa-post clearfix\"><div class=\"wpipessoa-info\"><div class=\"wpipessoa-nome wpipessoa-fonte-grande\">Sergio Bampi<\/div><div class=\"wpipessoa-lattes\"><a href=\"http:\/\/lattes.cnpq.br\/4010781324120944\" target=\"_blank\">Lattes<\/a><\/div><\/div><\/li><li class=\"wpipessoa-post clearfix\"><div class=\"wpipessoa-info\"><div class=\"wpipessoa-nome wpipessoa-fonte-grande\">Vladimir Afonso<\/div><div class=\"wpipessoa-lattes\"><a href=\"http:\/\/lattes.cnpq.br\/94141868417\" target=\"_blank\">Lattes<\/a><\/div><\/div><\/li><\/ul>\n","protected":false},"excerpt":{"rendered":"<div class=\"wpipessoa-lista wpipessoa-info\">\n<div class=\"wpipessoa-funcao wpipessoa-fonte-italica\">Professor no IFSul Pelotas<\/div>\n<div class=\"wpipessoa-lattes\"><a href=\"http:\/\/lattes.cnpq.br\/94141868417\" target=\"_blank\">Lattes<\/a><\/div>\n<\/div>\n","protected":false},"author":746,"featured_media":0,"parent":0,"menu_order":0,"comment_status":"closed","ping_status":"closed","template":"","meta":{"jetpack_post_was_ever_published":false,"footnotes":""},"class_list":["post-1015","page","type-page","status-publish","hentry"],"jetpack_sharing_enabled":true,"jetpack_shortlink":"https:\/\/wp.me\/P8w5KL-gn","jetpack-related-posts":[],"_links":{"self":[{"href":"https:\/\/wp.ufpel.edu.br\/vitech\/wp-json\/wp\/v2\/pages\/1015","targetHints":{"allow":["GET"]}}],"collection":[{"href":"https:\/\/wp.ufpel.edu.br\/vitech\/wp-json\/wp\/v2\/pages"}],"about":[{"href":"https:\/\/wp.ufpel.edu.br\/vitech\/wp-json\/wp\/v2\/types\/page"}],"author":[{"embeddable":true,"href":"https:\/\/wp.ufpel.edu.br\/vitech\/wp-json\/wp\/v2\/users\/746"}],"replies":[{"embeddable":true,"href":"https:\/\/wp.ufpel.edu.br\/vitech\/wp-json\/wp\/v2\/comments?post=1015"}],"version-history":[{"count":11,"href":"https:\/\/wp.ufpel.edu.br\/vitech\/wp-json\/wp\/v2\/pages\/1015\/revisions"}],"predecessor-version":[{"id":1096,"href":"https:\/\/wp.ufpel.edu.br\/vitech\/wp-json\/wp\/v2\/pages\/1015\/revisions\/1096"}],"wp:attachment":[{"href":"https:\/\/wp.ufpel.edu.br\/vitech\/wp-json\/wp\/v2\/media?parent=1015"}],"curies":[{"name":"wp","href":"https:\/\/api.w.org\/{rel}","templated":true}]}}