{"id":15,"date":"2020-08-20T11:55:29","date_gmt":"2020-08-20T14:55:29","guid":{"rendered":"https:\/\/projetovizinhancaufpel.wordpress.com\/?page_id=9"},"modified":"2020-08-20T11:55:29","modified_gmt":"2020-08-20T14:55:29","slug":"about","status":"publish","type":"page","link":"https:\/\/wp.ufpel.edu.br\/visitasufpel\/about\/","title":{"rendered":"Sobre"},"content":{"rendered":"\n<div style=\"height:20px\" aria-hidden=\"true\" class=\"wp-block-spacer\"><\/div>\n\n\n\n<div class=\"wp-block-group alignfull\"><div class=\"wp-block-group__inner-container is-layout-flow wp-block-group-is-layout-flow\">\n<div class=\"wp-block-jetpack-layout-grid alignfull column1-desktop-grid__span-6 column1-desktop-grid__row-1 column2-desktop-grid__span-6 column2-desktop-grid__start-7 column2-desktop-grid__row-1 column1-tablet-grid__span-4 column1-tablet-grid__row-1 column2-tablet-grid__span-4 column2-tablet-grid__start-5 column2-tablet-grid__row-1 column1-mobile-grid__span-4 column1-mobile-grid__row-1 column2-mobile-grid__span-4 column2-mobile-grid__row-2\">\n<div class=\"wp-block-jetpack-layout-grid-column wp-block-jetpack-layout-grid__padding-none\">\n<div class=\"wp-block-group is-layout-flow wp-block-group-is-layout-flow\"><div class=\"wp-block-group__inner-container\"><\/div><\/div>\n<\/div>\n\n\n\n<div class=\"wp-block-jetpack-layout-grid-column wp-block-jetpack-layout-grid__padding-none is-vertically-aligned-top\">\n<div class=\"wp-block-jetpack-layout-grid alignfull column1-desktop-grid__span-6 column1-desktop-grid__row-1 column2-desktop-grid__span-6 column2-desktop-grid__start-7 column2-desktop-grid__row-1 column1-tablet-grid__span-4 column1-tablet-grid__row-1 column2-tablet-grid__span-4 column2-tablet-grid__start-5 column2-tablet-grid__row-1 column1-mobile-grid__span-4 column1-mobile-grid__row-1 column2-mobile-grid__span-4 column2-mobile-grid__row-2\">\n<div class=\"wp-block-jetpack-layout-grid-column wp-block-jetpack-layout-grid__padding-none\"><\/div>\n\n\n\n<div class=\"wp-block-jetpack-layout-grid-column wp-block-jetpack-layout-grid__padding-none\"><\/div>\n<\/div>\n<\/div>\n<\/div>\n<\/div><\/div>\n\n\n\n<p><\/p>\n\n\n\n<p style=\"font-size:22px\">O fen\u00f4meno da constru\u00e7\u00e3o e forma\u00e7\u00e3o populacional do entorno do campus Anglo, anunciada em &#8220;NARRATIVAS E IMAGENS: hist\u00f3rias de vida da regi\u00e3o do Anglo&#8221; (Michelon, 2016) nos remete ao trabalho e empenho da comunidade por melhores condi\u00e7\u00f5es de vida, de infra-estrutura e acesso \u00e0 educa\u00e7\u00e3o. <\/p>\n\n\n\n<p style=\"font-size:22px\">Proporcionar \u00e0 popula\u00e7\u00e3o vizinha desta universidade, tamb\u00e9m de Pelotas e regi\u00e3o, adentrar os espa\u00e7os de forma\u00e7\u00e3o e fazer\u00a0 parte das estat\u00edsticas educacionais do ensino superior. Portanto, receber os moradores, os seus filhos em idade escolar, as professoras e professores das escolas, ser\u00e1 oportunizar a eles uma gama de conhecimentos sobre as possibilidades de forma\u00e7\u00e3o e meios para o ingresso nessa institui\u00e7\u00e3o.<\/p>\n\n\n\n<p style=\"font-size:22px\">A materialidade da visita poder\u00e1 favorecer o sentimento de pertencimento da popula\u00e7\u00e3o em rela\u00e7\u00e3o \u00e0 institui\u00e7\u00e3o, assim como as informa\u00e7\u00f5es divulgadas durante a visita, sobre a pol\u00edtica nacional de acesso ao ensino superior, entre outras, poder\u00e3o incentivar a popula\u00e7\u00e3o a buscar o seu direito de ter uma forma\u00e7\u00e3o p\u00fablica, gratuita e de qualidade.<\/p>\n","protected":false},"excerpt":{"rendered":"<p>O fen\u00f4meno da constru\u00e7\u00e3o e forma\u00e7\u00e3o populacional do entorno do campus Anglo, anunciada em &#8220;NARRATIVAS E IMAGENS: hist\u00f3rias de vida da regi\u00e3o do Anglo&#8221; (Michelon, 2016) nos remete ao trabalho e empenho da comunidade por melhores condi\u00e7\u00f5es de vida, de infra-estrutura e acesso \u00e0 educa\u00e7\u00e3o. Proporcionar \u00e0 popula\u00e7\u00e3o vizinha desta universidade, tamb\u00e9m de Pelotas e &hellip; <a href=\"https:\/\/wp.ufpel.edu.br\/visitasufpel\/about\/\" class=\"more-link\">Continue lendo<span class=\"screen-reader-text\"> &#8220;Sobre&#8221;<\/span><\/a><\/p>\n","protected":false},"author":1077,"featured_media":0,"parent":0,"menu_order":0,"comment_status":"closed","ping_status":"closed","template":"","meta":{"jetpack_post_was_ever_published":false,"footnotes":""},"class_list":["post-15","page","type-page","status-publish","hentry"],"jetpack_sharing_enabled":false,"_links":{"self":[{"href":"https:\/\/wp.ufpel.edu.br\/visitasufpel\/wp-json\/wp\/v2\/pages\/15","targetHints":{"allow":["GET"]}}],"collection":[{"href":"https:\/\/wp.ufpel.edu.br\/visitasufpel\/wp-json\/wp\/v2\/pages"}],"about":[{"href":"https:\/\/wp.ufpel.edu.br\/visitasufpel\/wp-json\/wp\/v2\/types\/page"}],"author":[{"embeddable":true,"href":"https:\/\/wp.ufpel.edu.br\/visitasufpel\/wp-json\/wp\/v2\/users\/1077"}],"replies":[{"embeddable":true,"href":"https:\/\/wp.ufpel.edu.br\/visitasufpel\/wp-json\/wp\/v2\/comments?post=15"}],"version-history":[{"count":0,"href":"https:\/\/wp.ufpel.edu.br\/visitasufpel\/wp-json\/wp\/v2\/pages\/15\/revisions"}],"wp:attachment":[{"href":"https:\/\/wp.ufpel.edu.br\/visitasufpel\/wp-json\/wp\/v2\/media?parent=15"}],"curies":[{"name":"wp","href":"https:\/\/api.w.org\/{rel}","templated":true}]}}