{"id":46,"date":"2025-12-29T18:52:55","date_gmt":"2025-12-29T21:52:55","guid":{"rendered":"https:\/\/wp.ufpel.edu.br\/vielbpgg\/?page_id=46"},"modified":"2026-04-14T21:30:30","modified_gmt":"2026-04-15T00:30:30","slug":"restaurantes-e-cafes","status":"publish","type":"page","link":"https:\/\/wp.ufpel.edu.br\/vielbpgg\/restaurantes-e-cafes\/","title":{"rendered":"Restaurantes e Caf\u00e9s"},"content":{"rendered":"<p style=\"text-align: justify;\">Confira nossa sele\u00e7\u00e3o de onde comer na cidade. Reunimos aqui os principais restaurantes e cafeterias da regi\u00e3o para que voc\u00ea possa planejar sua alimenta\u00e7\u00e3o com conforto e qualidade durante os dias do evento.<\/p>\n<p><strong>CAFETERIAS\u00a0<\/strong><\/p>\n<p><a href=\"https:\/\/www.instagram.com\/cafeaquarios\/\">Caf\u00e9 Aqu\u00e1rios<\/a> &#8211; <a href=\"https:\/\/maps.app.goo.gl\/G4A2jgU2RAw8VW8b8\" target=\"_blank\" rel=\"noopener\">Rua Quinze de Novembro, 602, Centro, Pelotas<\/a><\/p>\n<p><a href=\"https:\/\/www.instagram.com\/croasonhopelotas_rs\/\">Croasonho Caf\u00e9<\/a> &#8211; <a href=\"https:\/\/maps.app.goo.gl\/cr5hroqgMtT818dt8\">Rua Quinze de Novembro, 673, Centro, Pelotas<\/a><\/p>\n<p><a href=\"https:\/\/restaurantguru.com.br\/Cafeteria-Kalddi-Pelotas\">Cafeteria Kalddi<\/a> &#8211; <a href=\"https:\/\/maps.app.goo.gl\/eh3dLQaUqHo9Mj2t6\">Rua Gon\u00e7alves Chaves, 659, Lj 17, Centro, Pelotas<\/a><\/p>\n<p><a href=\"https:\/\/www.instagram.com\/artcafebrasil\/\">Art Caf\u00e9 Brasil<\/a> &#8211; <a href=\"https:\/\/maps.app.goo.gl\/5YpF9rjutqtqV9xF6\">Rua F\u00e9lix Xavier da Cunha, 705 (Loja 14), Centro, Pelotas<\/a><\/p>\n<p><a href=\"https:\/\/www.instagram.com\/curcuma1393\/\">C\u00farcuma<\/a> &#8211; <a href=\"https:\/\/maps.app.goo.gl\/GdDHGWz4V3vLJzF66\">Rua Volunt\u00e1rios da P\u00e1tria, 1393, Centro, Pelotas<\/a><\/p>\n<p><a href=\"https:\/\/www.instagram.com\/cafepcom\/\">Caf\u00e9 Ponto Com<\/a> &#8211; <a href=\"https:\/\/maps.app.goo.gl\/Ccw3zN5AxoGCyXTHA\">Rua Quinze de Novembro, 709, Centro, Pelotas<\/a><\/p>\n<p><a href=\"https:\/\/www.instagram.com\/confeitariaberolapelotas\/\">Confeitaria Berola<\/a> &#8211; <a href=\"https:\/\/maps.app.goo.gl\/1ipBWpLSmMC3Cg9MA\">Av. Bento Gon\u00e7alves, 4016 &#8211; Centro, Pelotas &#8211; RS, 96015-140<\/a><\/p>\n<p><a href=\"https:\/\/www.instagram.com\/leve.cafe\/\">Leve Caf\u00e9<\/a> &#8211; <a href=\"https:\/\/maps.app.goo.gl\/e8fJbGkg9yx8wDfM7\">Rua Padre Anchieta, 2031 &#8211; Centro, Pelotas &#8211; RS, 96015-420<\/a><\/p>\n<p><a href=\"https:\/\/www.instagram.com\/versacafe_\/\">Versa Caf\u00e9<\/a> &#8211; <a href=\"https:\/\/maps.app.goo.gl\/3HHzAiWMAmkYHD3cA\">Rua Gen. Neto, 782 &#8211; Centro, Pelotas &#8211; RS, 96015-280<\/a><\/p>\n<p><a href=\"https:\/\/www.instagram.com\/diade.cafe\/\">D\u00edade Caf\u00e9<\/a> &#8211; <a href=\"https:\/\/maps.app.goo.gl\/ESMbWkk4EbvstUCK6\">Pra\u00e7a Cel. Pedro Os\u00f3rio, 100 &#8211; Centro, Pelotas &#8211; RS, 96015-010<\/a><\/p>\n<p><a href=\"https:\/\/www.instagram.com\/cafein.pelotas\/\">CAF\u00c9in<\/a> &#8211; <a href=\"https:\/\/maps.app.goo.gl\/o9s4zLA2UT8jnvPw5\">Rua F\u00e9lix Xavier da Cunha, 701 &#8211; Centro, Pelotas &#8211; RS, 96010-000<\/a><\/p>\n<p><a href=\"https:\/\/www.instagram.com\/blitzcafeoficial\/\">Blitz Caf\u00e9<\/a> &#8211; <a href=\"https:\/\/maps.app.goo.gl\/a1uNwuNBPhfgMGut7\">Rua Gon\u00e7alves Chaves, 364-A &#8211; Centro, Pelotas &#8211; RS, 96015-560<\/a><\/p>\n<p><a href=\"https:\/\/www.instagram.com\/luciolacafebistro\/\">Luc\u00edola Caf\u00e9 Bistr\u00f4<\/a> &#8211; <a href=\"https:\/\/maps.app.goo.gl\/L3Dr1D764Fuz5PQ96\">Rua Alm. Barroso, 1062 &#8211; Centro, Pelotas &#8211; RS, 96010-280<\/a><\/p>\n<p><a href=\"https:\/\/www.instagram.com\/cafe.armazem\/\">Caf\u00e9 Armaz\u00e9m<\/a> &#8211; <a href=\"https:\/\/maps.app.goo.gl\/w43V4ZX7qafcgmtD8\">Rua Benjamin Constant, 1157 &#8211; Centro, Pelotas &#8211; RS, 96010-020<\/a><\/p>\n<p><a href=\"https:\/\/www.instagram.com\/graodefecafeteria\/\">Gr\u00e3o de F\u00e9 Cafeteria<\/a> &#8211; <a href=\"https:\/\/maps.app.goo.gl\/9gn8Sqtui6LXXEki6\">Rua L\u00f4bo da Costa, 723 &#8211; Centro, Pelotas &#8211; RS, 96010-150<\/a><\/p>\n<p><a href=\"https:\/\/www.instagram.com\/orioncafecozinha\/?hl=pt\">Orion Caf\u00e9 &amp; Cozinha<\/a> &#8211; <a href=\"https:\/\/maps.app.goo.gl\/FiNT1Pyue9M6QqRC7\">Rua Padre Anchieta, 2139 &#8211; Centro, Pelotas &#8211; RS, 96015-420<\/a><\/p>\n<p><a href=\"https:\/\/www.instagram.com\/cafeteriadoengenho\/\">Cafeteria do Engenho<\/a> &#8211; <a href=\"https:\/\/maps.app.goo.gl\/FokRxxpGSL5m665F6\">Rua Santa Cruz, 2170 &#8211; Centro, Pelotas &#8211; RS, 96015-710<\/a><\/p>\n<p><a href=\"https:\/\/www.instagram.com\/librevegano\/\">Libre Caf\u00e9<\/a> &#8211; <a href=\"https:\/\/maps.app.goo.gl\/VRdxxF5m5zzo74qf8\">Rua Alm. Barroso, 1781 &#8211; Centro, Pelotas &#8211; RS, 96010-150<\/a><\/p>\n<p>&nbsp;<\/p>\n<p><strong>RESTAURANTES<\/strong><\/p>\n<p><a href=\"https:\/\/www.instagram.com\/psj.oficial\/\">PSJ Complexo Gastron\u00f4mico<\/a> &#8211; <a href=\"https:\/\/maps.app.goo.gl\/sREfF4cV9Wi4KZ4bA\">R. Padre Anchieta, 1474 &#8211; Centro, Pelotas &#8211; RS, 96015-420<\/a><\/p>\n<p><a href=\"https:\/\/www.instagram.com\/pizzeriapremium\/\">Pizzeria Premium<\/a> &#8211; <a href=\"https:\/\/maps.app.goo.gl\/SPwoC6U7Hb11CePp6\">Av. Fernando Os\u00f3rio, 590 &#8211; Centro, Pelotas &#8211; RS, 96020-151<\/a><\/p>\n<p><a href=\"https:\/\/www.instagram.com\/restauranteestancia21\/\">Restaurante Est\u00e2ncia 21<\/a> &#8211; <a href=\"https:\/\/maps.app.goo.gl\/ShAhmD5CC9vkRvvu5\">Rua Andrade Neves, 1249 &#8211; Centro, Pelotas &#8211; RS, 96020-080<\/a><\/p>\n<p><a href=\"https:\/\/www.instagram.com\/fusaolatina\/\">Madre Mia!<\/a> &#8211; <a href=\"https:\/\/maps.app.goo.gl\/WqWJNo3SqkBJsXdG9\">Rua Santa Cruz, 2200 &#8211; Centro, Pelotas &#8211; RS, 96015-710<\/a><\/p>\n<p><a href=\"https:\/\/www.instagram.com\/acomidaurbana\/\">Comida Urbana LTDA<\/a> &#8211; <a href=\"https:\/\/maps.app.goo.gl\/J97C9VnU6y3o57pS9\">Rua Dom Pedro II, 461 &#8211; Centro, Pelotas &#8211; RS, 96010-300<\/a><\/p>\n<p><a href=\"https:\/\/www.instagram.com\/picanhaexpresspel\/\">Restaurante Picanha Express<\/a> &#8211; <a href=\"https:\/\/maps.app.goo.gl\/iQVtnTJmgpVo4jncA\">Rua Quinze de Novembro, 466 &#8211; Centro, Pelotas &#8211; RS, 96010-310<\/a><\/p>\n<p><a href=\"https:\/\/www.instagram.com\/domsamucarestaurante\/\">Dom Samuca Bar e Restaurante<\/a> &#8211; <a href=\"https:\/\/maps.app.goo.gl\/6zACFHmekjztprKQ6\">Rua Volunt\u00e1rios da P\u00e1tria, 529 &#8211; Centro, Pelotas &#8211; RS, 96015-730<\/a><\/p>\n<p><a href=\"https:\/\/www.instagram.com\/unesushi\/?hl=pt\">UNE Sushi Restaurante Japon\u00eas<\/a> &#8211; <a href=\"https:\/\/maps.app.goo.gl\/dkFGU2hMwK4vZCNW6\">Rua Santa Cruz, 1502 &#8211; Centro, Pelotas &#8211; RS, 96015-710<\/a><\/p>\n<p><a href=\"https:\/\/www.instagram.com\/restaurantedgustus\/\">D&#8217; Gustus<\/a> &#8211; <a href=\"https:\/\/maps.app.goo.gl\/VYXmxk7iwRnpM4ki6\">Av. Ferreira Viana, 132 &#8211; Areal, Pelotas &#8211; RS, 96015-140<\/a><\/p>\n<p><a href=\"https:\/\/www.instagram.com\/restaurantebohrer\/\">Restaurante e Churrascaria Bohrer<\/a> &#8211; <a href=\"https:\/\/maps.app.goo.gl\/Xp5DaYUMpZXjxH1d9\">Rua Gen. Neto, 74 &#8211; Centro, Pelotas &#8211; RS, 96015-280<\/a><\/p>\n<p><a href=\"https:\/\/www.instagram.com\/parrillariasantacruz\/\">Parrillaria Santa Cruz<\/a> &#8211; <a href=\"https:\/\/maps.app.goo.gl\/SFcGk5UXwnB4mqNM9\">Rua Santa Cruz, 1208 &#8211; Centro, Pelotas &#8211; RS, 96015-710<\/a><\/p>\n<p><a href=\"https:\/\/www.instagram.com\/restaurante_cavalo_branco\/\">Restaurante Cavalo Branco<\/a> &#8211; <a href=\"https:\/\/maps.app.goo.gl\/zqpykCgyC13PqFV27\">Pra\u00e7a Sete de Julho, 179 &#8211; Centro, Pelotas &#8211; RS, 96020-012<\/a><\/p>\n<p><a href=\"https:\/\/www.instagram.com\/shanghayda7\/\">Shanghay<\/a> &#8211; <a href=\"https:\/\/maps.app.goo.gl\/jNwjLGEnVF7wNiZT6\">Rua 7 de Setembro, 257 &#8211; Centro, Pelotas &#8211; RS, 96015-300<\/a><\/p>\n<p><a href=\"https:\/\/www.instagram.com\/cruzdemaltarestaurante\/?hl=pt-br\">Restaurante Cruz de Malta<\/a> &#8211; <a href=\"https:\/\/maps.app.goo.gl\/2HiVdQW7eeu1gRCX9\">Parque Dom Ant\u00f4nio Zattera, 143 &#8211; Centro, Pelotas &#8211; RS, 96015-180<\/a><\/p>\n<p><a href=\"https:\/\/www.instagram.com\/vesuvio.oficial\/\">Ristorante Ves\u00favio<\/a> &#8211; <a href=\"https:\/\/maps.app.goo.gl\/e8CDatessdFPT8rbA\">Rua Marc\u00edlio Dias, 1090 &#8211; Centro, Pelotas &#8211; RS, 96020-480<\/a><\/p>\n<p><a href=\"https:\/\/www.instagram.com\/restauranteintervalo\/\">Restaurante Intervalo Altos do Laranjal<\/a> &#8211; <a href=\"https:\/\/maps.app.goo.gl\/yqNKG9XU3qxGUbds6\">Av. Adolfo Fetter, 3431 &#8211; Laranjal, Pelotas &#8211; RS, 96090-840<\/a><\/p>\n<p><a href=\"https:\/\/www.instagram.com\/elpaisanoparrillada\/\">Parrillada El Paisano<\/a> &#8211; <a href=\"https:\/\/maps.app.goo.gl\/8dhaqqb3z1t1maVs5\">Rua Mal. Deodoro, 1093C &#8211; Centro, Pelotas &#8211; RS, 96020-220<\/a><\/p>\n<p><a href=\"https:\/\/www.instagram.com\/librevegano\/\">Libre Caf\u00e9<\/a> &#8211; <a href=\"https:\/\/maps.app.goo.gl\/hLyqaj78V8KvuR8B7\">R. Alm. Barroso, 1781 &#8211; Centro, Pelotas &#8211; RS, 96010-150<\/a><\/p>\n<p><a href=\"https:\/\/www.facebook.com\/p\/Restaurante-La-Bodeguita-100057258857715\/\">Comida Caseira La Bodeguita<\/a> &#8211; <a href=\"https:\/\/maps.app.goo.gl\/mdzsFUDaHzRkm1MY8\">Rua Alm. Barroso, 1943 &#8211; Centro, Pelotas &#8211; RS, 96010-280<\/a><\/p>\n<p><a href=\"https:\/\/www.instagram.com\/batuvagrelhados\/\">Restaurante Grelhados Batuva<\/a> &#8211; <a href=\"https:\/\/maps.app.goo.gl\/qKJABjQCbEs8bUZK8\">Rua Gen. Os\u00f3rio, 454 &#8211; Centro, Pelotas &#8211; RS, 96020-000<\/a><\/p>\n<p><a href=\"https:\/\/www.instagram.com\/saboresdosul_pizzaria\/\">Restaurante &amp; Pizzaria Sabores do Sul<\/a> &#8211; <a href=\"https:\/\/maps.app.goo.gl\/7K8276qPZSyGMNMYA\">Rua Mal. Deodoro, 912 &#8211; Centro, Pelotas &#8211; RS, 96020-220<\/a><\/p>\n<p><a href=\"https:\/\/www.instagram.com\/agiberestaurante\/?hl=pt-br\">Restaurante Agibe<\/a> &#8211; <a href=\"https:\/\/maps.app.goo.gl\/ToWPGURR2eVo8fi87\">Rua Marc\u00edlio Dias, 1548 &#8211; Centro, Pelotas &#8211; RS, 96020-480<\/a><\/p>\n<p><a href=\"https:\/\/www.instagram.com\/dombomoficial\/\">Restaurante Dom Bom<\/a> &#8211; <a href=\"https:\/\/maps.app.goo.gl\/Zg5VhYfdsPuV9jRp6\">Pra\u00e7a Cel. Pedro Os\u00f3rio, 61a &#8211; Centro, Pelotas &#8211; RS, 96015-010<\/a><\/p>\n<p><a href=\"https:\/\/www.instagram.com\/takoomakase\/\">Tako Omakase Sushi Premium<\/a> &#8211; <a href=\"https:\/\/maps.app.goo.gl\/dA8LhLvjTC6CNvE58\">Rua Gon\u00e7alves Chaves, 426 &#8211; Centro, Pelotas &#8211; RS, 96015-560<\/a><\/p>\n<p><a href=\"https:\/\/www.instagram.com\/teiaecologica\/\">Restaurante Coop. Teia Ecol\u00f3gica<\/a> &#8211; <a href=\"https:\/\/maps.app.goo.gl\/fZD9Zk42HGvND9fC9\">Pra\u00e7a Cel. Pedro Os\u00f3rio, 63 &#8211; Centro, Pelotas &#8211; RS, 96015-010<\/a><\/p>\n<p><a href=\"https:\/\/www.instagram.com\/unelounge\/\">UNE Lounge<\/a> &#8211; <a href=\"https:\/\/maps.app.goo.gl\/3ZmUJrM6YTyHWjnk7\">Rua Giuseppe Garibaldi, 755 &#8211; Pelotas, RS, 96010-490<\/a><\/p>\n<p><a href=\"https:\/\/www.instagram.com\/usinademassasyakisoba\/\">Usina de Massas Yakisoba Pelotas <\/a>&#8211;\u00a0 <a href=\"https:\/\/maps.app.goo.gl\/n9p9gRcTj9AbevoL9\">Rua F\u00e9lix Xavier da Cunha, 509 &#8211; Centro, Pelotas &#8211; RS, 96010-000<\/a><\/p>\n<p>&nbsp;<\/p>\n<p><strong>CHURRASCARIAS E GALETERIAS<\/strong><\/p>\n<p><a href=\"https:\/\/www.instagram.com\/churrascariatradicao.pelotas\/\">Churrascaria Tradi\u00e7\u00e3o<\/a> &#8211; <a href=\"https:\/\/maps.app.goo.gl\/35MRiWvBE8ydyDad9\">Rua Bar\u00e3o de Santa Tecla, 755 &#8211; Centro, Pelotas &#8211; RS, 96075-000<\/a><\/p>\n<p><a href=\"https:\/\/www.instagram.com\/churrascarialobao\/\">Churrascaria Lob\u00e3o<\/a> &#8211; <a href=\"https:\/\/maps.app.goo.gl\/d3btS92E8LG5RJFE7\">Av. Bento Gon\u00e7alves, 3460 &#8211; Centro, Pelotas &#8211; RS, 96015-140<\/a><\/p>\n<p><a href=\"https:\/\/www.instagram.com\/marmoreiochurras\/\">Marmoreio<\/a> &#8211; <a href=\"https:\/\/maps.app.goo.gl\/Sf5hEXpkMkasNq4V6\">Av. Bento Gon\u00e7alves, 3267 A &#8211; Centro, Pelotas &#8211; RS, 96015-140<\/a><\/p>\n<p><a href=\"https:\/\/www.instagram.com\/elpaisanoparrillada\/\">Parrillada El Paisano<\/a> &#8211; <a href=\"https:\/\/maps.app.goo.gl\/8dhaqqb3z1t1maVs5\">Rua Mal. Deodoro, 1093C &#8211; Centro, Pelotas &#8211; RS, 96020-220<\/a><\/p>\n<p><a href=\"https:\/\/www.instagram.com\/vineriagj\/\">Restaurante e Parrilla Viner\u00eda Gran Jos\u00e9<\/a> &#8211; <a href=\"https:\/\/maps.app.goo.gl\/NoZmaPd4aj4HhEsm8\">Rua Gen. Os\u00f3rio, 1161 &#8211; Centro, Pelotas &#8211; RS, 96020-000<\/a><\/p>\n<p><a href=\"https:\/\/www.instagram.com\/galeteriapelotas\/\">Galeteria Pelotas<\/a> &#8211; <a href=\"https:\/\/maps.app.goo.gl\/JLXo4hDQWZd8xBAu8\">Rua Gon\u00e7alves Chaves, 1247 &#8211; Centro, Pelotas &#8211; RS, 96015-560<\/a><\/p>\n<p><a href=\"https:\/\/www.instagram.com\/piamopizzeria\/\">Vamo La Pizzaria &amp; Galeteria<\/a> &#8211; <a href=\"https:\/\/maps.app.goo.gl\/tVTv9d4AsHcR5Zt68\">Av. Bento Gon\u00e7alves, 151 &#8211; Centro, Pelotas &#8211; RS, 96015-000<\/a><\/p>\n<p>&nbsp;<\/p>\n<p><strong>A\u00c7A\u00cdTERIAS<\/strong><\/p>\n<p><a href=\"https:\/\/www.instagram.com\/acaidabarra.pelotas\/\">A\u00e7a\u00ed da Barra Pelotas<\/a> &#8211; <a href=\"https:\/\/maps.app.goo.gl\/QmWp6N3uXpWXZ8gq9\">Pra\u00e7a Conselheiro Maciel, 852 &#8211; Centro, Pelotas &#8211; RS, 96010-030<\/a><\/p>\n<p><a href=\"https:\/\/www.instagram.com\/thebest_acaipelotas\/\">The Best A\u00e7a\u00ed Pelotas<\/a> &#8211; <a href=\"https:\/\/maps.app.goo.gl\/KJ8v9SPB2yEf2EPj6\">Parque Dom Ant\u00f4nio Zattera, 133 &#8211; Centro, Pelotas &#8211; RS, 96015-180<\/a><\/p>\n<p><a href=\"https:\/\/www.instagram.com\/curtayoshake\/?hl=pt\">Yoshake<\/a> &#8211; <a href=\"https:\/\/maps.app.goo.gl\/sdaSzvp1UYPjKG8k9\">Rua Andrade Neves, 1995 &#8211; Centro, Pelotas &#8211; RS, 96020-080<\/a><\/p>\n","protected":false},"excerpt":{"rendered":"<p>Confira nossa sele\u00e7\u00e3o de onde comer na cidade. Reunimos aqui os principais restaurantes e cafeterias da regi\u00e3o para que voc\u00ea possa planejar sua alimenta\u00e7\u00e3o com conforto e qualidade durante os dias do evento. CAFETERIAS\u00a0 Caf\u00e9 Aqu\u00e1rios &#8211; Rua Quinze de&#8230; <a class=\"more-link\" href=\"https:\/\/wp.ufpel.edu.br\/vielbpgg\/restaurantes-e-cafes\/\">Continue lendo &rarr;<\/a><\/p>\n","protected":false},"author":1533,"featured_media":0,"parent":0,"menu_order":0,"comment_status":"closed","ping_status":"closed","template":"","meta":{"footnotes":""},"class_list":["post-46","page","type-page","status-publish","hentry"],"_links":{"self":[{"href":"https:\/\/wp.ufpel.edu.br\/vielbpgg\/wp-json\/wp\/v2\/pages\/46","targetHints":{"allow":["GET"]}}],"collection":[{"href":"https:\/\/wp.ufpel.edu.br\/vielbpgg\/wp-json\/wp\/v2\/pages"}],"about":[{"href":"https:\/\/wp.ufpel.edu.br\/vielbpgg\/wp-json\/wp\/v2\/types\/page"}],"author":[{"embeddable":true,"href":"https:\/\/wp.ufpel.edu.br\/vielbpgg\/wp-json\/wp\/v2\/users\/1533"}],"replies":[{"embeddable":true,"href":"https:\/\/wp.ufpel.edu.br\/vielbpgg\/wp-json\/wp\/v2\/comments?post=46"}],"version-history":[{"count":3,"href":"https:\/\/wp.ufpel.edu.br\/vielbpgg\/wp-json\/wp\/v2\/pages\/46\/revisions"}],"predecessor-version":[{"id":238,"href":"https:\/\/wp.ufpel.edu.br\/vielbpgg\/wp-json\/wp\/v2\/pages\/46\/revisions\/238"}],"wp:attachment":[{"href":"https:\/\/wp.ufpel.edu.br\/vielbpgg\/wp-json\/wp\/v2\/media?parent=46"}],"curies":[{"name":"wp","href":"https:\/\/api.w.org\/{rel}","templated":true}]}}