{"id":41,"date":"2025-12-29T19:04:27","date_gmt":"2025-12-29T22:04:27","guid":{"rendered":"https:\/\/wp.ufpel.edu.br\/vielbpgg\/?page_id=41"},"modified":"2026-04-08T15:47:39","modified_gmt":"2026-04-08T18:47:39","slug":"hospedagem","status":"publish","type":"page","link":"https:\/\/wp.ufpel.edu.br\/vielbpgg\/hospedagem\/","title":{"rendered":"Hospedagem"},"content":{"rendered":"<p><strong>Hot\u00e9is\u00a0<\/strong><\/p>\n<p><a href=\"https:\/\/www.instagram.com\/hotelcuri\/\">Hotel Curi Executive<\/a><\/p>\n<p><a href=\"https:\/\/maps.app.goo.gl\/2M3PDxMorNWBvw9BA\">R. Gen. Os\u00f3rio, 719 &#8211; Centro, Pelotas &#8211; RS, 96020-000<\/a><\/p>\n<p>(53) 3227-7377 \/\u00a0 (53) 3026-7171<\/p>\n<p><a href=\"http:\/\/www.hotelcuri.com.br\/\">http:\/\/www.hotelcuri.com.br\/<\/a><\/p>\n<p>&nbsp;<\/p>\n<p><a href=\"https:\/\/www.instagram.com\/mtowerhotel\/\">M. Tower Hotel<\/a><\/p>\n<p><a href=\"https:\/\/maps.app.goo.gl\/6dZcJHyV8JeqsP3a8\">R. F\u00e9lix Xavier da Cunha, 213 &#8211; Centro, Pelotas &#8211; RS, 96010-000<\/a><\/p>\n<p>(53) 3027.5500<\/p>\n<p><a href=\"https:\/\/mtowerhotel.com.br\/hot\">https:\/\/mtowerhotel.com.br\/hot<\/a><\/p>\n<p>&nbsp;<\/p>\n<p><a href=\"https:\/\/www.instagram.com\/ibis_pelotas\/\">Ibis<\/a><\/p>\n<p><a href=\"https:\/\/maps.app.goo.gl\/Mj5Ryd2pB2d4PVNX7\">Av. Dom Joaquim, 1458 &#8211; Tres Vendas, Pelotas &#8211; RS, 96020-260<\/a><\/p>\n<p><a href=\"http:\/\/www.ibispelotas.com.br\/\">http:\/\/www.ibispelotas.com.br\/<\/a><\/p>\n<p>&nbsp;<\/p>\n<p><a href=\"https:\/\/www.instagram.com\/jghoteis\/?hl=pt\">Hoteis Jacques Georges Tower<\/a><\/p>\n<p><a href=\"https:\/\/maps.app.goo.gl\/fYfrGQhXW3cvBTBG7\">R. Alm. Barroso, 2069 &#8211; Centro, Pelotas &#8211; RS, 96015-300<\/a><\/p>\n<p>(53) 3027-9100<\/p>\n<p><a href=\"https:\/\/jghotel.com.br\/\">https:\/\/jghotel.com.br\/<\/a><\/p>\n<p>&nbsp;<\/p>\n<p><a href=\"https:\/\/jghotel.com.br\/\">Hotel Jacques Georges Business<\/a><\/p>\n<p><a href=\"https:\/\/maps.app.goo.gl\/doAbGKRfK72A4BcY7\">R. Gon\u00e7alves Chaves, 512 &#8211; Centro, Pelotas &#8211; RS, 96015-560<\/a><\/p>\n<p>(53) 3284-9000<\/p>\n<p><a href=\"https:\/\/jghotel.com.br\/\">https:\/\/jghotel.com.br\/<\/a><\/p>\n<p>&nbsp;<\/p>\n<p><a href=\"https:\/\/www.instagram.com\/hotelmanta.pelotas\/\">Hotel Manta<\/a><\/p>\n<p><a href=\"https:\/\/maps.app.goo.gl\/YXMHzLjQJtC1XFyk8\">R. Gen. Neto, 1131 &#8211; Centro, Pelotas &#8211; RS, 96015-280<\/a><\/p>\n<p>(53) 3225- 2411<\/p>\n<p><a href=\"http:\/\/www.hoteismanta.com\/\">http:\/\/www.hoteismanta.com\/<\/a><\/p>\n<p>&nbsp;<\/p>\n<p><a href=\"https:\/\/www.instagram.com\/hotel_estoril\/\">Hotel Estoril<\/a><\/p>\n<p><a href=\"https:\/\/maps.app.goo.gl\/KDhvaMQMkN6xBh2Y9\">R. Gen. Os\u00f3rio, 718 &#8211; Centro, Pelotas &#8211; RS, 96020-000<\/a><\/p>\n<p>(53) 3225-0108<\/p>\n<p><a href=\"https:\/\/hotelestoril.net\/\">https:\/\/hotelestoril.net\/<\/a><\/p>\n<p>&nbsp;<\/p>\n<p><a href=\"https:\/\/www.instagram.com\/viageirocasahotel\/\">Viageiro Casa Hotel<\/a><\/p>\n<p><a href=\"https:\/\/maps.app.goo.gl\/skVQU41LFKTyKNPMA\">Av. Adolfo Fetter, 2994 &#8211; Recanto de Portugal, Pelotas &#8211; RS<\/a><\/p>\n<p>(53) 3278-4003<\/p>\n<p><a href=\"http:\/\/www.viageirohotel.com\/\">http:\/\/www.viageirohotel.com\/<\/a><\/p>\n<p>&nbsp;<\/p>\n<p class=\"ddb12f4f86 pp-header__title\"><a href=\"https:\/\/www.instagram.com\/hotelwestphal\/\">Hotel Westphal<\/a><\/p>\n<div class=\"b99b6ef58f cb4b7a25d9 b06461926f\"><a href=\"https:\/\/maps.app.goo.gl\/TUf6rCg9b7DGfVaK7\">Rua Quinze de Novembro, 311, Pelotas &#8211; RS<\/a><\/div>\n<p><span aria-label=\"Ligar para (53) 3278-2875\">(53) 3278-2875<\/span><\/p>\n<p>&nbsp;<\/p>\n<p class=\"ddb12f4f86 pp-header__title\"><a href=\"https:\/\/www.instagram.com\/hotelallesblau\/reels\/?__d=1%2F\">Hotel Alles Blau<\/a><\/p>\n<p><a href=\"https:\/\/maps.app.goo.gl\/hqaK4JzXxgwdayyD8\">Rua Sete de Setembro 354, Pelotas &#8211; RS<\/a><\/p>\n<p><span class=\"LrzXr zdqRlf kno-fv\"><span aria-label=\"Ligar para (53) 3222-2223\">(53) 3222-2223<\/span><\/span><\/p>\n<p class=\"ddb12f4f86 pp-header__title\"><a href=\"http:\/\/www.hotelallesblau.com.br\/\">http:\/\/www.hotelallesblau.com.br\/<\/a><\/p>\n<p>&nbsp;<\/p>\n<p class=\"ddb12f4f86 pp-header__title\"><a href=\"https:\/\/www.instagram.com\/pousadakrolow\/\">Pousada Krolow<\/a><\/p>\n<p><a href=\"https:\/\/maps.app.goo.gl\/JZhnhf7wuBEWDmWV8\">Av. Sen. Joaquim Augusto de Assump\u00e7\u00e3o, 90 &#8211; Laranjal Balne\u00e1rio Valverde, Pelotas &#8211; RS<\/a><\/p>\n<p><span aria-label=\"Ligar para (53) 98400-2240\">(53) 98400-2240<\/span><\/p>\n<p>&nbsp;<\/p>\n<p class=\"ddb12f4f86 pp-header__title\"><a href=\"https:\/\/www.instagram.com\/coimbrahotelpousada\/\">Coimbra Hotel Pousada<\/a><\/p>\n<div class=\"b99b6ef58f cb4b7a25d9 b06461926f\">\n<p><a href=\"https:\/\/maps.app.goo.gl\/SbAArCCp5U2K1XZTA\">Av. Fernando Os\u00f3rio, 5464 &#8211; Tr\u00eas Vendas, Pelotas &#8211; RS<\/a><\/p>\n<\/div>\n<div><span class=\"LrzXr zdqRlf kno-fv\"><span aria-label=\"Ligar para (53) 3273-7879\">(53) 3273-7879<\/span><\/span><\/div>\n<div><\/div>\n<div><a href=\"https:\/\/www.coimbrahotelpousada.com\/\">https:\/\/www.coimbrahotelpousada.com\/<\/a><\/div>\n<div><\/div>\n<div><\/div>\n","protected":false},"excerpt":{"rendered":"<p>Hot\u00e9is\u00a0 Hotel Curi Executive R. Gen. Os\u00f3rio, 719 &#8211; Centro, Pelotas &#8211; RS, 96020-000 (53) 3227-7377 \/\u00a0 (53) 3026-7171 http:\/\/www.hotelcuri.com.br\/ &nbsp; M. Tower Hotel R. F\u00e9lix Xavier da Cunha, 213 &#8211; Centro, Pelotas &#8211; RS, 96010-000 (53) 3027.5500 https:\/\/mtowerhotel.com.br\/hot &nbsp;&#8230; <a class=\"more-link\" href=\"https:\/\/wp.ufpel.edu.br\/vielbpgg\/hospedagem\/\">Continue lendo &rarr;<\/a><\/p>\n","protected":false},"author":1533,"featured_media":0,"parent":0,"menu_order":0,"comment_status":"closed","ping_status":"closed","template":"","meta":{"footnotes":""},"class_list":["post-41","page","type-page","status-publish","hentry"],"_links":{"self":[{"href":"https:\/\/wp.ufpel.edu.br\/vielbpgg\/wp-json\/wp\/v2\/pages\/41","targetHints":{"allow":["GET"]}}],"collection":[{"href":"https:\/\/wp.ufpel.edu.br\/vielbpgg\/wp-json\/wp\/v2\/pages"}],"about":[{"href":"https:\/\/wp.ufpel.edu.br\/vielbpgg\/wp-json\/wp\/v2\/types\/page"}],"author":[{"embeddable":true,"href":"https:\/\/wp.ufpel.edu.br\/vielbpgg\/wp-json\/wp\/v2\/users\/1533"}],"replies":[{"embeddable":true,"href":"https:\/\/wp.ufpel.edu.br\/vielbpgg\/wp-json\/wp\/v2\/comments?post=41"}],"version-history":[{"count":3,"href":"https:\/\/wp.ufpel.edu.br\/vielbpgg\/wp-json\/wp\/v2\/pages\/41\/revisions"}],"predecessor-version":[{"id":206,"href":"https:\/\/wp.ufpel.edu.br\/vielbpgg\/wp-json\/wp\/v2\/pages\/41\/revisions\/206"}],"wp:attachment":[{"href":"https:\/\/wp.ufpel.edu.br\/vielbpgg\/wp-json\/wp\/v2\/media?parent=41"}],"curies":[{"name":"wp","href":"https:\/\/api.w.org\/{rel}","templated":true}]}}