{"id":25,"date":"2025-12-29T18:54:18","date_gmt":"2025-12-29T21:54:18","guid":{"rendered":"https:\/\/wp.ufpel.edu.br\/vielbpgg\/?page_id=25"},"modified":"2025-12-30T09:46:55","modified_gmt":"2025-12-30T12:46:55","slug":"conheca-pelotas","status":"publish","type":"page","link":"https:\/\/wp.ufpel.edu.br\/vielbpgg\/conheca-pelotas\/","title":{"rendered":"Conhe\u00e7a Pelotas"},"content":{"rendered":"<p style=\"text-align: justify;\">O munic\u00edpio de Pelotas localiza-se na regi\u00e3o sul do estado do Rio Grande do Sul, encontra-se a 260km de Porto Alegre e possui uma popula\u00e7\u00e3o de mais de 325 mil habitantes, sendo o quarto munic\u00edpio mais populoso do estado.<\/p>\n<div id=\"attachment_27\" style=\"width: 410px\" class=\"wp-caption aligncenter\"><img loading=\"lazy\" decoding=\"async\" aria-describedby=\"caption-attachment-27\" class=\"size-medium wp-image-27\" src=\"https:\/\/wp.ufpel.edu.br\/vielbpgg\/files\/2025\/12\/centro-historico-pelotas-400x256.jpg\" alt=\"\" width=\"400\" height=\"256\" srcset=\"https:\/\/wp.ufpel.edu.br\/vielbpgg\/files\/2025\/12\/centro-historico-pelotas-400x256.jpg 400w, https:\/\/wp.ufpel.edu.br\/vielbpgg\/files\/2025\/12\/centro-historico-pelotas-1024x655.jpg 1024w, https:\/\/wp.ufpel.edu.br\/vielbpgg\/files\/2025\/12\/centro-historico-pelotas-768x491.jpg 768w, https:\/\/wp.ufpel.edu.br\/vielbpgg\/files\/2025\/12\/centro-historico-pelotas.jpg 1200w\" sizes=\"auto, (max-width: 400px) 100vw, 400px\" \/><p id=\"caption-attachment-27\" class=\"wp-caption-text\">Centro Hist\u00f3rico de Pelotas<\/p><\/div>\n<p style=\"text-align: justify;\">Quando se fala de Pelotas, muitas s\u00e3o as refer\u00eancias: o patrim\u00f4nio hist\u00f3rico, as charqueadas, os doces, as influ\u00eancias dos portugueses, dos negros e dos imigrantes; a Pelotas da Laguna dos Patos, das plan\u00edcies a perder de vista e da Serra de Sudeste; a Satolep, cidade imagin\u00e1ria da m\u00fasica e da fic\u00e7\u00e3o liter\u00e1ria; a Pelotas urbana e a Pelotas da \u201ccol\u00f4nia\u201d, entre tantas outras.<\/p>\n<p style=\"text-align: justify;\">Al\u00e9m disso, a cidade situa-se em um cen\u00e1rio privilegiado: o Estu\u00e1rio da Lagoa dos Patos. Esta regi\u00e3o representa uma \u00e1rea singular em escala mundial, devido aos seus processos naturais \u00fanicos. O estu\u00e1rio \u00e9 formado pelo encontro de uma das maiores lagunas do globo com o Oceano Atl\u00e2ntico, recebendo recursos h\u00eddricos fluviais, lacustres, lagunares e oce\u00e2nicos. Essa mistura cria um universo hidrol\u00f3gico \u00edmpar, onde a intera\u00e7\u00e3o entre a terra, a \u00e1gua e o ar sustenta uma rica biodiversidade e preserva registros de uma hist\u00f3ria geol\u00f3gica recente do planeta.<\/p>\n<div id=\"attachment_28\" style=\"width: 447px\" class=\"wp-caption aligncenter\"><img loading=\"lazy\" decoding=\"async\" aria-describedby=\"caption-attachment-28\" class=\"wp-image-28\" style=\"font-size: 16px;\" src=\"https:\/\/wp.ufpel.edu.br\/vielbpgg\/files\/2025\/12\/foto-Pelotas-01-400x196.jpeg\" alt=\"\" width=\"437\" height=\"214\" srcset=\"https:\/\/wp.ufpel.edu.br\/vielbpgg\/files\/2025\/12\/foto-Pelotas-01-400x196.jpeg 400w, https:\/\/wp.ufpel.edu.br\/vielbpgg\/files\/2025\/12\/foto-Pelotas-01-768x377.jpeg 768w, https:\/\/wp.ufpel.edu.br\/vielbpgg\/files\/2025\/12\/foto-Pelotas-01.jpeg 1024w\" sizes=\"auto, (max-width: 437px) 100vw, 437px\" \/><p id=\"caption-attachment-28\" class=\"wp-caption-text\">Vista da cidade de Pelotas e o Canal S\u00e3o Gon\u00e7alo<\/p><\/div>\n<p style=\"text-align: center;\">\n<p style=\"text-align: justify;\">O <strong>VI Encontro Luso-Brasileiro de Patrim\u00f4nio Geomorfol\u00f3gico e Geoconserva\u00e7\u00e3o<\/strong> ser\u00e1 uma excelente oportunidade para que os participantes conhe\u00e7am e explorarem um pouco mais as diferentes facetas deste munic\u00edpio e da regi\u00e3o.<\/p>\n<p style=\"text-align: center;\"><strong>Pelotas Cultural\u00a0<\/strong><\/p>\n<p style=\"text-align: justify;\">Pelotas possui um vasto patrim\u00f4nio arquitet\u00f4nico e cultural. Nesta se\u00e7\u00e3o, reunimos informa\u00e7\u00f5es sobre os principais museus e as hist\u00f3ricas Charqueadas, oferecendo aos participantes a oportunidade de conhecer a mem\u00f3ria da cidade e compreender o ciclo econ\u00f4mico que moldou a identidade da regi\u00e3o.<\/p>\n<div style=\"width: 492px\" class=\"wp-caption aligncenter\"><img loading=\"lazy\" decoding=\"async\" src=\"https:\/\/www.gov.br\/turismo\/pt-br\/centrais-de-conteudo\/20-09-2016-charqueada-sao-joao-pelotas-jpg\/@@images\/image\" alt=\"\" width=\"482\" height=\"273\" \/><p class=\"wp-caption-text\">Charqueada S\u00e3o Jo\u00e3o<\/p><\/div>\n<p style=\"text-align: center;\">\n<p>&nbsp;<\/p>\n<div style=\"width: 483px\" class=\"wp-caption aligncenter\"><img loading=\"lazy\" decoding=\"async\" src=\"https:\/\/ccs2.ufpel.edu.br\/wp\/wp-content\/uploads\/2020\/07\/museudodoce.jpg\" alt=\"\" width=\"473\" height=\"315\" \/><p class=\"wp-caption-text\">Museu do Doce<\/p><\/div>\n<p style=\"text-align: center;\">\n<p>&nbsp;<\/p>\n<p><strong>MUSEUS\u00a0<\/strong><\/p>\n<p>Museu do Doce &#8211; Casar\u00e3o 8 Pr. Cel. Pedro Os\u00f3rio, 8 &#8211; Centro, Pelotas &#8211; RS, 96010-150<\/p>\n<p>Museu de Ci\u00eancias Naturais Carlos Ritter Pr. Cel. Pedro Os\u00f3rio, 1 &#8211; Centro, Pelotas &#8211; RS, 96015-010<\/p>\n<p>MALG &#8211; Museu de Arte Leopoldo Gotuzzo Pra\u00e7a Sete de Julho, 180 &#8211; Centro, Pelotas &#8211; RS, 96020-010<\/p>\n<p>Museu do Saneamento Av. Saldanha Marinho, 67 &#8211; Centro, Pelotas &#8211; RS, 96020-370<\/p>\n<p>Pra\u00e7a Rio Branco Largo Portugal, 171-193 &#8211; Centro, Pelotas &#8211; RS, 96010-340<\/p>\n<p>Casar\u00e3o 6 Condom\u00ednio Edif\u00edcio Dom Augusto &#8211; Pr. Cel. Pedro Os\u00f3rio, 6 &#8211; Centro<\/p>\n<p>Museu da Baronesa Av. Domingos de Almeida, 1490 &#8211; Areal, Pelotas &#8211; RS, 96085-470<\/p>\n<p>Casar\u00e3o 2 &#8211; Secretaria de Cultura Pr. Cel. Pedro Os\u00f3rio &#8211; Centro, Pelotas &#8211; RS, 96010-150<\/p>\n<p>&nbsp;<\/p>\n<p><strong>CHARQUEADAS\u00a0<\/strong><\/p>\n<p>Charqueada S\u00e3o Jo\u00e3o &#8211; Estr. da Costa, 750 &#8211; Areal, Pelotas &#8211; RS, 96085-100<\/p>\n<p>Charqueada Boa Vista &#8211; Estr. da Granja, 1352 &#8211; Areal, Pelotas &#8211; RS, 96085-100<\/p>\n<p>Charqueada Santa Rita Pousada de Charme &#8211; Estr. da Costa, 200 &#8211; Areal, Pelotas &#8211; RS, 96085-100<\/p>\n<p>Pousada Charqueada Costa do Abolengo &#8211; Estr. da Costa, 1220 &#8211; Areal, Pelotas &#8211; RS, 96085-100<\/p>\n<p>Charqueada da Costa &#8211; Vila da Palha, Pelotas &#8211; RS<\/p>\n<p>Charqueada do Cascalho &#8211; Cascalho Abuchaim &#8211; Z\/3, Pelotas &#8211; RS<\/p>\n","protected":false},"excerpt":{"rendered":"<p>O munic\u00edpio de Pelotas localiza-se na regi\u00e3o sul do estado do Rio Grande do Sul, encontra-se a 260km de Porto Alegre e possui uma popula\u00e7\u00e3o de mais de 325 mil habitantes, sendo o quarto munic\u00edpio mais populoso do estado. Quando&#8230; <a class=\"more-link\" href=\"https:\/\/wp.ufpel.edu.br\/vielbpgg\/conheca-pelotas\/\">Continue lendo &rarr;<\/a><\/p>\n","protected":false},"author":1533,"featured_media":0,"parent":0,"menu_order":0,"comment_status":"closed","ping_status":"closed","template":"","meta":{"footnotes":""},"class_list":["post-25","page","type-page","status-publish","hentry"],"_links":{"self":[{"href":"https:\/\/wp.ufpel.edu.br\/vielbpgg\/wp-json\/wp\/v2\/pages\/25","targetHints":{"allow":["GET"]}}],"collection":[{"href":"https:\/\/wp.ufpel.edu.br\/vielbpgg\/wp-json\/wp\/v2\/pages"}],"about":[{"href":"https:\/\/wp.ufpel.edu.br\/vielbpgg\/wp-json\/wp\/v2\/types\/page"}],"author":[{"embeddable":true,"href":"https:\/\/wp.ufpel.edu.br\/vielbpgg\/wp-json\/wp\/v2\/users\/1533"}],"replies":[{"embeddable":true,"href":"https:\/\/wp.ufpel.edu.br\/vielbpgg\/wp-json\/wp\/v2\/comments?post=25"}],"version-history":[{"count":3,"href":"https:\/\/wp.ufpel.edu.br\/vielbpgg\/wp-json\/wp\/v2\/pages\/25\/revisions"}],"predecessor-version":[{"id":120,"href":"https:\/\/wp.ufpel.edu.br\/vielbpgg\/wp-json\/wp\/v2\/pages\/25\/revisions\/120"}],"wp:attachment":[{"href":"https:\/\/wp.ufpel.edu.br\/vielbpgg\/wp-json\/wp\/v2\/media?parent=25"}],"curies":[{"name":"wp","href":"https:\/\/api.w.org\/{rel}","templated":true}]}}