{"id":14,"date":"2025-12-29T19:09:49","date_gmt":"2025-12-29T22:09:49","guid":{"rendered":"https:\/\/wp.ufpel.edu.br\/vielbpgg\/?page_id=14"},"modified":"2026-04-06T14:56:45","modified_gmt":"2026-04-06T17:56:45","slug":"submissoes","status":"publish","type":"page","link":"https:\/\/wp.ufpel.edu.br\/vielbpgg\/submissoes\/","title":{"rendered":"Submiss\u00f5es"},"content":{"rendered":"<p>Os trabalhos completos dever\u00e3o ser submetidos para avalia\u00e7\u00e3o da Comiss\u00e3o Cient\u00edfica. Ser\u00e3o aceitas submiss\u00f5es em portugu\u00eas e espanhol.<\/p>\n<p>Modalidades de Apresenta\u00e7\u00e3o:<\/p>\n<ul>\n<li>Comunica\u00e7\u00e3o Oral<\/li>\n<li>P\u00f4ster<\/li>\n<\/ul>\n<p>Estrutura do Trabalho: Os artigos completos devem ter entre <strong>10 e 15 p\u00e1ginas<\/strong>, seguindo a estrutura padr\u00e3o: T\u00edtulo, Autores\/Afilia\u00e7\u00e3o, Resumo, Palavras-chave, Introdu\u00e7\u00e3o, Fundamenta\u00e7\u00e3o Te\u00f3rica, Metodologia, Resultados e Discuss\u00e3o, Considera\u00e7\u00f5es Finais e Refer\u00eancias.<\/p>\n<div class=\"flex flex-col text-sm pb-25\">\n<section class=\"text-token-text-primary w-full focus:outline-none [--shadow-height:45px] has-data-writing-block:pointer-events-none has-data-writing-block:-mt-(--shadow-height) has-data-writing-block:pt-(--shadow-height) [&amp;:has([data-writing-block])&gt;*]:pointer-events-auto scroll-mt-[calc(var(--header-height)+min(200px,max(70px,20svh)))]\" dir=\"auto\" data-turn-id=\"request-WEB:3a971520-2925-480d-ac80-76064a55f93a-12\" data-testid=\"conversation-turn-6\" data-scroll-anchor=\"true\" data-turn=\"assistant\">\n<div class=\"text-base my-auto mx-auto pb-10 [--thread-content-margin:var(--thread-content-margin-xs,calc(var(--spacing)*4))] @w-sm\/main:[--thread-content-margin:var(--thread-content-margin-sm,calc(var(--spacing)*6))] @w-lg\/main:[--thread-content-margin:var(--thread-content-margin-lg,calc(var(--spacing)*16))] px-(--thread-content-margin)\">\n<div class=\"[--thread-content-max-width:40rem] @w-lg\/main:[--thread-content-max-width:48rem] mx-auto max-w-(--thread-content-max-width) flex-1 group\/turn-messages focus-visible:outline-hidden relative flex w-full min-w-0 flex-col agent-turn\">\n<div class=\"flex max-w-full flex-col gap-4 grow\">\n<div class=\"min-h-8 text-message relative flex w-full flex-col items-end gap-2 text-start break-words whitespace-normal outline-none keyboard-focused:focus-ring [.text-message+&amp;]:mt-1\" dir=\"auto\" tabindex=\"0\" data-message-author-role=\"assistant\" data-message-id=\"06b0fb38-0976-463f-92fe-691628d85b93\" data-message-model-slug=\"gpt-5-3\" data-turn-start-message=\"true\">\n<div class=\"flex w-full flex-col gap-1 empty:hidden\">\n<div class=\"markdown prose dark:prose-invert w-full wrap-break-word light markdown-new-styling\">\n<p data-start=\"0\" data-end=\"125\" data-is-last-node=\"\" data-is-only-node=\"\">As submiss\u00f5es dever\u00e3o ser realizadas por meio da plataforma <span class=\"hover:entity-accent entity-underline inline cursor-pointer align-baseline\"><span class=\"whitespace-normal\">Even3<\/span><\/span>, por meio do seguinte link:\u00a0<a href=\"https:\/\/www.even3.com.br\/vi-encontro-luso-brasileiro-de-patrimonio-geomorfologico-e-geoconservacao-elbpgg-687882\/\">Submiss\u00f5es<\/a><\/p>\n<\/div>\n<\/div>\n<\/div>\n<\/div>\n<div class=\"z-0 flex min-h-[46px] justify-start\">Modelo para envio de artigos completos:\u00a0<a href=\"https:\/\/www.dropbox.com\/scl\/fi\/32d8g7lcz4uhl2avcu465\/template_VIELBPGGRIAP_PT.docx?rlkey=uvpbsk2yc5r4n649xgjsvndfx&amp;st=1w44ps3y&amp;dl=0\" target=\"_blank\" rel=\"noopener\">Template Portugu\u00eas<\/a><\/div>\n<\/div>\n<\/div>\n<\/section>\n<div><\/div>\n<section class=\"text-token-text-primary w-full focus:outline-none [--shadow-height:45px] has-data-writing-block:pointer-events-none has-data-writing-block:-mt-(--shadow-height) has-data-writing-block:pt-(--shadow-height) [&amp;:has([data-writing-block])&gt;*]:pointer-events-auto scroll-mt-[calc(var(--header-height)+min(200px,max(70px,20svh)))]\" dir=\"auto\" data-turn-id=\"request-WEB:3a971520-2925-480d-ac80-76064a55f93a-12\" data-testid=\"conversation-turn-6\" data-scroll-anchor=\"true\" data-turn=\"assistant\">\n<div class=\"text-base my-auto mx-auto pb-10 [--thread-content-margin:var(--thread-content-margin-xs,calc(var(--spacing)*4))] @w-sm\/main:[--thread-content-margin:var(--thread-content-margin-sm,calc(var(--spacing)*6))] @w-lg\/main:[--thread-content-margin:var(--thread-content-margin-lg,calc(var(--spacing)*16))] px-(--thread-content-margin)\">\n<div class=\"[--thread-content-max-width:40rem] @w-lg\/main:[--thread-content-max-width:48rem] mx-auto max-w-(--thread-content-max-width) flex-1 group\/turn-messages focus-visible:outline-hidden relative flex w-full min-w-0 flex-col agent-turn\">\n<div class=\"mt-3 w-full empty:hidden\">\n<div class=\"text-center\">&#8212;&#8212;&#8212;&#8212;&#8212;&#8212;&#8212;&#8212;&#8212;&#8212;&#8212;&#8212;&#8212;&#8212;&#8212;&#8212;&#8212;&#8212;&#8212;&#8212;&#8212;&#8212;&#8212;&#8212;&#8212;&#8212;&#8212;&#8212;&#8212;&#8212;&#8212;&#8212;&#8212;&#8212;&#8212;&#8212;&#8212;&#8212;&#8212;&#8212;&#8212;&#8212;&#8212;&#8212;&#8212;&#8212;&#8212;&#8212;&#8212;&#8212;&#8212;&#8212;&#8212;&#8212;&#8212;&#8212;&#8212;-<\/div>\n<div><\/div>\n<\/div>\n<\/div>\n<\/div>\n<\/section>\n<\/div>\n<p>Los trabajos completos deber\u00e1n ser sometidos a la evaluaci\u00f3n del Comit\u00e9 Cient\u00edfico. Se aceptar\u00e1n trabajos en portugu\u00e9s y espa\u00f1ol.<\/p>\n<p>Modalidades de Presentaci\u00f3n:<\/p>\n<ul>\n<li>Comunicaci\u00f3n Oral<\/li>\n<li>P\u00f3ster<\/li>\n<\/ul>\n<p>Estructura del Trabajo: Los art\u00edculos completos deben tener entre <strong>10 y 15 p\u00e1ginas<\/strong>, siguiendo la estructura est\u00e1ndar: T\u00edtulo, Autores\/Afiliaci\u00f3n, Resumen, Palabras clave, Introducci\u00f3n, Marco Te\u00f3rico, Metodolog\u00eda, Resultados y Discusi\u00f3n, Consideraciones Finales y Referencias.<\/p>\n<p>Las presentaciones deber\u00e1n realizarse a trav\u00e9s de la plataforma <span class=\"hover:entity-accent entity-underline inline cursor-pointer align-baseline\"><span class=\"whitespace-normal\">Even3<\/span><\/span>, mediante el siguiente enlace:\u00a0<a href=\"https:\/\/www.even3.com.br\/vi-encontro-luso-brasileiro-de-patrimonio-geomorfologico-e-geoconservacao-elbpgg-687882\/\">Env\u00edo<\/a><\/p>\n<p>Plantilla para el env\u00edo de art\u00edculos completos: <a href=\"https:\/\/www.dropbox.com\/scl\/fi\/7ov65wgfr5l8ugh6x2ke7\/PRIMEIRA_CIRCULAR_-ES.docx?rlkey=16y5yoezdvdl7w1edq45l55re&amp;st=lalmmssm&amp;dl=0\">Template Espa\u00f1ol<\/a><\/p>\n","protected":false},"excerpt":{"rendered":"<p>Os trabalhos completos dever\u00e3o ser submetidos para avalia\u00e7\u00e3o da Comiss\u00e3o Cient\u00edfica. Ser\u00e3o aceitas submiss\u00f5es em portugu\u00eas e espanhol. Modalidades de Apresenta\u00e7\u00e3o: Comunica\u00e7\u00e3o Oral P\u00f4ster Estrutura do Trabalho: Os artigos completos devem ter entre 10 e 15 p\u00e1ginas, seguindo a estrutura&#8230; <a class=\"more-link\" href=\"https:\/\/wp.ufpel.edu.br\/vielbpgg\/submissoes\/\">Continue lendo &rarr;<\/a><\/p>\n","protected":false},"author":1533,"featured_media":0,"parent":0,"menu_order":4,"comment_status":"closed","ping_status":"closed","template":"","meta":{"footnotes":""},"class_list":["post-14","page","type-page","status-publish","hentry"],"_links":{"self":[{"href":"https:\/\/wp.ufpel.edu.br\/vielbpgg\/wp-json\/wp\/v2\/pages\/14","targetHints":{"allow":["GET"]}}],"collection":[{"href":"https:\/\/wp.ufpel.edu.br\/vielbpgg\/wp-json\/wp\/v2\/pages"}],"about":[{"href":"https:\/\/wp.ufpel.edu.br\/vielbpgg\/wp-json\/wp\/v2\/types\/page"}],"author":[{"embeddable":true,"href":"https:\/\/wp.ufpel.edu.br\/vielbpgg\/wp-json\/wp\/v2\/users\/1533"}],"replies":[{"embeddable":true,"href":"https:\/\/wp.ufpel.edu.br\/vielbpgg\/wp-json\/wp\/v2\/comments?post=14"}],"version-history":[{"count":4,"href":"https:\/\/wp.ufpel.edu.br\/vielbpgg\/wp-json\/wp\/v2\/pages\/14\/revisions"}],"predecessor-version":[{"id":199,"href":"https:\/\/wp.ufpel.edu.br\/vielbpgg\/wp-json\/wp\/v2\/pages\/14\/revisions\/199"}],"wp:attachment":[{"href":"https:\/\/wp.ufpel.edu.br\/vielbpgg\/wp-json\/wp\/v2\/media?parent=14"}],"curies":[{"name":"wp","href":"https:\/\/api.w.org\/{rel}","templated":true}]}}