{"id":11,"date":"2025-12-30T09:37:35","date_gmt":"2025-12-30T12:37:35","guid":{"rendered":"https:\/\/wp.ufpel.edu.br\/vielbpgg\/?page_id=11"},"modified":"2026-03-31T14:43:27","modified_gmt":"2026-03-31T17:43:27","slug":"inscricao","status":"publish","type":"page","link":"https:\/\/wp.ufpel.edu.br\/vielbpgg\/inscricao\/","title":{"rendered":"Inscri\u00e7\u00e3o"},"content":{"rendered":"<p>As inscri\u00e7\u00f5es dever\u00e3o ser realizadas por meio da plataforma <span class=\"hover:entity-accent entity-underline inline cursor-pointer align-baseline\"><span class=\"whitespace-normal\">Even3<\/span><\/span>, a partir do link de acesso disponibilizado a seguir:\u00a0<a href=\"https:\/\/www.even3.com.br\/vi-encontro-luso-brasileiro-de-patrimonio-geomorfologico-e-geoconservacao-elbpgg-687882\/\" target=\"_blank\" rel=\"noopener\">Inscri\u00e7\u00f5es<\/a><\/p>\n<p><img loading=\"lazy\" decoding=\"async\" class=\" wp-image-179 aligncenter\" src=\"https:\/\/wp.ufpel.edu.br\/vielbpgg\/files\/2026\/03\/inscricoes-400x137.png\" alt=\"\" width=\"692\" height=\"237\" srcset=\"https:\/\/wp.ufpel.edu.br\/vielbpgg\/files\/2026\/03\/inscricoes-400x137.png 400w, https:\/\/wp.ufpel.edu.br\/vielbpgg\/files\/2026\/03\/inscricoes-600x205.png 600w, https:\/\/wp.ufpel.edu.br\/vielbpgg\/files\/2026\/03\/inscricoes.png 650w\" sizes=\"auto, (max-width: 692px) 100vw, 692px\" \/><\/p>\n<p>Obs: Os valores em euros s\u00e3o uma refer\u00eancia para participantes internacionais e podem variar<br \/>\nconforme a cota\u00e7\u00e3o do dia do pagamento.<\/p>\n<p>&nbsp;<\/p>\n","protected":false},"excerpt":{"rendered":"<p>As inscri\u00e7\u00f5es dever\u00e3o ser realizadas por meio da plataforma Even3, a partir do link de acesso disponibilizado a seguir:\u00a0Inscri\u00e7\u00f5es Obs: Os valores em euros s\u00e3o uma refer\u00eancia para participantes internacionais e podem variar conforme a cota\u00e7\u00e3o do dia do pagamento&#8230;. <a class=\"more-link\" href=\"https:\/\/wp.ufpel.edu.br\/vielbpgg\/inscricao\/\">Continue lendo &rarr;<\/a><\/p>\n","protected":false},"author":1533,"featured_media":0,"parent":0,"menu_order":3,"comment_status":"closed","ping_status":"closed","template":"","meta":{"footnotes":""},"class_list":["post-11","page","type-page","status-publish","hentry"],"_links":{"self":[{"href":"https:\/\/wp.ufpel.edu.br\/vielbpgg\/wp-json\/wp\/v2\/pages\/11","targetHints":{"allow":["GET"]}}],"collection":[{"href":"https:\/\/wp.ufpel.edu.br\/vielbpgg\/wp-json\/wp\/v2\/pages"}],"about":[{"href":"https:\/\/wp.ufpel.edu.br\/vielbpgg\/wp-json\/wp\/v2\/types\/page"}],"author":[{"embeddable":true,"href":"https:\/\/wp.ufpel.edu.br\/vielbpgg\/wp-json\/wp\/v2\/users\/1533"}],"replies":[{"embeddable":true,"href":"https:\/\/wp.ufpel.edu.br\/vielbpgg\/wp-json\/wp\/v2\/comments?post=11"}],"version-history":[{"count":4,"href":"https:\/\/wp.ufpel.edu.br\/vielbpgg\/wp-json\/wp\/v2\/pages\/11\/revisions"}],"predecessor-version":[{"id":181,"href":"https:\/\/wp.ufpel.edu.br\/vielbpgg\/wp-json\/wp\/v2\/pages\/11\/revisions\/181"}],"wp:attachment":[{"href":"https:\/\/wp.ufpel.edu.br\/vielbpgg\/wp-json\/wp\/v2\/media?parent=11"}],"curies":[{"name":"wp","href":"https:\/\/api.w.org\/{rel}","templated":true}]}}