{"id":34,"date":"2024-04-05T20:04:50","date_gmt":"2024-04-05T23:04:50","guid":{"rendered":"https:\/\/wp.ufpel.edu.br\/vieifi\/?page_id=34"},"modified":"2024-12-09T09:16:13","modified_gmt":"2024-12-09T12:16:13","slug":"equipe-organizadora","status":"publish","type":"page","link":"https:\/\/wp.ufpel.edu.br\/vieifi\/equipe-organizadora\/","title":{"rendered":"ORGANIZA\u00c7\u00c3O"},"content":{"rendered":"<p style=\"text-align: center;\"><strong>Docentes PPGH<\/strong><\/p>\n<p style=\"text-align: center;\"><span style=\"font-weight: 400;\">Aristeu Elisandro Machado Lopes<\/span><\/p>\n<p style=\"text-align: center;\"><span style=\"font-weight: 400;\">Alessandra Gasparotto<\/span><\/p>\n<p style=\"text-align: center;\"><span style=\"font-weight: 400;\">Bruno Rotta Almeida<\/span><\/p>\n<p style=\"text-align: center;\">Eliane\u00a0Cristina Deckmann\u00a0Fleck<\/p>\n<p style=\"text-align: center;\"><span style=\"font-weight: 400;\">Jonas Moreira Vargas<\/span><\/p>\n<p style=\"text-align: center;\"><strong>P\u00f3s-doutorando(a)<\/strong><\/p>\n<p style=\"text-align: center;\"><span style=\"font-weight: 400;\">Darlan De Mamann Marchi<\/span><\/p>\n<p style=\"text-align: center;\">Let\u00edcia\u00a0Sabina Wermeier\u00a0Krilow<\/p>\n<p style=\"text-align: center;\"><strong>Discentes<\/strong><\/p>\n<p style=\"text-align: center;\">Alexia Francis Peter Demari (Bacharelado em Hist\u00f3ria)<\/p>\n<p style=\"text-align: center;\">Ana Carolina Leite Silveira (Bacharelado em Hist\u00f3ria)<\/p>\n<p style=\"text-align: center;\">Ana Lucia Rockenbach Welter (Bacharelado em Hist\u00f3ria)<\/p>\n<p style=\"text-align: center;\">Andr\u00e9 Alves da Silva (Bacharelado em Hist\u00f3ria)<\/p>\n<p style=\"text-align: center;\">Bruno Coutinho Lucas Pereira (Mestrado em Hist\u00f3ria)<\/p>\n<p style=\"text-align: center;\">Camila Karam Horta (Bacharelado em Hist\u00f3ria)<\/p>\n<p style=\"text-align: center;\">Darlise Gon\u00e7alves de Gon\u00e7alves (Doutorado em Hist\u00f3ria)<\/p>\n<p style=\"text-align: center;\">Douglas Reisdorf (Doutorado em Hist\u00f3ria)<\/p>\n<p style=\"text-align: center;\">Dynael Fagundes Schiller (Bacharelado em Hist\u00f3ria)<\/p>\n<p style=\"text-align: center;\">Eduarda Winkel de Vasconcellos (Bacharelado em Hist\u00f3ria)<\/p>\n<p style=\"text-align: center;\">Eduarda Wille Zarnott (Mestrado em Hist\u00f3ria)<\/p>\n<p style=\"text-align: center;\">Euler Fabres Zanetti (Doutorado em Hist\u00f3ria)<\/p>\n<p style=\"text-align: center;\">Francine Sedrez Bunde (Bacharelado em Hist\u00f3ria)<\/p>\n<p style=\"text-align: center;\">Franciele Silva Soares (Licenciatura em Hist\u00f3ria)<\/p>\n<p style=\"text-align: center;\">Gabriela Dallazem Bisotto (Bacharelado em Hist\u00f3ria)<\/p>\n<p style=\"text-align: center;\">Geovani de Freitas Silva Filho (Bacharelado em Hist\u00f3ria)<\/p>\n<p style=\"text-align: center;\">Geza Lisiane Car\u00fas Guedes (Doutorado em Hist\u00f3ria)<\/p>\n<p style=\"text-align: center;\">Guilherme dos Santos Lysakowski (Licenciatura em Hist\u00f3ria)<\/p>\n<p style=\"text-align: center;\">Guilherme Susin Sirtoli (Doutorado em Hist\u00f3ria)<\/p>\n<p style=\"text-align: center;\">Isabelle Chaves (Mestrado em Hist\u00f3ria)<\/p>\n<p style=\"text-align: center;\">Janine Azevedo Barthimann Carvalho (Doutorado em Hist\u00f3ria)<\/p>\n<p style=\"text-align: center;\">Juliana \u00c1vila Pereira (Doutorado em Hist\u00f3ria)<\/p>\n<p style=\"text-align: center;\">J\u00falia Westphal Gomes (Licenciatura em Hist\u00f3ria)<\/p>\n<p style=\"text-align: center;\">Larissa Azevedo da Silva (Licenciatura em Hist\u00f3ria)<\/p>\n<p style=\"text-align: center;\">Laura Bergozza Pereira (Bacharelado em Hist\u00f3ria)<\/p>\n<p style=\"text-align: center;\">Leonardo da Silva Lopes (Licenciatura em Hist\u00f3ria)<\/p>\n<p style=\"text-align: center;\">Lilian Oliveira Trevisan Lima (Mestrado em Hist\u00f3ria)<\/p>\n<p style=\"text-align: center;\">L\u00f3ren Cantiliano Ximendes (Licenciatura em Hist\u00f3ria)<\/p>\n<p style=\"text-align: center;\">Lorenza Nachibar Lopes de Abreu (Bacharelado em Hist\u00f3ria)<\/p>\n<p style=\"text-align: center;\">Marcelo Martins Peres Junior (Licenciatura em Hist\u00f3ria)<\/p>\n<p style=\"text-align: center;\">Maria Portilho Bagesteiro (Mestrado em Hist\u00f3ria)<\/p>\n<p style=\"text-align: center;\">Maria Tereza Antunes de Oliveira (Bacharelado em Hist\u00f3ria)<\/p>\n<p style=\"text-align: center;\">Marina Ribeiro Cardoso (Mestrado em Hist\u00f3ria)<\/p>\n<p style=\"text-align: center;\">Mateus Jos\u00e9 da Silva Santos (Doutorado em Hist\u00f3ria)<\/p>\n<p style=\"text-align: center;\">Matheus Goulart Tanhote (Mestrado em Hist\u00f3ria)<\/p>\n<p style=\"text-align: center;\">Milene do Nascimento Pereira (Licenciatura em Hist\u00f3ria)<\/p>\n<p style=\"text-align: center;\">Paulo Rogel Pacheco de Oliveira Junior (Bacharelado em Hist\u00f3ria)<\/p>\n<p style=\"text-align: center;\">Rony Centeno Soares J\u00fanior (Bacharelado em Hist\u00f3ria)<\/p>\n<p style=\"text-align: center;\">Tamara Juriatti (Doutorado em Hist\u00f3ria)<\/p>\n<p style=\"text-align: center;\">Tarso dos Santos Ippolito (Bacharelado em Hist\u00f3ria)<\/p>\n<p style=\"text-align: center;\">Felipe Trentin Demiranda (Mestrado em Hist\u00f3ria)<\/p>\n<p>&nbsp;<\/p>\n","protected":false},"excerpt":{"rendered":"<p>Docentes PPGH Aristeu Elisandro Machado Lopes Alessandra Gasparotto Bruno Rotta Almeida Eliane\u00a0Cristina Deckmann\u00a0Fleck Jonas Moreira Vargas P\u00f3s-doutorando(a) Darlan De Mamann Marchi Let\u00edcia\u00a0Sabina Wermeier\u00a0Krilow Discentes Alexia Francis Peter Demari (Bacharelado em Hist\u00f3ria) Ana Carolina Leite Silveira (Bacharelado em Hist\u00f3ria) Ana Lucia Rockenbach Welter (Bacharelado em Hist\u00f3ria) Andr\u00e9 Alves da Silva (Bacharelado em Hist\u00f3ria) Bruno Coutinho Lucas [&hellip;]<\/p>\n","protected":false},"author":1007,"featured_media":0,"parent":0,"menu_order":0,"comment_status":"closed","ping_status":"closed","template":"","meta":{"footnotes":""},"class_list":["post-34","page","type-page","status-publish","hentry"],"_links":{"self":[{"href":"https:\/\/wp.ufpel.edu.br\/vieifi\/wp-json\/wp\/v2\/pages\/34","targetHints":{"allow":["GET"]}}],"collection":[{"href":"https:\/\/wp.ufpel.edu.br\/vieifi\/wp-json\/wp\/v2\/pages"}],"about":[{"href":"https:\/\/wp.ufpel.edu.br\/vieifi\/wp-json\/wp\/v2\/types\/page"}],"author":[{"embeddable":true,"href":"https:\/\/wp.ufpel.edu.br\/vieifi\/wp-json\/wp\/v2\/users\/1007"}],"replies":[{"embeddable":true,"href":"https:\/\/wp.ufpel.edu.br\/vieifi\/wp-json\/wp\/v2\/comments?post=34"}],"version-history":[{"count":8,"href":"https:\/\/wp.ufpel.edu.br\/vieifi\/wp-json\/wp\/v2\/pages\/34\/revisions"}],"predecessor-version":[{"id":285,"href":"https:\/\/wp.ufpel.edu.br\/vieifi\/wp-json\/wp\/v2\/pages\/34\/revisions\/285"}],"wp:attachment":[{"href":"https:\/\/wp.ufpel.edu.br\/vieifi\/wp-json\/wp\/v2\/media?parent=34"}],"curies":[{"name":"wp","href":"https:\/\/api.w.org\/{rel}","templated":true}]}}