{"id":214,"date":"2024-10-09T00:40:28","date_gmt":"2024-10-09T03:40:28","guid":{"rendered":"https:\/\/wp.ufpel.edu.br\/vieifi\/?page_id=214"},"modified":"2024-10-09T00:46:37","modified_gmt":"2024-10-09T03:46:37","slug":"lancamento-de-livros","status":"publish","type":"page","link":"https:\/\/wp.ufpel.edu.br\/vieifi\/lancamento-de-livros\/","title":{"rendered":"LAN\u00c7AMENTO DE LIVROS"},"content":{"rendered":"<p style=\"text-align: center;\">O evento de lan\u00e7amento de livros acontecer\u00e1 no dia 11\/12 das 17h \u00e0s 18h30 no sagu\u00e3o do CEHUS e da Biblioteca de Ci\u00eancias Sociais.<\/p>\n<p style=\"text-align: justify;\">Regras:<\/p>\n<p style=\"text-align: justify;\">1. As inscri\u00e7\u00f5es devem acontecer at\u00e9 25\/11\/2024.<\/p>\n<p style=\"text-align: justify;\">2. \u00c9 necess\u00e1rio ter realizado inscri\u00e7\u00e3o no evento (como apresentador ou ouvinte) para participar do lan\u00e7amento de livros.<\/p>\n<p style=\"text-align: justify;\">3. Poder\u00e3o ser submetidos lan\u00e7amentos de livros f\u00edsicos e e-books publicados entre 2023 e 2024.<\/p>\n<p style=\"text-align: justify;\">4. Para o lan\u00e7amento apenas no formato e-book o respons\u00e1vel pelo lan\u00e7amento dever\u00e1 levar notebook para sua apresenta\u00e7\u00e3o.<\/p>\n<p style=\"text-align: justify;\">5. A comiss\u00e3o organizadora n\u00e3o se responsabiliza pelo manuseio e transporte de qualquer material nos dias do evento. Ser\u00e1 disponibilizado no dia do evento: uma mesa e duas cadeiras e espa\u00e7o para divulga\u00e7\u00e3o no hor\u00e1rio estabelecido na programa\u00e7\u00e3o para lan\u00e7amento de livros.<\/p>\n<p style=\"text-align: justify;\">6. \u00c9 de total responsabilidade do(s) autor(es) a comercializa\u00e7\u00e3o dos livros lan\u00e7ados.<\/p>\n<p style=\"text-align: justify;\">Para inscri\u00e7\u00e3o do seu livro preencha o formul\u00e1rio no link: <a href=\"https:\/\/forms.gle\/eFRRacaZhQVwKMYv9\">https:\/\/forms.gle\/eFRRacaZhQVwKMYv9<\/a><\/p>\n","protected":false},"excerpt":{"rendered":"<p>O evento de lan\u00e7amento de livros acontecer\u00e1 no dia 11\/12 das 17h \u00e0s 18h30 no sagu\u00e3o do CEHUS e da Biblioteca de Ci\u00eancias Sociais. Regras: 1. As inscri\u00e7\u00f5es devem acontecer at\u00e9 25\/11\/2024. 2. \u00c9 necess\u00e1rio ter realizado inscri\u00e7\u00e3o no evento (como apresentador ou ouvinte) para participar do lan\u00e7amento de livros. 3. Poder\u00e3o ser submetidos lan\u00e7amentos [&hellip;]<\/p>\n","protected":false},"author":1007,"featured_media":0,"parent":0,"menu_order":0,"comment_status":"closed","ping_status":"closed","template":"","meta":{"footnotes":""},"class_list":["post-214","page","type-page","status-publish","hentry"],"_links":{"self":[{"href":"https:\/\/wp.ufpel.edu.br\/vieifi\/wp-json\/wp\/v2\/pages\/214","targetHints":{"allow":["GET"]}}],"collection":[{"href":"https:\/\/wp.ufpel.edu.br\/vieifi\/wp-json\/wp\/v2\/pages"}],"about":[{"href":"https:\/\/wp.ufpel.edu.br\/vieifi\/wp-json\/wp\/v2\/types\/page"}],"author":[{"embeddable":true,"href":"https:\/\/wp.ufpel.edu.br\/vieifi\/wp-json\/wp\/v2\/users\/1007"}],"replies":[{"embeddable":true,"href":"https:\/\/wp.ufpel.edu.br\/vieifi\/wp-json\/wp\/v2\/comments?post=214"}],"version-history":[{"count":2,"href":"https:\/\/wp.ufpel.edu.br\/vieifi\/wp-json\/wp\/v2\/pages\/214\/revisions"}],"predecessor-version":[{"id":217,"href":"https:\/\/wp.ufpel.edu.br\/vieifi\/wp-json\/wp\/v2\/pages\/214\/revisions\/217"}],"wp:attachment":[{"href":"https:\/\/wp.ufpel.edu.br\/vieifi\/wp-json\/wp\/v2\/media?parent=214"}],"curies":[{"name":"wp","href":"https:\/\/api.w.org\/{rel}","templated":true}]}}