{"id":19,"date":"2024-04-05T16:24:04","date_gmt":"2024-04-05T19:24:04","guid":{"rendered":"https:\/\/wp.ufpel.edu.br\/vieifi\/?page_id=19"},"modified":"2024-11-30T14:38:56","modified_gmt":"2024-11-30T17:38:56","slug":"programacao","status":"publish","type":"page","link":"https:\/\/wp.ufpel.edu.br\/vieifi\/programacao\/","title":{"rendered":"PROGRAMA\u00c7\u00c3O"},"content":{"rendered":"<p><strong>10\/12\/24 (ter\u00e7a-feira)<\/strong><\/p>\n<p><strong>8:30 \u00e0s 12:00 \u2013 <\/strong>Apresenta\u00e7\u00f5es de comunica\u00e7\u00f5es em Simp\u00f3sios Tem\u00e1ticos<\/p>\n<p><strong>12:00\u00a0\u00e0s 13:30 \u2013 <\/strong>Intervalo de almo\u00e7o<\/p>\n<p><strong>14:00 \u00e0s 17:00 \u2013 <\/strong>Mesa 1: <strong>G\u00eanero e feminismos<\/strong><\/p>\n<p><strong>Pensamento-a\u00e7\u00e3o de mulheres negras do sul do Brasil acerca do\/no p\u00f3s-aboli\u00e7\u00e3o<\/strong><\/p>\n<p>Dra. Fernanda Oliveira da Silva (UFRGS)<\/p>\n<p><strong>\u00a0<\/strong><strong>Hist\u00f3ria Oral de Vida e Movimento de Mulheridades\u00a0<\/strong><\/p>\n<p>Dra. Lauri Miranda Silva (IFRS- Campus Rolante)<\/p>\n<p><strong>17:00 \u00e0s 18:00 \u2013 <\/strong>Intervalo<\/p>\n<p><strong>18:00 \u2013 <\/strong>Abertura e apresenta\u00e7\u00e3o cultural &#8220;Am\u00e9rica Latina: suas lutas e seus amores&#8221; com Duglas Bessa e Hector Rojas.<\/p>\n<p><strong>19:30 \u2013 <\/strong>Confer\u00eancia<\/p>\n<p><strong>Historias convenientes: usos del pasado en la pol\u00edtica. Reflexiones para una cr\u00edtica contempor\u00e1nea.<\/strong><\/p>\n<p>Dr. Jos\u00e9 Rilla (Universidad de la Rep\u00fablica, Uruguay)<\/p>\n<p>&nbsp;<\/p>\n<p><strong>11\/12\/24 (quarta-feira)<\/strong><\/p>\n<p><strong>8:30 \u00e0s 12:00 \u2013 <\/strong>Apresenta\u00e7\u00f5es de comunica\u00e7\u00f5es em Simp\u00f3sios Tem\u00e1ticos<\/p>\n<p><strong>12:00 \u00e0s 13:30 \u2013 <\/strong>Intervalo de almo\u00e7o<\/p>\n<p><strong>14:00 \u00e0s 17:00 \u2013 <\/strong>Mesa 2: <strong>O Centen\u00e1rio da Coluna Prestes<\/strong><\/p>\n<p><strong>A Coluna Prestes Hoje<\/strong><\/p>\n<p>Dra. Anita Prestes (UFRJ) &#8211; Participa\u00e7\u00e3o virtual &#8211; s\u00edncrona<\/p>\n<p><strong>A forma\u00e7\u00e3o da Coluna Prestes na regi\u00e3o das Miss\u00f5es do Rio Grande do Sul<\/strong><\/p>\n<p>Dr. Amilcar Guidolim Vitor (IFFAR &#8211; Campus Santo \u00c2ngelo)<\/p>\n<p><strong>17:00 \u00e0s 18:30 \u2013 <\/strong>Lan\u00e7amentos de livros e apresenta\u00e7\u00e3o cultural com o Grupo de Chorinho Regional Vai e Vem.<\/p>\n<p><strong>19:00 \u2013 <\/strong>Confer\u00eancia<\/p>\n<p><strong>Trianon, cem anos depois: mem\u00f3ria e usos do passado pelas direitas radicais na Hungria<\/strong><\/p>\n<p>Dra. Janaina Martins Cordeiro (Universidade Federal Fluminense, Brasil)<\/p>\n<p>&nbsp;<\/p>\n<p><strong>12\/12\/24 (quinta-feira)<\/strong><\/p>\n<p><strong>8:30 \u00e0s 12:00 \u2013 <\/strong>Apresenta\u00e7\u00f5es de comunica\u00e7\u00f5es em Simp\u00f3sios Tem\u00e1ticos<\/p>\n<p><strong>12:00 \u00e0s 13:30 \u2013 <\/strong>Intervalo de almo\u00e7o<\/p>\n<p><strong>14:00 \u00e0s 17:00 \u2013 <\/strong>Mesa 3:<strong>\u00a060 anos do Golpe de 1964<\/strong><\/p>\n<p><strong>60 anos do golpe de 1964 e 10 anos da entrega do relat\u00f3rio da Comiss\u00e3o Nacional da Verdade: rememora\u00e7\u00f5es<\/strong><\/p>\n<p>Dra. Caroline Bauer (UFRGS)<\/p>\n<p><strong>As disputas pela musealiza\u00e7\u00e3o dos lugares de mem\u00f3ria traum\u00e1tica da ditadura no Brasil<\/strong><\/p>\n<p>Dra. Ana Paula Brito (USP\u00a0 e REBRAPESC &#8211; Rede Brasileira de Pesquisadores de S\u00edtios de Mem\u00f3ria e Consci\u00eancia)<\/p>\n<p><strong>17:00 \u00e0s 18:30 \u2013<\/strong> Intervalo<\/p>\n<p><strong>19:00 \u2013 <\/strong>Confer\u00eancia<\/p>\n<p><strong>\u00bfDictadura para qu\u00e9? Otras miradas a partir de la Historia y las memorias de los\/as trabajadores\/as<\/strong><\/p>\n<p>Dnda. Sabrina Alvarez Torres (Instituto de Historia- FHCE- Udelar &#8211; Uruguay)<\/p>\n<p><strong>20:30 \u2013<\/strong> Confraterniza\u00e7\u00e3o de encerramento com Samba de Dani e Dena.<\/p>\n<p>Local: Armaz\u00e9m do Campo Pelotas. Rua. Padre Anchieta, 1212 &#8211; Centro. (em frente \u00e0 Faculdade de Direito da UFPel)<\/p>\n","protected":false},"excerpt":{"rendered":"<p>10\/12\/24 (ter\u00e7a-feira) 8:30 \u00e0s 12:00 \u2013 Apresenta\u00e7\u00f5es de comunica\u00e7\u00f5es em Simp\u00f3sios Tem\u00e1ticos 12:00\u00a0\u00e0s 13:30 \u2013 Intervalo de almo\u00e7o 14:00 \u00e0s 17:00 \u2013 Mesa 1: G\u00eanero e feminismos Pensamento-a\u00e7\u00e3o de mulheres negras do sul do Brasil acerca do\/no p\u00f3s-aboli\u00e7\u00e3o Dra. Fernanda Oliveira da Silva (UFRGS) \u00a0Hist\u00f3ria Oral de Vida e Movimento de Mulheridades\u00a0 Dra. Lauri Miranda [&hellip;]<\/p>\n","protected":false},"author":1007,"featured_media":0,"parent":0,"menu_order":0,"comment_status":"closed","ping_status":"closed","template":"","meta":{"footnotes":""},"class_list":["post-19","page","type-page","status-publish","hentry"],"_links":{"self":[{"href":"https:\/\/wp.ufpel.edu.br\/vieifi\/wp-json\/wp\/v2\/pages\/19","targetHints":{"allow":["GET"]}}],"collection":[{"href":"https:\/\/wp.ufpel.edu.br\/vieifi\/wp-json\/wp\/v2\/pages"}],"about":[{"href":"https:\/\/wp.ufpel.edu.br\/vieifi\/wp-json\/wp\/v2\/types\/page"}],"author":[{"embeddable":true,"href":"https:\/\/wp.ufpel.edu.br\/vieifi\/wp-json\/wp\/v2\/users\/1007"}],"replies":[{"embeddable":true,"href":"https:\/\/wp.ufpel.edu.br\/vieifi\/wp-json\/wp\/v2\/comments?post=19"}],"version-history":[{"count":17,"href":"https:\/\/wp.ufpel.edu.br\/vieifi\/wp-json\/wp\/v2\/pages\/19\/revisions"}],"predecessor-version":[{"id":265,"href":"https:\/\/wp.ufpel.edu.br\/vieifi\/wp-json\/wp\/v2\/pages\/19\/revisions\/265"}],"wp:attachment":[{"href":"https:\/\/wp.ufpel.edu.br\/vieifi\/wp-json\/wp\/v2\/media?parent=19"}],"curies":[{"name":"wp","href":"https:\/\/api.w.org\/{rel}","templated":true}]}}