{"id":16,"date":"2024-04-05T16:20:07","date_gmt":"2024-04-05T19:20:07","guid":{"rendered":"https:\/\/wp.ufpel.edu.br\/vieifi\/?page_id=16"},"modified":"2025-03-05T20:51:21","modified_gmt":"2025-03-05T23:51:21","slug":"cronograma","status":"publish","type":"page","link":"https:\/\/wp.ufpel.edu.br\/vieifi\/cronograma\/","title":{"rendered":"CRONOGRAMA"},"content":{"rendered":"<p><span style=\"font-weight: 400;\"><strong>19\/04\/2024<\/strong> \u2013 Lan\u00e7amento do evento;<\/span><\/p>\n<p><span style=\"font-weight: 400;\"><strong>19\/04\/2024<\/strong> \u2013\u00a0 Divulga\u00e7\u00e3o dos Simp\u00f3sios Tem\u00e1ticos (STs);<\/span><\/p>\n<p><span style=\"font-weight: 400;\"><strong>20\/04\/2024 a 01\/08\/2024<\/strong> \u2013 Prazo para inscric\u0327a\u0303o de trabalho nos STs;<\/span><\/p>\n<p><strong>02\/08\/2024 a 12\/08\/2024<\/strong> &#8211; Prorroga\u00e7\u00e3o das inscri\u00e7\u00f5es de trabalho nos STs;<\/p>\n<p><span style=\"font-weight: 400;\"><strong>02\/08\/2024<\/strong> \u2013 Divulga\u00e7\u00e3o da Programa\u00e7\u00e3o de Mesas e Confer\u00eancias;<\/span><\/p>\n<p><span style=\"font-weight: 400;\"><strong>30\/08\/2024<\/strong> \u2013 Divulga\u00e7\u00e3o dos trabalhos aceitos;<\/span><\/p>\n<p><strong>01\/09\/2024 a 10\/09\/2024<\/strong> <span style=\"font-weight: 400;\"> \u2013<\/span><span style=\"font-weight: 400;\">\u00a0Envio das cartas de aceite;<\/span><\/p>\n<p><span style=\"font-weight: 400;\"><strong>01\/09\/2024 a 30\/09\/2024<\/strong> \u2013 Prazo para pagamento das inscri\u00e7\u00f5es;<\/span><\/p>\n<p><span style=\"font-weight: 400;\"><strong>04\/11\/2024<\/strong> \u2013 Divulga\u00e7\u00e3o da programa\u00e7\u00e3o dos STs;<\/span><\/p>\n<p><strong>10\/12\/2024 a 12\/12\/2024<\/strong> <span style=\"font-weight: 400;\">\u2013\u00a0<\/span>Realiza\u00e7\u00e3o do evento;<\/p>\n<p><strong>30\/03\/2025<\/strong>\u00a0<span style=\"font-weight: 400;\">\u2013<\/span> Prazo final para submiss\u00e3o dos textos completos.<\/p>\n","protected":false},"excerpt":{"rendered":"<p>19\/04\/2024 \u2013 Lan\u00e7amento do evento; 19\/04\/2024 \u2013\u00a0 Divulga\u00e7\u00e3o dos Simp\u00f3sios Tem\u00e1ticos (STs); 20\/04\/2024 a 01\/08\/2024 \u2013 Prazo para inscric\u0327a\u0303o de trabalho nos STs; 02\/08\/2024 a 12\/08\/2024 &#8211; Prorroga\u00e7\u00e3o das inscri\u00e7\u00f5es de trabalho nos STs; 02\/08\/2024 \u2013 Divulga\u00e7\u00e3o da Programa\u00e7\u00e3o de Mesas e Confer\u00eancias; 30\/08\/2024 \u2013 Divulga\u00e7\u00e3o dos trabalhos aceitos; 01\/09\/2024 a 10\/09\/2024 \u2013\u00a0Envio das cartas [&hellip;]<\/p>\n","protected":false},"author":1007,"featured_media":0,"parent":0,"menu_order":0,"comment_status":"closed","ping_status":"closed","template":"","meta":{"footnotes":""},"class_list":["post-16","page","type-page","status-publish","hentry"],"_links":{"self":[{"href":"https:\/\/wp.ufpel.edu.br\/vieifi\/wp-json\/wp\/v2\/pages\/16","targetHints":{"allow":["GET"]}}],"collection":[{"href":"https:\/\/wp.ufpel.edu.br\/vieifi\/wp-json\/wp\/v2\/pages"}],"about":[{"href":"https:\/\/wp.ufpel.edu.br\/vieifi\/wp-json\/wp\/v2\/types\/page"}],"author":[{"embeddable":true,"href":"https:\/\/wp.ufpel.edu.br\/vieifi\/wp-json\/wp\/v2\/users\/1007"}],"replies":[{"embeddable":true,"href":"https:\/\/wp.ufpel.edu.br\/vieifi\/wp-json\/wp\/v2\/comments?post=16"}],"version-history":[{"count":15,"href":"https:\/\/wp.ufpel.edu.br\/vieifi\/wp-json\/wp\/v2\/pages\/16\/revisions"}],"predecessor-version":[{"id":287,"href":"https:\/\/wp.ufpel.edu.br\/vieifi\/wp-json\/wp\/v2\/pages\/16\/revisions\/287"}],"wp:attachment":[{"href":"https:\/\/wp.ufpel.edu.br\/vieifi\/wp-json\/wp\/v2\/media?parent=16"}],"curies":[{"name":"wp","href":"https:\/\/api.w.org\/{rel}","templated":true}]}}