{"id":517,"date":"2015-03-30T11:39:23","date_gmt":"2015-03-30T14:39:23","guid":{"rendered":"https:\/\/wp.ufpel.edu.br\/veterinaria\/?page_id=517"},"modified":"2015-03-30T11:39:23","modified_gmt":"2015-03-30T14:39:23","slug":"ppgv","status":"publish","type":"page","link":"https:\/\/wp.ufpel.edu.br\/veterinaria\/pos-graduacao\/ppgv\/","title":{"rendered":"PPGV"},"content":{"rendered":"<p>Para acessar o site do Programa de P\u00f3s-Gradua\u00e7\u00e3o em Veterin\u00e1ria, clique <a href=\"https:\/\/wp.ufpel.edu.br\/ppgveterinaria\/\" target=\"_blank\"><strong>AQUI<\/strong><\/a>.<\/p>\n","protected":false},"excerpt":{"rendered":"<p>Para acessar o site do Programa de P\u00f3s-Gradua\u00e7\u00e3o em Veterin\u00e1ria, clique AQUI.<\/p>\n","protected":false},"author":381,"featured_media":0,"parent":181,"menu_order":1,"comment_status":"closed","ping_status":"closed","template":"","meta":{"footnotes":""},"class_list":["post-517","page","type-page","status-publish","hentry"],"_links":{"self":[{"href":"https:\/\/wp.ufpel.edu.br\/veterinaria\/wp-json\/wp\/v2\/pages\/517","targetHints":{"allow":["GET"]}}],"collection":[{"href":"https:\/\/wp.ufpel.edu.br\/veterinaria\/wp-json\/wp\/v2\/pages"}],"about":[{"href":"https:\/\/wp.ufpel.edu.br\/veterinaria\/wp-json\/wp\/v2\/types\/page"}],"author":[{"embeddable":true,"href":"https:\/\/wp.ufpel.edu.br\/veterinaria\/wp-json\/wp\/v2\/users\/381"}],"replies":[{"embeddable":true,"href":"https:\/\/wp.ufpel.edu.br\/veterinaria\/wp-json\/wp\/v2\/comments?post=517"}],"version-history":[{"count":2,"href":"https:\/\/wp.ufpel.edu.br\/veterinaria\/wp-json\/wp\/v2\/pages\/517\/revisions"}],"predecessor-version":[{"id":613,"href":"https:\/\/wp.ufpel.edu.br\/veterinaria\/wp-json\/wp\/v2\/pages\/517\/revisions\/613"}],"up":[{"embeddable":true,"href":"https:\/\/wp.ufpel.edu.br\/veterinaria\/wp-json\/wp\/v2\/pages\/181"}],"wp:attachment":[{"href":"https:\/\/wp.ufpel.edu.br\/veterinaria\/wp-json\/wp\/v2\/media?parent=517"}],"curies":[{"name":"wp","href":"https:\/\/api.w.org\/{rel}","templated":true}]}}