{"id":433,"date":"2014-09-09T11:24:24","date_gmt":"2014-09-09T14:24:24","guid":{"rendered":"https:\/\/wp.ufpel.edu.br\/veterinaria\/?page_id=433"},"modified":"2020-06-18T10:22:37","modified_gmt":"2020-06-18T13:22:37","slug":"colegiado-da-graduacao","status":"publish","type":"page","link":"https:\/\/wp.ufpel.edu.br\/veterinaria\/links\/colegiado-da-graduacao\/","title":{"rendered":"Colegiado da Gradua\u00e7\u00e3o"},"content":{"rendered":"<p>Para acessar a p\u00e1gina do Colegiado do Curso de Medicina Veterin\u00e1ria clique na seta<a href=\"https:\/\/wp.ufpel.edu.br\/medvet\/\" target=\"_blank\" rel=\"noopener noreferrer\"><img loading=\"lazy\" decoding=\"async\" class=\"alignnone  wp-image-386\" src=\"https:\/\/wp.ufpel.edu.br\/veterinaria\/files\/2014\/07\/setas_2544_Run2.png\" alt=\"setas_2544_Run2\" width=\"45\" height=\"45\" srcset=\"https:\/\/wp.ufpel.edu.br\/veterinaria\/files\/2014\/07\/setas_2544_Run2.png 256w, https:\/\/wp.ufpel.edu.br\/veterinaria\/files\/2014\/07\/setas_2544_Run2-159x159.png 159w\" sizes=\"auto, (max-width: 45px) 100vw, 45px\" \/><\/a><\/p>\n","protected":false},"excerpt":{"rendered":"<p>Para acessar a p\u00e1gina do Colegiado do Curso de Medicina Veterin\u00e1ria clique na seta<\/p>\n","protected":false},"author":381,"featured_media":0,"parent":195,"menu_order":0,"comment_status":"closed","ping_status":"closed","template":"","meta":{"footnotes":""},"class_list":["post-433","page","type-page","status-publish","hentry"],"_links":{"self":[{"href":"https:\/\/wp.ufpel.edu.br\/veterinaria\/wp-json\/wp\/v2\/pages\/433","targetHints":{"allow":["GET"]}}],"collection":[{"href":"https:\/\/wp.ufpel.edu.br\/veterinaria\/wp-json\/wp\/v2\/pages"}],"about":[{"href":"https:\/\/wp.ufpel.edu.br\/veterinaria\/wp-json\/wp\/v2\/types\/page"}],"author":[{"embeddable":true,"href":"https:\/\/wp.ufpel.edu.br\/veterinaria\/wp-json\/wp\/v2\/users\/381"}],"replies":[{"embeddable":true,"href":"https:\/\/wp.ufpel.edu.br\/veterinaria\/wp-json\/wp\/v2\/comments?post=433"}],"version-history":[{"count":5,"href":"https:\/\/wp.ufpel.edu.br\/veterinaria\/wp-json\/wp\/v2\/pages\/433\/revisions"}],"predecessor-version":[{"id":937,"href":"https:\/\/wp.ufpel.edu.br\/veterinaria\/wp-json\/wp\/v2\/pages\/433\/revisions\/937"}],"up":[{"embeddable":true,"href":"https:\/\/wp.ufpel.edu.br\/veterinaria\/wp-json\/wp\/v2\/pages\/195"}],"wp:attachment":[{"href":"https:\/\/wp.ufpel.edu.br\/veterinaria\/wp-json\/wp\/v2\/media?parent=433"}],"curies":[{"name":"wp","href":"https:\/\/api.w.org\/{rel}","templated":true}]}}